{"id":15249,"date":"2024-02-19T15:56:07","date_gmt":"2024-02-19T14:56:07","guid":{"rendered":"https:\/\/bunzyland.com\/product\/rabbit-collar-lemon\/"},"modified":"2025-10-06T16:54:59","modified_gmt":"2025-10-06T14:54:59","slug":"collarin-para-conejo-limon","status":"publish","type":"product","link":"https:\/\/www.bunzyland.com\/es\/producto\/collarin-para-conejo-limon\/","title":{"rendered":"Collar\u00edn para conejo &#8211; Lim\u00f3n"},"content":{"rendered":"<h2>Collar\u00edn para conejo: Adaptado a tu conejito<\/h2>\n<p>El <strong>collar\u00edn para conejo &#8211; Lim\u00f3n<\/strong> es un <strong>accesorio para conejo<\/strong> que ayuda a evitar que tu conejo toque una herida o se rasque despu\u00e9s de un procedimiento quir\u00fargico, como la esterilizaci\u00f3n, por ejemplo.<\/p>\n<p>De hecho, este <strong>accesorio para conejo<\/strong> crea una barrera que limita el acceso de tu peque\u00f1o compa\u00f1ero al resto de su cuerpo.<\/p>\n<p><img fetchpriority=\"high\" decoding=\"async\" class=\"alignnone wp-image-11341\" src=\"https:\/\/mon-lapinnain.com\/wp-content\/uploads\/2023\/04\/collerette-lapin-1.jpg\" alt=\"collar\u00edn para conejo\" width=\"600\" height=\"600\" \/><\/p>\n<p>Como puedes imaginar, gracias a este <strong>collar\u00edn para conejo<\/strong>, en caso de lesi\u00f3n, tu querido animal no podr\u00e1 rascarse ni mordisquear, y mucho menos empeorar la herida.<\/p>\n<h3>Un accesorio esencial para peque\u00f1os contratiempos<\/h3>\n<p>\u00a1Este <strong>collar\u00edn para conejo &#8211; Lim\u00f3n<\/strong> es muy f\u00e1cil de utilizar! Simplemente desl\u00edzalo sobre el cuello de tu conejo y aprieta el cord\u00f3n que lleva. Aseg\u00farate de dejar espacio suficiente para que no se ahogue, pero tambi\u00e9n para que no lo pierda.<\/p>\n<p>En cuanto a la est\u00e9tica, observa que este <strong>accesorio para conejo<\/strong> est\u00e1 hecho con una tela ultrasuave que contiene algod\u00f3n resistente para una m\u00e1xima comodidad.<\/p>\n<p><img decoding=\"async\" class=\"alignnone\" style=\"float: none\" src=\"https:\/\/monlapinnain.hellodr.tech\/wp-content\/uploads\/sites\/532\/2021\/02\/Colerette-veto-pour-lapin-nain-mon-lapin-nain_600x600.jpg?v=1609229922\" alt=\"collar\u00edn para conejo\" width=\"600\" height=\"600\" \/><\/p>\n<p>Ofrecido con un estampado colorido y divertido de limones amarillos sobre fondo azul turquesa, este <strong>collar\u00edn para conejo<\/strong> har\u00e1 que tu conejo sea el favorito en la consulta veterinaria \ud83d\ude42<\/p>\n<p>Por \u00faltimo, cabe se\u00f1alar que este tipo de <strong>accesorio para conejo<\/strong> es mucho m\u00e1s c\u00f3modo para ellos en comparaci\u00f3n con el collar\u00edn para gatos. Este \u00faltimo tiene forma de embudo de pl\u00e1stico, lo que puede dificultar la visi\u00f3n del animal y hacerle sentir inc\u00f3modo.<\/p>\n<p><b>Caracter\u00edsticas:<\/b><\/p>\n<ul>\n<li>Tama\u00f1o ajustable: hasta 19 cm (circunferencia del cuello del conejo)<\/li>\n<li>Color: estampado de lim\u00f3n<\/li>\n<li>Adecuado para conejos enanos, mini lops y conejos con una circunferencia de cuello de hasta 19 cm<\/li>\n<\/ul>\n<p>Para asegurar el bienestar y la comodidad de tu conejo, explora nuestra amplia gama de <a href=\"https:\/\/www.bunzyland.com\/es\/accesorios-conejos\/\">accesorios para conejo<\/a>, adaptados a todas sus necesidades.<\/p>\n","protected":false},"excerpt":{"rendered":"<ul>\n<li>Accesorio para conejo<\/li>\n<li>Ideal despu\u00e9s de la esterilizaci\u00f3n<\/li>\n<li>Antirascado<\/li>\n<\/ul>\n","protected":false},"featured_media":15250,"comment_status":"closed","ping_status":"closed","template":"","meta":{"_seopress_robots_primary_cat":"none","_seopress_titles_title":"","_seopress_titles_desc":"The rabbit collar - Lemon is a very important accessory to have so that your bunny does not scratch after an injury or surgery.","_seopress_robots_index":""},"product_brand":[],"product_cat":[278,296],"product_tag":[],"class_list":{"0":"post-15249","1":"product","2":"type-product","3":"status-publish","4":"has-post-thumbnail","6":"product_cat-accesorios-conejos","7":"product_cat-bunny-shop","8":"product_shipping_class-ok-mondial-relais","10":"first","11":"outofstock","12":"taxable","13":"shipping-taxable","14":"purchasable","15":"product-type-simple"},"_links":{"self":[{"href":"https:\/\/www.bunzyland.com\/es\/wp-json\/wp\/v2\/product\/15249","targetHints":{"allow":["GET"]}}],"collection":[{"href":"https:\/\/www.bunzyland.com\/es\/wp-json\/wp\/v2\/product"}],"about":[{"href":"https:\/\/www.bunzyland.com\/es\/wp-json\/wp\/v2\/types\/product"}],"replies":[{"embeddable":true,"href":"https:\/\/www.bunzyland.com\/es\/wp-json\/wp\/v2\/comments?post=15249"}],"wp:featuredmedia":[{"embeddable":true,"href":"https:\/\/www.bunzyland.com\/es\/wp-json\/wp\/v2\/media\/15250"}],"wp:attachment":[{"href":"https:\/\/www.bunzyland.com\/es\/wp-json\/wp\/v2\/media?parent=15249"}],"wp:term":[{"taxonomy":"product_brand","embeddable":true,"href":"https:\/\/www.bunzyland.com\/es\/wp-json\/wp\/v2\/product_brand?post=15249"},{"taxonomy":"product_cat","embeddable":true,"href":"https:\/\/www.bunzyland.com\/es\/wp-json\/wp\/v2\/product_cat?post=15249"},{"taxonomy":"product_tag","embeddable":true,"href":"https:\/\/www.bunzyland.com\/es\/wp-json\/wp\/v2\/product_tag?post=15249"}],"curies":[{"name":"wp","href":"https:\/\/api.w.org\/{rel}","templated":true}]}}