{"id":15255,"date":"2024-02-19T15:56:06","date_gmt":"2024-02-19T14:56:06","guid":{"rendered":"https:\/\/bunzyland.com\/product\/carrot-rabbit-bowl\/"},"modified":"2025-10-06T16:54:59","modified_gmt":"2025-10-06T14:54:59","slug":"cuenco-zanahoria-para-conejo","status":"publish","type":"product","link":"https:\/\/www.bunzyland.com\/es\/producto\/cuenco-zanahoria-para-conejo\/","title":{"rendered":"Cuenco zanahoria para conejo"},"content":{"rendered":"<h2>Un cuenco de zanahoria para conejos pr\u00e1ctico y elegante<\/h2>\n<p>El<strong> cuenco zanahoria para conejo<\/strong> es un<strong> cuenco para conejos<\/strong> \u00fatil que te permite mantener una dieta saludable y limpia para tu mascota peluda.<\/p>\n<p>Este <strong>accesorio para conejos<\/strong> est\u00e1 dise\u00f1ado para ayudarte a distribuir la cantidad adecuada de comida en cada comida, lo que puede ayudar a prevenir la obesidad y otros problemas de salud asociados con la sobrealimentaci\u00f3n.<\/p>\n<p><img fetchpriority=\"high\" decoding=\"async\" class=\"alignnone size-full wp-image-11549\" src=\"https:\/\/mon-lapinnain.com\/wp-content\/uploads\/2023\/04\/mangeoire-pour-lapin-nain_1.gif\" alt=\"\" width=\"288\" height=\"400\" \/><\/p>\n<p>Usar este<strong> cuenco de comida para conejo<\/strong> tambi\u00e9n puede ayudar a proteger a tu conejo de enfermedades al evitar que coma directamente del suelo. Con este<strong> comedero para conejo<\/strong>, puedes reducir el desperdicio de comida mientras mantienes a tu peque\u00f1o compa\u00f1ero a salvo de enfermedades e infecciones potenciales.<\/p>\n<h3>El cuenco diario perfecto para tu conejo<\/h3>\n<p>Este <strong>cuenco zanahoria para conejo<\/strong> tiene forma de zanahoria y est\u00e1 disponible en cuatro colores: ladrillo, rosa, rosa claro y verde. Su tama\u00f1o mediano y su dise\u00f1o profundo a\u00f1aden un toque chic al recinto de tu amigo peludo, d\u00e1ndole un lugar fijo para su comida. Cada vez que oiga mover su <strong>cuenco para conejos<\/strong>, sabr\u00e1 que es hora de comer.<\/p>\n<p><img decoding=\"async\" class=\"alignnone wp-image-11542\" src=\"https:\/\/mon-lapinnain.com\/wp-content\/uploads\/2023\/04\/Assiette-legume-pour-lapin.jpg\" alt=\"Cuenco zanahoria para conejo\" width=\"600\" height=\"600\" \/><\/p>\n<p>Hecho de pl\u00e1stico duro, este <strong>comedero para conejos<\/strong> es muy f\u00e1cil de limpiar y no requiere mantenimiento ni productos de limpieza especiales. Este <strong>comedor de conejo<\/strong> mejorar\u00e1 la comodidad de tu querido conejo en su recinto o fuera de \u00e9l, evitando que la comida se derrame por todas partes.<\/p>\n<p><img decoding=\"async\" class=\"alignnone wp-image-11547\" src=\"https:\/\/mon-lapinnain.com\/wp-content\/uploads\/2023\/04\/mangeoires-lapin-ot.jpg\" alt=\"Comedero para conejo Zanahoria\" width=\"600\" height=\"600\" \/><\/p>\n<p><b>Especificaciones:<\/b><\/p>\n<ul>\n<li>Material: Pl\u00e1stico duro<\/li>\n<li>Tama\u00f1o: 28cm x 17cm<\/li>\n<li>Modelo: Zanahoria<\/li>\n<li>Color: Naranja ladrillo<\/li>\n<\/ul>\n<p><img loading=\"lazy\" decoding=\"async\" class=\"alignnone wp-image-11544\" src=\"https:\/\/mon-lapinnain.com\/wp-content\/uploads\/2023\/04\/mangeoire-lapin-taille.jpg\" alt=\"Comedero para conejo Zanahoria tama\u00f1o\" width=\"600\" height=\"600\" \/><\/p>\n","protected":false},"excerpt":{"rendered":"<ul>\n<li>Accesorios para conejos<\/li>\n<li>Cuenco<\/li>\n<\/ul>\n","protected":false},"featured_media":15256,"comment_status":"closed","ping_status":"closed","template":"","meta":{"_seopress_robots_primary_cat":"none","_seopress_titles_title":"","_seopress_titles_desc":"The carrot rabbit bowl is an ideal accessory for managing the quantities and feeding of your pet. It's the ideal rabbit feeder for your little pet !","_seopress_robots_index":""},"product_brand":[],"product_cat":[278,296,299],"product_tag":[],"class_list":{"0":"post-15255","1":"product","2":"type-product","3":"status-publish","4":"has-post-thumbnail","6":"product_cat-accesorios-conejos","7":"product_cat-bunny-shop","8":"product_cat-offers","10":"first","11":"instock","12":"sale","13":"taxable","14":"shipping-taxable","15":"purchasable","16":"product-type-simple"},"_links":{"self":[{"href":"https:\/\/www.bunzyland.com\/es\/wp-json\/wp\/v2\/product\/15255","targetHints":{"allow":["GET"]}}],"collection":[{"href":"https:\/\/www.bunzyland.com\/es\/wp-json\/wp\/v2\/product"}],"about":[{"href":"https:\/\/www.bunzyland.com\/es\/wp-json\/wp\/v2\/types\/product"}],"replies":[{"embeddable":true,"href":"https:\/\/www.bunzyland.com\/es\/wp-json\/wp\/v2\/comments?post=15255"}],"wp:featuredmedia":[{"embeddable":true,"href":"https:\/\/www.bunzyland.com\/es\/wp-json\/wp\/v2\/media\/15256"}],"wp:attachment":[{"href":"https:\/\/www.bunzyland.com\/es\/wp-json\/wp\/v2\/media?parent=15255"}],"wp:term":[{"taxonomy":"product_brand","embeddable":true,"href":"https:\/\/www.bunzyland.com\/es\/wp-json\/wp\/v2\/product_brand?post=15255"},{"taxonomy":"product_cat","embeddable":true,"href":"https:\/\/www.bunzyland.com\/es\/wp-json\/wp\/v2\/product_cat?post=15255"},{"taxonomy":"product_tag","embeddable":true,"href":"https:\/\/www.bunzyland.com\/es\/wp-json\/wp\/v2\/product_tag?post=15255"}],"curies":[{"name":"wp","href":"https:\/\/api.w.org\/{rel}","templated":true}]}}