{"id":15293,"date":"2024-02-19T15:56:00","date_gmt":"2024-02-19T14:56:00","guid":{"rendered":"https:\/\/bunzyland.com\/product\/rabbit-castle\/"},"modified":"2025-10-06T16:55:00","modified_gmt":"2025-10-06T14:55:00","slug":"castillo-para-conejos","status":"publish","type":"product","link":"https:\/\/www.bunzyland.com\/es\/producto\/castillo-para-conejos\/","title":{"rendered":"Castillo para conejos"},"content":{"rendered":"<h2>Castillo para conejos: un refugio majestuoso para tu mascota<\/h2>\n<p>Ofrece a tu adorable conejo un reino digno de su majestad con nuestro <strong>Castillo para Conejos<\/strong>. Esta <strong>casita de madera<\/strong> est\u00e1 dise\u00f1ada para dar a tu conejito un lugar donde descansar y explorar. M\u00e1s que una simple <strong>casa para conejos<\/strong>, este <strong>castillo<\/strong> es un aut\u00e9ntico palacio real, proporcionando a tu conejo un lugar donde puede reinar a sus anchas.<\/p>\n<p><img fetchpriority=\"high\" decoding=\"async\" class=\"alignnone wp-image-15997\" src=\"https:\/\/mon-lapinnain.com\/wp-content\/uploads\/2024\/01\/Cabane-pour-lapin.png\" alt=\"Casa para conejos\" width=\"600\" height=\"600\" \/><\/p>\n<p>Imag\u00ednalo explorando los muchos rincones y recovecos de este <strong>castillo para conejos<\/strong>, interpretando el papel de gobernante benevolente de su peque\u00f1o reino. Cada detalle de este <strong>escondite<\/strong> ha sido pensado para asegurar la felicidad y el bienestar de tu mascota. A los conejos les encanta esconderse dentro, donde se sienten seguros y pueden descansar tranquilamente.<\/p>\n<h3>Una casa divertida para conejos<\/h3>\n<p>Nuestro <strong>Castillo para Conejos<\/strong> no es solo una <strong>casa para conejos<\/strong>; es un verdadero parque de juegos que estimula la imaginaci\u00f3n y la actividad de tu compa\u00f1ero. Gracias a su rampa de acceso, fomenta la exploraci\u00f3n y la aventura, invitando a tu conejo a trepar y descubrir su entorno.<\/p>\n<p><img decoding=\"async\" class=\"alignnone wp-image-15996\" src=\"https:\/\/mon-lapinnain.com\/wp-content\/uploads\/2024\/01\/Cabane-pour-lapin-en-bois.png\" alt=\"Castillo de madera para conejos\" width=\"600\" height=\"600\" \/><\/p>\n<p>Este castillo tambi\u00e9n sirve como una <strong>casita para conejos<\/strong> donde puede descansar y recargar energ\u00edas con total tranquilidad. Es el lugar perfecto para el descanso y la relajaci\u00f3n, pero tambi\u00e9n para la exploraci\u00f3n y la diversi\u00f3n.<\/p>\n<p>La seguridad es primordial en el dise\u00f1o de nuestro <strong>castillo para conejos<\/strong>. Los materiales utilizados son no t\u00f3xicos y resistentes, garantizando un entorno seguro para tu mascota. Adem\u00e1s, su estructura robusta resiste los saltos y juegos m\u00e1s en\u00e9rgicos.<\/p>\n<p><img decoding=\"async\" class=\"alignnone wp-image-15995\" src=\"https:\/\/mon-lapinnain.com\/wp-content\/uploads\/2024\/01\/Cabane-lapin.png\" alt=\"castillo para conejos\" width=\"600\" height=\"600\" \/><\/p>\n<p><strong>Caracter\u00edsticas :<\/strong><\/p>\n<ul>\n<li><strong>Materiales:<\/strong> Madera ligera<\/li>\n<li><strong>Tama\u00f1o:<\/strong> Perfecto para un conejo enano o de orejas ca\u00eddas (casita sin rampa: An 28cm x Al 25cm )<\/li>\n<li><strong>Extra:<\/strong> Incluye un coj\u00edn suave (f\u00e1cil de lavar)<\/li>\n<\/ul>\n","protected":false},"excerpt":{"rendered":"<ul>\n<li>Caba\u00f1a de madera para conejos<\/li>\n<li>Ideal para proteger tu territorio<\/li>\n<li>El escondite perfecto<\/li>\n<\/ul>\n","protected":false},"featured_media":15294,"comment_status":"closed","ping_status":"closed","template":"","meta":{"_seopress_robots_primary_cat":"none","_seopress_titles_title":"","_seopress_titles_desc":"The Rabbit Castle is the ideal cabin for your rabbit. This wooden rabbit house is the ideal place for a nap and to keep an eye on things.","_seopress_robots_index":""},"product_brand":[],"product_cat":[296,272],"product_tag":[],"class_list":{"0":"post-15293","1":"product","2":"type-product","3":"status-publish","4":"has-post-thumbnail","6":"product_cat-bunny-shop","7":"product_cat-casa-conejos","8":"product_shipping_class-ok-mondial-relais","10":"first","11":"instock","12":"taxable","13":"shipping-taxable","14":"purchasable","15":"product-type-simple"},"_links":{"self":[{"href":"https:\/\/www.bunzyland.com\/es\/wp-json\/wp\/v2\/product\/15293","targetHints":{"allow":["GET"]}}],"collection":[{"href":"https:\/\/www.bunzyland.com\/es\/wp-json\/wp\/v2\/product"}],"about":[{"href":"https:\/\/www.bunzyland.com\/es\/wp-json\/wp\/v2\/types\/product"}],"replies":[{"embeddable":true,"href":"https:\/\/www.bunzyland.com\/es\/wp-json\/wp\/v2\/comments?post=15293"}],"wp:featuredmedia":[{"embeddable":true,"href":"https:\/\/www.bunzyland.com\/es\/wp-json\/wp\/v2\/media\/15294"}],"wp:attachment":[{"href":"https:\/\/www.bunzyland.com\/es\/wp-json\/wp\/v2\/media?parent=15293"}],"wp:term":[{"taxonomy":"product_brand","embeddable":true,"href":"https:\/\/www.bunzyland.com\/es\/wp-json\/wp\/v2\/product_brand?post=15293"},{"taxonomy":"product_cat","embeddable":true,"href":"https:\/\/www.bunzyland.com\/es\/wp-json\/wp\/v2\/product_cat?post=15293"},{"taxonomy":"product_tag","embeddable":true,"href":"https:\/\/www.bunzyland.com\/es\/wp-json\/wp\/v2\/product_tag?post=15293"}],"curies":[{"name":"wp","href":"https:\/\/api.w.org\/{rel}","templated":true}]}}