{"id":15304,"date":"2024-02-19T15:56:00","date_gmt":"2024-02-19T14:56:00","guid":{"rendered":"https:\/\/bunzyland.com\/product\/rabbit-hay-rack-xl\/"},"modified":"2025-10-06T16:55:00","modified_gmt":"2025-10-06T14:55:00","slug":"soporte-para-heno-de-conejo-xl","status":"publish","type":"product","link":"https:\/\/www.bunzyland.com\/es\/producto\/soporte-para-heno-de-conejo-xl\/","title":{"rendered":"Soporte para heno de conejo XL"},"content":{"rendered":"<h2>Soporte para heno de conejo XL: el accesorio ideal para los gourmets<\/h2>\n<p>\u00a1Nuestro <strong>soporte para heno de conejo<\/strong> XL es la soluci\u00f3n perfecta para los conejos a los que les encanta llenarse de heno! Con su gran tama\u00f1o, este <strong>soporte para heno de conejo<\/strong> asegura que tu mascota siempre tenga suficiente heno fresco para picar. No m\u00e1s recargas frecuentes: este <strong>comedero para conejos<\/strong> puede contener una gran cantidad de heno, siendo ideal para conejos glotones o para varios conejos.<\/p>\n<p><img fetchpriority=\"high\" decoding=\"async\" class=\"alignnone wp-image-16008\" src=\"https:\/\/mon-lapinnain.com\/wp-content\/uploads\/2024\/01\/Ratelier-foin-lapin-grand.png\" alt=\"Soporte para heno de conejo grande\" width=\"600\" height=\"600\" \/><\/p>\n<p>Este <strong>dispensador de heno para conejos<\/strong> no solo es grande, sino que tambi\u00e9n es incre\u00edblemente pr\u00e1ctico. Su dise\u00f1o abierto da a tu conejo f\u00e1cil acceso al heno, manteni\u00e9ndolo bien aireado y seco. Es el <strong>accesorio para conejos<\/strong> ideal para mantener una higiene impecable en su espacio vital, ya que reduce el desperdicio y el desorden.<\/p>\n<p><img decoding=\"async\" class=\"alignnone wp-image-16007\" src=\"https:\/\/mon-lapinnain.com\/wp-content\/uploads\/2024\/01\/Mangeoire-lapin-ratelier.png\" alt=\"Comedero para conejos\" width=\"600\" height=\"600\" \/><\/p>\n<h3>Un dispensador de heno para conejos pr\u00e1ctico y f\u00e1cil de usar<\/h3>\n<p>Fabricado en madera resistente, este <strong>soporte para heno de conejo XL<\/strong> est\u00e1 hecho para durar. Resiste los dientes curiosos y mantiene a tu conejo seguro mientras come. Adem\u00e1s, su elegante dise\u00f1o de madera combina perfectamente con el recinto de tu conejo, a\u00f1adiendo un encantador toque r\u00fastico.<\/p>\n<p><img decoding=\"async\" class=\"alignnone wp-image-16006\" src=\"https:\/\/mon-lapinnain.com\/wp-content\/uploads\/2024\/01\/Ratelier-lapin.png\" alt=\"Comedero para conejos\" width=\"600\" height=\"600\" \/><\/p>\n<p>Este <strong>accesorio para conejos<\/strong> es f\u00e1cil de llenar con heno. Simplemente levanta el techo del refugio y coloca el <strong>heno<\/strong> dentro. \u00a1As\u00ed de f\u00e1cil! Incluso puedes quitar el techo si lo deseas.<\/p>\n<p><strong>Caracter\u00edsticas :<\/strong><\/p>\n<ul>\n<li><strong>Materiales:<\/strong> Madera natural, resistente y sin tratar.<\/li>\n<li><strong>Tama\u00f1o:<\/strong> An 42cm x L 32cm x Al 33cm (perfecto para conejos de todos los tama\u00f1os e incluso varios conejos)<\/li>\n<li><strong>Dise\u00f1o:<\/strong> F\u00e1cil de llenar y limpiar<\/li>\n<\/ul>\n","protected":false},"excerpt":{"rendered":"<ul>\n<li>Accesorio para conejos<\/li>\n<li>Tambi\u00e9n adecuado para varios conejos<\/li>\n<li>Gran soporte de madera<\/li>\n<\/ul>\n","protected":false},"featured_media":15305,"comment_status":"closed","ping_status":"closed","template":"","meta":{"_seopress_robots_primary_cat":"none","_seopress_titles_title":"","_seopress_titles_desc":"The XL Rabbit Hay Rack is the ideal accessory to have in your bunny's living space. This rabbit feeder is practical, large and sturdy.","_seopress_robots_index":""},"product_brand":[],"product_cat":[278,296,281],"product_tag":[],"class_list":{"0":"post-15304","1":"product","2":"type-product","3":"status-publish","4":"has-post-thumbnail","6":"product_cat-accesorios-conejos","7":"product_cat-bunny-shop","8":"product_cat-comedero-heno-conejos","9":"product_shipping_class-ok-mondial-relais","11":"first","12":"outofstock","13":"taxable","14":"shipping-taxable","15":"purchasable","16":"product-type-simple"},"_links":{"self":[{"href":"https:\/\/www.bunzyland.com\/es\/wp-json\/wp\/v2\/product\/15304","targetHints":{"allow":["GET"]}}],"collection":[{"href":"https:\/\/www.bunzyland.com\/es\/wp-json\/wp\/v2\/product"}],"about":[{"href":"https:\/\/www.bunzyland.com\/es\/wp-json\/wp\/v2\/types\/product"}],"replies":[{"embeddable":true,"href":"https:\/\/www.bunzyland.com\/es\/wp-json\/wp\/v2\/comments?post=15304"}],"wp:featuredmedia":[{"embeddable":true,"href":"https:\/\/www.bunzyland.com\/es\/wp-json\/wp\/v2\/media\/15305"}],"wp:attachment":[{"href":"https:\/\/www.bunzyland.com\/es\/wp-json\/wp\/v2\/media?parent=15304"}],"wp:term":[{"taxonomy":"product_brand","embeddable":true,"href":"https:\/\/www.bunzyland.com\/es\/wp-json\/wp\/v2\/product_brand?post=15304"},{"taxonomy":"product_cat","embeddable":true,"href":"https:\/\/www.bunzyland.com\/es\/wp-json\/wp\/v2\/product_cat?post=15304"},{"taxonomy":"product_tag","embeddable":true,"href":"https:\/\/www.bunzyland.com\/es\/wp-json\/wp\/v2\/product_tag?post=15304"}],"curies":[{"name":"wp","href":"https:\/\/api.w.org\/{rel}","templated":true}]}}