{"id":15313,"date":"2024-02-19T15:55:59","date_gmt":"2024-02-19T14:55:59","guid":{"rendered":"https:\/\/bunzyland.com\/product\/boho-rabbit-tunnel\/"},"modified":"2025-10-06T16:55:00","modified_gmt":"2025-10-06T14:55:00","slug":"tunel-boho-para-conejos","status":"publish","type":"product","link":"https:\/\/www.bunzyland.com\/es\/producto\/tunel-boho-para-conejos\/","title":{"rendered":"T\u00fanel boho para conejos"},"content":{"rendered":"<h2>T\u00fanel para conejos Boho: Un parque de juegos con estilo bohemio<\/h2>\n<p>Nuestro <strong>T\u00fanel boho para conejos<\/strong> es una verdadera invitaci\u00f3n a la aventura para tu conejo. Combinando un encantador dise\u00f1o bohemio con funcionalidad l\u00fadica, este <strong>t\u00fanel<\/strong> es el lugar perfecto para que tu conejo juegue, explore y se relaje. Su color suave y neutro a\u00f1ade un toque natural al espacio de tu conejo, mientras estimula su inter\u00e9s y curiosidad.<\/p>\n<p><img fetchpriority=\"high\" decoding=\"async\" class=\"alignnone wp-image-16013\" src=\"https:\/\/mon-lapinnain.com\/wp-content\/uploads\/2024\/01\/Tunnel-pour-lapin-Boho.png\" alt=\"T\u00fanel boho para conejos\" width=\"600\" height=\"600\" \/><\/p>\n<p>Este <strong>juguete para conejos<\/strong> no es solo un objeto decorativo, sino un fant\u00e1stico parque de juegos para tu peque\u00f1o explorador. A los conejos les encanta pasar por t\u00faneles, lo que lo convierte en una excelente manera de animarles a hacer ejercicio y mantenerse activos. Este <strong>t\u00fanel para conejos<\/strong> ofrece una experiencia gratificante, estimula la imaginaci\u00f3n de tu conejo y fomenta una exploraci\u00f3n sana y divertida.<\/p>\n<h3>Un juguete divertido y amigable para conejos<\/h3>\n<p>Adem\u00e1s de ser un excelente <strong>juguete para conejos<\/strong>, este <strong>T\u00fanel boho para conejos<\/strong> garantiza la seguridad y comodidad de tu mascota. Fabricado con materiales suaves y resistentes, ofrece un refugio seguro y c\u00f3modo para que tu conejo descanse despu\u00e9s de un d\u00eda de aventuras. La estructura del t\u00fanel para conejos est\u00e1 dise\u00f1ada para atraer a los conejos, garantizando muchas horas de diversi\u00f3n.<\/p>\n<p>Este <a href=\"https:\/\/www.bunzyland.com\/es\/juguetes-conejos\/\"><strong>juguete para conejos<\/strong><\/a> es el regalo perfecto para estimular la actividad y la imaginaci\u00f3n de tu conejo, a\u00f1adiendo al mismo tiempo un toque de estilo a su espacio.<\/p>\n<p><strong>Caracter\u00edsticas:<\/strong><\/p>\n<ul>\n<li><strong>Materiales:<\/strong> material vegetal (lino)<\/li>\n<li><strong>Tama\u00f1o:<\/strong> 50 cm de largo<\/li>\n<li><strong>Dise\u00f1o:<\/strong> estilo boho chic<\/li>\n<\/ul>\n","protected":false},"excerpt":{"rendered":"<ul>\n<li>Juguete para conejos<\/li>\n<li>Divertido y entretenido<\/li>\n<li>Aspecto natural<\/li>\n<\/ul>\n","protected":false},"featured_media":15314,"comment_status":"closed","ping_status":"closed","template":"","meta":{"_seopress_robots_primary_cat":"none","_seopress_titles_title":"","_seopress_titles_desc":"The Boho Bunny Tunnel is the ideal game for fun and exploration. Your bunny will love hiding in it. It's the perfect bunny toy!","_seopress_robots_index":""},"product_brand":[],"product_cat":[296,269,285],"product_tag":[],"class_list":{"0":"post-15313","1":"product","2":"type-product","3":"status-publish","4":"has-post-thumbnail","6":"product_cat-bunny-shop","7":"product_cat-juguetes-conejos","8":"product_cat-tunel-conejos","9":"product_shipping_class-ok-mondial-relais","11":"first","12":"outofstock","13":"taxable","14":"shipping-taxable","15":"purchasable","16":"product-type-simple"},"_links":{"self":[{"href":"https:\/\/www.bunzyland.com\/es\/wp-json\/wp\/v2\/product\/15313","targetHints":{"allow":["GET"]}}],"collection":[{"href":"https:\/\/www.bunzyland.com\/es\/wp-json\/wp\/v2\/product"}],"about":[{"href":"https:\/\/www.bunzyland.com\/es\/wp-json\/wp\/v2\/types\/product"}],"replies":[{"embeddable":true,"href":"https:\/\/www.bunzyland.com\/es\/wp-json\/wp\/v2\/comments?post=15313"}],"wp:featuredmedia":[{"embeddable":true,"href":"https:\/\/www.bunzyland.com\/es\/wp-json\/wp\/v2\/media\/15314"}],"wp:attachment":[{"href":"https:\/\/www.bunzyland.com\/es\/wp-json\/wp\/v2\/media?parent=15313"}],"wp:term":[{"taxonomy":"product_brand","embeddable":true,"href":"https:\/\/www.bunzyland.com\/es\/wp-json\/wp\/v2\/product_brand?post=15313"},{"taxonomy":"product_cat","embeddable":true,"href":"https:\/\/www.bunzyland.com\/es\/wp-json\/wp\/v2\/product_cat?post=15313"},{"taxonomy":"product_tag","embeddable":true,"href":"https:\/\/www.bunzyland.com\/es\/wp-json\/wp\/v2\/product_tag?post=15313"}],"curies":[{"name":"wp","href":"https:\/\/api.w.org\/{rel}","templated":true}]}}