{"id":15328,"date":"2024-02-19T15:55:59","date_gmt":"2024-02-19T14:55:59","guid":{"rendered":"https:\/\/bunzyland.com\/product\/cocooning-rabbit-house\/"},"modified":"2025-10-06T16:55:00","modified_gmt":"2025-10-06T14:55:00","slug":"casa-acogedora-para-conejos","status":"publish","type":"product","link":"https:\/\/www.bunzyland.com\/es\/producto\/casa-acogedora-para-conejos\/","title":{"rendered":"Casa acogedora para conejos"},"content":{"rendered":"<h2>Una casa acogedora para el bienestar de tu conejo<\/h2>\n<p>\u00a1Descubre esta joya, la <strong>casa acogedora para conejos<\/strong>! Es la elecci\u00f3n ideal para ofrecerle a tu conejo un espacio personal y c\u00f3modo. Con su dise\u00f1o a rayas y su material suave, esta <strong>caba\u00f1a<\/strong> es perfecta para el descanso y la relajaci\u00f3n de tu conejo. Es un verdadero capullo de suavidad donde tu peque\u00f1o podr\u00e1 acurrucarse, esconderse y sentirse seguro.<\/p>\n<p>La <strong>caba\u00f1a para conejos<\/strong> es lo suficientemente espaciosa para que tu conejo se estire y se relaje, pero lo bastante compacta para caber f\u00e1cilmente en su espacio de vida. La gran apertura permite una f\u00e1cil entrada y salida de tu conejo, fomentando su independencia y exploraci\u00f3n. Tu conejo se sentir\u00e1 seguro y protegido dentro, y har\u00e1 sus mejores siestas ah\u00ed \ud83e\udd23<\/p>\n<h3>Una casita divertida para los amantes de los conejos<\/h3>\n<p>Esta encantadora <strong>casa acogedora para conejos<\/strong> est\u00e1 dise\u00f1ada con especial atenci\u00f3n al detalle. \u00a1Con sus orejitas de conejo en la parte superior y su peque\u00f1o pomp\u00f3n blanco, es irresistible para los fans de los conejitos como nosotros! Puedes colocarla f\u00e1cilmente en el recinto de tu conejo o en tu sal\u00f3n.<br \/>\nEl <strong>escondite para conejos<\/strong> tambi\u00e9n es f\u00e1cil de limpiar, garantizando un mantenimiento r\u00e1pido y sencillo.<\/p>\n<p>Nuestra <strong>casa para conejos<\/strong> es la elecci\u00f3n ideal para ofrecer a tu mascota un lugar c\u00f3modo para descansar, y al mismo tiempo a\u00f1adir un toque de alegr\u00eda a tu hogar.<\/p>\n<p><strong>Caracter\u00edsticas:<\/strong><\/p>\n<p><strong>Material:<\/strong> tejido suave<br \/>\n<strong>Tama\u00f1o:<\/strong> Ancho 23 x Largo 32 x Alto 30cm<br \/>\n<strong>Dise\u00f1o:<\/strong> Rayado con orejas de conejo<br \/>\n<strong>El coj\u00edn es lavable a m\u00e1quina<\/strong><\/p>\n","protected":false},"excerpt":{"rendered":"<ul>\n<li>Caba\u00f1a para conejo con coj\u00edn confortable<\/li>\n<li>Escondite acogedor ideal<\/li>\n<li>Dise\u00f1o adorable<\/li>\n<\/ul>\n","protected":false},"featured_media":15329,"comment_status":"closed","ping_status":"closed","template":"","meta":{"_seopress_robots_primary_cat":"none","_seopress_titles_title":"","_seopress_titles_desc":"La Maison pour lapin cocooning sera le lieu de repos pr\u00e9f\u00e9r\u00e9 de votre lapinou. Cette cabane lapin est id\u00e9al pour des sieste bien m\u00e9rit\u00e9es.","_seopress_robots_index":""},"product_brand":[],"product_cat":[296,272],"product_tag":[],"class_list":{"0":"post-15328","1":"product","2":"type-product","3":"status-publish","4":"has-post-thumbnail","6":"product_cat-bunny-shop","7":"product_cat-casa-conejos","8":"product_shipping_class-ok-mondial-relais","10":"first","11":"instock","12":"taxable","13":"shipping-taxable","14":"purchasable","15":"product-type-simple"},"_links":{"self":[{"href":"https:\/\/www.bunzyland.com\/es\/wp-json\/wp\/v2\/product\/15328","targetHints":{"allow":["GET"]}}],"collection":[{"href":"https:\/\/www.bunzyland.com\/es\/wp-json\/wp\/v2\/product"}],"about":[{"href":"https:\/\/www.bunzyland.com\/es\/wp-json\/wp\/v2\/types\/product"}],"replies":[{"embeddable":true,"href":"https:\/\/www.bunzyland.com\/es\/wp-json\/wp\/v2\/comments?post=15328"}],"wp:featuredmedia":[{"embeddable":true,"href":"https:\/\/www.bunzyland.com\/es\/wp-json\/wp\/v2\/media\/15329"}],"wp:attachment":[{"href":"https:\/\/www.bunzyland.com\/es\/wp-json\/wp\/v2\/media?parent=15328"}],"wp:term":[{"taxonomy":"product_brand","embeddable":true,"href":"https:\/\/www.bunzyland.com\/es\/wp-json\/wp\/v2\/product_brand?post=15328"},{"taxonomy":"product_cat","embeddable":true,"href":"https:\/\/www.bunzyland.com\/es\/wp-json\/wp\/v2\/product_cat?post=15328"},{"taxonomy":"product_tag","embeddable":true,"href":"https:\/\/www.bunzyland.com\/es\/wp-json\/wp\/v2\/product_tag?post=15328"}],"curies":[{"name":"wp","href":"https:\/\/api.w.org\/{rel}","templated":true}]}}