{"id":15333,"date":"2024-02-19T15:55:58","date_gmt":"2024-02-19T14:55:58","guid":{"rendered":"https:\/\/bunzyland.com\/product\/fun-rabbit-ball\/"},"modified":"2025-10-06T16:55:01","modified_gmt":"2025-10-06T14:55:01","slug":"pelota-divertida-para-conejo","status":"publish","type":"product","link":"https:\/\/www.bunzyland.com\/es\/producto\/pelota-divertida-para-conejo\/","title":{"rendered":"Pelota divertida para conejo"},"content":{"rendered":"<h2>El globo divertido para conejo<\/h2>\n<p>El <strong>Globo para Conejo<\/strong> juguet\u00f3n es el <strong>juguete perfecto<\/strong> para llevar un arco\u00edris de alegr\u00eda a la vida de tu conejo. Este <strong>peluche multicolor<\/strong> no solo es atractivo, sino que tambi\u00e9n es incre\u00edblemente divertido para empujar, masticar y perseguir. Su dise\u00f1o colorido y su textura suave est\u00e1n especialmente pensados para captar la atenci\u00f3n de tu conejo y estimular su deseo de jugar.<\/p>\n<p>Este <a href=\"https:\/\/www.bunzyland.com\/es\/juguetes-conejos\/\"><strong>juguete para conejo<\/strong><\/a> es el accesorio ideal para fomentar la actividad f\u00edsica y mental de tu compa\u00f1ero. Los conejos son naturalmente curiosos y en\u00e9rgicos, y esta <strong>pelota para conejo<\/strong> es una excelente manera de canalizar su energ\u00eda hacia la actividad l\u00fadica. Ayuda a prevenir el aburrimiento y mantiene a tu conejo activo y feliz, \u00a1as\u00ed que menos travesuras en el horizonte!<\/p>\n<h3>Un juego irresistible para conejos<\/h3>\n<p>\u00a1Este <strong>juguete para conejos<\/strong> no s\u00f3lo es estimulante, sino que adem\u00e1s resulta sorprendentemente irresistible para los conejos! \u00a1Esta <strong>pelota divertida para conejos<\/strong> podr\u00eda convertirse en el \u00abamante\u00bb de tu conejo! S\u00ed, lo has le\u00eddo bien. Parece que los conejos tienen una debilidad por subirse a este tipo de juguetes. Puede parecer curioso, pero es una forma saludable de gastar su energ\u00eda y evitar la frustraci\u00f3n, mucho mejor que atacar a otro animal o arriesgarse a una lesi\u00f3n.<\/p>\n<p>Esta <strong>pelota para conejos<\/strong> es f\u00e1cil de cuidar y se puede lavar a m\u00e1quina a baja temperatura.<\/p>\n<p><strong>Caracter\u00edsticas:<\/strong><\/p>\n<p><strong>Materiales:<\/strong> Tela suave, f\u00e1cil de lavar<br \/>\n<strong>Tama\u00f1o:<\/strong> 11 cm<br \/>\n<strong>Dise\u00f1o:<\/strong> Multicolor con peque\u00f1os dibujos de zanahorias<\/p>\n","protected":false},"excerpt":{"rendered":"<ul>\n<li>Se convertir\u00e1 en el amante de tu conejo<\/li>\n<li>Previene el aburrimiento<\/li>\n<li>Reconfortante<\/li>\n<\/ul>\n","protected":false},"featured_media":15334,"comment_status":"closed","ping_status":"closed","template":"","meta":{"_seopress_robots_primary_cat":"none","_seopress_titles_title":"","_seopress_titles_desc":"The Fun Rabbit Balloon is a rabbit toy that will stimulate your rabbitou on a daily basis. Rabbits love this game.","_seopress_robots_index":""},"product_brand":[],"product_cat":[296,269],"product_tag":[],"class_list":{"0":"post-15333","1":"product","2":"type-product","3":"status-publish","4":"has-post-thumbnail","6":"product_cat-bunny-shop","7":"product_cat-juguetes-conejos","8":"product_shipping_class-ok-mondial-relais","10":"first","11":"instock","12":"taxable","13":"shipping-taxable","14":"purchasable","15":"product-type-simple"},"_links":{"self":[{"href":"https:\/\/www.bunzyland.com\/es\/wp-json\/wp\/v2\/product\/15333","targetHints":{"allow":["GET"]}}],"collection":[{"href":"https:\/\/www.bunzyland.com\/es\/wp-json\/wp\/v2\/product"}],"about":[{"href":"https:\/\/www.bunzyland.com\/es\/wp-json\/wp\/v2\/types\/product"}],"replies":[{"embeddable":true,"href":"https:\/\/www.bunzyland.com\/es\/wp-json\/wp\/v2\/comments?post=15333"}],"wp:featuredmedia":[{"embeddable":true,"href":"https:\/\/www.bunzyland.com\/es\/wp-json\/wp\/v2\/media\/15334"}],"wp:attachment":[{"href":"https:\/\/www.bunzyland.com\/es\/wp-json\/wp\/v2\/media?parent=15333"}],"wp:term":[{"taxonomy":"product_brand","embeddable":true,"href":"https:\/\/www.bunzyland.com\/es\/wp-json\/wp\/v2\/product_brand?post=15333"},{"taxonomy":"product_cat","embeddable":true,"href":"https:\/\/www.bunzyland.com\/es\/wp-json\/wp\/v2\/product_cat?post=15333"},{"taxonomy":"product_tag","embeddable":true,"href":"https:\/\/www.bunzyland.com\/es\/wp-json\/wp\/v2\/product_tag?post=15333"}],"curies":[{"name":"wp","href":"https:\/\/api.w.org\/{rel}","templated":true}]}}