{"id":15341,"date":"2024-02-19T15:55:58","date_gmt":"2024-02-19T14:55:58","guid":{"rendered":"https:\/\/bunzyland.com\/product\/rabbit-teepee-carrot-design\/"},"modified":"2025-10-06T16:55:01","modified_gmt":"2025-10-06T14:55:01","slug":"tipi-para-conejo-diseno-de-zanahoria","status":"publish","type":"product","link":"https:\/\/www.bunzyland.com\/es\/producto\/tipi-para-conejo-diseno-de-zanahoria\/","title":{"rendered":"Tipi para conejo &#8211; Dise\u00f1o de zanahoria"},"content":{"rendered":"<h2>Un tipi para conejo con dise\u00f1o de zanahoria para la m\u00e1xima comodidad<\/h2>\n<p>El <strong>Tipi para conejo con dise\u00f1o de zanahoria<\/strong> es un verdadero oasis de felicidad para tu conejito. Su brillante motivo de zanahoria aporta un toque de fantas\u00eda y alegr\u00eda al espacio de tu conejo. Dise\u00f1ado para ofrecer tanto un lugar de juego como un refugio para la relajaci\u00f3n, esta <strong>tienda para conejo<\/strong> es el lugar perfecto para que tu <strong>conejo juegue<\/strong> o descanse en paz.<\/p>\n<p>Este encantador <strong>refugio para conejo<\/strong> sirve como un acogedor refugio donde tu amiguito podr\u00e1 escapar del mundo exterior. El dise\u00f1o del <strong>tipi para conejo<\/strong> proporciona un lugar seguro y apartado, permitiendo que tu conejo se retire a un espacio c\u00f3modo y protegido. Ya sea para tomar una siesta tranquila o disfrutar de un momento de soledad, este escondite es el lugar ideal para que tu conejo recargue energ\u00edas.<\/p>\n<p><img fetchpriority=\"high\" decoding=\"async\" class=\"alignnone wp-image-16151\" src=\"https:\/\/mon-lapinnain.com\/wp-content\/uploads\/2024\/01\/tipi-pour-lapin-bois.png\" alt=\"casa tipi para conejo\" width=\"600\" height=\"600\" \/><\/p>\n<h3>Una casita para conejo linda y pr\u00e1ctica<\/h3>\n<p>Cada aspecto de este <strong>Tipi para conejo con dise\u00f1o de zanahoria<\/strong> ha sido cuidadosamente pensado para asegurar la alegr\u00eda y comodidad de tu mascota. La casita est\u00e1 hecha de materiales de alta calidad, lo que garantiza durabilidad y f\u00e1cil mantenimiento. Los coloridos dibujos de zanahorias estimulan el inter\u00e9s visual de tu conejo, mientras que la estructura espaciosa ofrece mucho espacio para relajarse y jugar. Adem\u00e1s, su puerta abierta fomenta la exploraci\u00f3n y la independencia, enriqueciendo el entorno diario de tu conejo.<\/p>\n<p>Puedes colocar la <strong>tienda<\/strong> en su recinto o en tu sala de estar para que tenga su propio espacio. \u00a1Tu conejo tambi\u00e9n tiene derecho a estar c\u00f3modo! F\u00e1cil de plegar, \u00a1incluso puedes llev\u00e1rtela de vacaciones!<\/p>\n<p><strong>Caracter\u00edsticas:<\/strong><\/p>\n<ul>\n<li><strong>Materiales:<\/strong> Madera y tela<\/li>\n<li><strong>Tama\u00f1o:<\/strong> An 35 x L 41 x Al 43,5 cm<\/li>\n<li><strong>Dise\u00f1o:<\/strong> Motivos de zanahoria<\/li>\n<\/ul>\n","protected":false},"excerpt":{"rendered":"<ul>\n<li>Tienda para conejo<\/li>\n<li>Madera y tela<\/li>\n<li>Lindo y c\u00f3modo<\/li>\n<\/ul>\n","protected":false},"featured_media":15342,"comment_status":"closed","ping_status":"closed","template":"","meta":{"_seopress_robots_primary_cat":"none","_seopress_titles_title":"","_seopress_titles_desc":"The Carrot Rabbit Tipi is the ideal hut for your bunny. Its tent-like design is perfect for rabbits.","_seopress_robots_index":""},"product_brand":[],"product_cat":[296,272,273],"product_tag":[],"class_list":{"0":"post-15341","1":"product","2":"type-product","3":"status-publish","4":"has-post-thumbnail","6":"product_cat-bunny-shop","7":"product_cat-casa-conejos","8":"product_cat-teepee-conejo","9":"product_shipping_class-ok-mondial-relais","11":"first","12":"instock","13":"taxable","14":"shipping-taxable","15":"purchasable","16":"product-type-simple"},"_links":{"self":[{"href":"https:\/\/www.bunzyland.com\/es\/wp-json\/wp\/v2\/product\/15341","targetHints":{"allow":["GET"]}}],"collection":[{"href":"https:\/\/www.bunzyland.com\/es\/wp-json\/wp\/v2\/product"}],"about":[{"href":"https:\/\/www.bunzyland.com\/es\/wp-json\/wp\/v2\/types\/product"}],"replies":[{"embeddable":true,"href":"https:\/\/www.bunzyland.com\/es\/wp-json\/wp\/v2\/comments?post=15341"}],"wp:featuredmedia":[{"embeddable":true,"href":"https:\/\/www.bunzyland.com\/es\/wp-json\/wp\/v2\/media\/15342"}],"wp:attachment":[{"href":"https:\/\/www.bunzyland.com\/es\/wp-json\/wp\/v2\/media?parent=15341"}],"wp:term":[{"taxonomy":"product_brand","embeddable":true,"href":"https:\/\/www.bunzyland.com\/es\/wp-json\/wp\/v2\/product_brand?post=15341"},{"taxonomy":"product_cat","embeddable":true,"href":"https:\/\/www.bunzyland.com\/es\/wp-json\/wp\/v2\/product_cat?post=15341"},{"taxonomy":"product_tag","embeddable":true,"href":"https:\/\/www.bunzyland.com\/es\/wp-json\/wp\/v2\/product_tag?post=15341"}],"curies":[{"name":"wp","href":"https:\/\/api.w.org\/{rel}","templated":true}]}}