{"id":15351,"date":"2024-02-19T15:55:58","date_gmt":"2024-02-19T14:55:58","guid":{"rendered":"https:\/\/bunzyland.com\/product\/wooden-rabbit-rack\/"},"modified":"2025-10-06T16:55:01","modified_gmt":"2025-10-06T14:55:01","slug":"estante-de-madera-para-conejos","status":"publish","type":"product","link":"https:\/\/www.bunzyland.com\/es\/producto\/estante-de-madera-para-conejos\/","title":{"rendered":"Estante de Madera para Conejos"},"content":{"rendered":"<h2>Un pr\u00e1ctico estante de madera para conejos para el uso diario<\/h2>\n<p>Este <strong>comedero de madera para conejos<\/strong> combina a la perfecci\u00f3n la elegancia natural y la funcionalidad. Este <strong>comedero para conejos<\/strong> de dise\u00f1o armonioso es mucho m\u00e1s que un elemento decorativo: es esencial para garantizar una alimentaci\u00f3n saludable a tu conejito. La estructura abierta le da a tu conejo f\u00e1cil acceso al heno, manteni\u00e9ndolo fresco y limpio.<\/p>\n<p><img fetchpriority=\"high\" decoding=\"async\" class=\"alignnone wp-image-16172 size-full\" src=\"https:\/\/mon-lapinnain.com\/wp-content\/uploads\/2024\/01\/ratelier-pour-lapin.gif\" alt=\"jaula para conejos\" width=\"400\" height=\"519\" \/><\/p>\n<p>Como <a href=\"https:\/\/www.bunzyland.com\/es\/accesorios-conejos\/\"><strong>accesorio para conejos<\/strong><\/a>, este <strong>estante<\/strong> juega un papel crucial en la promoci\u00f3n de una alimentaci\u00f3n saludable. Los conejos necesitan acceso constante al heno para mantener una buena digesti\u00f3n y la salud dental. Este <strong>estante para conejos<\/strong> mantiene el heno seco y fuera del suelo, reduciendo el desperdicio y manteniendo el \u00e1rea de alimentaci\u00f3n de tu conejo limpia y organizada.<\/p>\n<h3>Un accesorio imprescindible para conejos<\/h3>\n<p>Adem\u00e1s de ser una opci\u00f3n atractiva, este <strong>estante de madera para conejos<\/strong> es una opci\u00f3n higi\u00e9nica y duradera. La solidez de la madera garantiza resistencia a mordeduras y ara\u00f1azos, prolongando la vida del estante. Adem\u00e1s, la madera natural es un material transpirable, manteniendo el heno fresco, apetitoso y nutritivo para tu conejo.<\/p>\n<p>Coloca este <strong>dispensador de heno<\/strong> en el recinto o la habitaci\u00f3n donde viva tu conejo. Tambi\u00e9n puedes colocarlo junto a su caja de arena para facilitar el entrenamiento para ir al ba\u00f1o. Y s\u00ed, a los conejos les gusta comer mientras hacen sus necesidades. \ud83d\ude04<\/p>\n<p><strong>Caracter\u00edsticas :<\/strong><\/p>\n<ul>\n<li><strong>Materiales:<\/strong> Madera natural de alta calidad y duradera.<\/li>\n<li><strong>Dimensiones:<\/strong> An 23 cm x L 26 cm x Al 17 cm<\/li>\n<\/ul>\n","protected":false},"excerpt":{"rendered":"<ul>\n<li>F\u00e1cil acceso al heno<\/li>\n<li>Comedero para conejos<\/li>\n<\/ul>\n","protected":false},"featured_media":15352,"comment_status":"closed","ping_status":"closed","template":"","meta":{"_seopress_robots_primary_cat":"none","_seopress_titles_title":"","_seopress_titles_desc":"The Wooden Rabbit Feeder is the ideal accessory to have in your rabbit's enclosure. This rabbit feeder keeps hay dry and clean.","_seopress_robots_index":""},"product_brand":[],"product_cat":[278,296,281],"product_tag":[],"class_list":{"0":"post-15351","1":"product","2":"type-product","3":"status-publish","4":"has-post-thumbnail","6":"product_cat-accesorios-conejos","7":"product_cat-bunny-shop","8":"product_cat-comedero-heno-conejos","9":"product_shipping_class-ok-mondial-relais","11":"first","12":"instock","13":"taxable","14":"shipping-taxable","15":"purchasable","16":"product-type-simple"},"_links":{"self":[{"href":"https:\/\/www.bunzyland.com\/es\/wp-json\/wp\/v2\/product\/15351","targetHints":{"allow":["GET"]}}],"collection":[{"href":"https:\/\/www.bunzyland.com\/es\/wp-json\/wp\/v2\/product"}],"about":[{"href":"https:\/\/www.bunzyland.com\/es\/wp-json\/wp\/v2\/types\/product"}],"replies":[{"embeddable":true,"href":"https:\/\/www.bunzyland.com\/es\/wp-json\/wp\/v2\/comments?post=15351"}],"wp:featuredmedia":[{"embeddable":true,"href":"https:\/\/www.bunzyland.com\/es\/wp-json\/wp\/v2\/media\/15352"}],"wp:attachment":[{"href":"https:\/\/www.bunzyland.com\/es\/wp-json\/wp\/v2\/media?parent=15351"}],"wp:term":[{"taxonomy":"product_brand","embeddable":true,"href":"https:\/\/www.bunzyland.com\/es\/wp-json\/wp\/v2\/product_brand?post=15351"},{"taxonomy":"product_cat","embeddable":true,"href":"https:\/\/www.bunzyland.com\/es\/wp-json\/wp\/v2\/product_cat?post=15351"},{"taxonomy":"product_tag","embeddable":true,"href":"https:\/\/www.bunzyland.com\/es\/wp-json\/wp\/v2\/product_tag?post=15351"}],"curies":[{"name":"wp","href":"https:\/\/api.w.org\/{rel}","templated":true}]}}