{"id":15359,"date":"2024-02-19T15:55:57","date_gmt":"2024-02-19T14:55:57","guid":{"rendered":"https:\/\/bunzyland.com\/product\/trio-of-bunny-balls\/"},"modified":"2025-10-06T16:55:02","modified_gmt":"2025-10-06T14:55:02","slug":"trio-de-pelotas-para-conejos","status":"publish","type":"product","link":"https:\/\/www.bunzyland.com\/es\/producto\/trio-de-pelotas-para-conejos\/","title":{"rendered":"Tr\u00edo de pelotas para conejos"},"content":{"rendered":"<h2>Tr\u00edo de pelotas para conejos: un juego para roer apto para conejos<\/h2>\n<p>El <strong>Tr\u00edo de Pelotas para Conejos<\/strong> es el set de juego perfecto para alegrar el d\u00eda de tu conejito. Estas pelotas no solo son divertidas para empujar y hacer rodar, sino que tambi\u00e9n est\u00e1n hechas de materiales naturales seguros para tu conejo. Cada pelota ofrece una experiencia de juego \u00fanica, garantizando horas de entretenimiento.<\/p>\n<p><img fetchpriority=\"high\" decoding=\"async\" class=\"alignnone wp-image-16165\" src=\"https:\/\/mon-lapinnain.com\/wp-content\/uploads\/2024\/01\/lot-de-balles-pour-lapin.png\" alt=\"conjunto de pelotas para conejos\" width=\"600\" height=\"600\" \/><\/p>\n<p>Este set de <strong>pelotas para roer de conejo<\/strong> tambi\u00e9n es ideal para masticar. Las pelotas est\u00e1n hechas de materiales naturales y seguros, permitiendo que tu conejo las mordisquee sin preocupaci\u00f3n. Es una excelente forma de satisfacer el instinto natural de roer de tu conejo mientras le ofreces una fuente de entretenimiento.<br \/>\nA los conejos les encanta roer, \u00a1a veces incluso atacan tus muebles! As\u00ed que lo mejor es darle este <strong>juguete para conejo<\/strong> para satisfacer sus ganas de roer.<\/p>\n<p><img decoding=\"async\" class=\"alignnone wp-image-16163\" src=\"https:\/\/mon-lapinnain.com\/wp-content\/uploads\/2024\/01\/balles-pour-lapin.png\" alt=\"pelotas para conejos\" width=\"600\" height=\"600\" \/><\/p>\n<h3>Un juguete esencial para conejos<\/h3>\n<p>Nuestro <strong>Tr\u00edo de pelotas para conejos<\/strong> est\u00e1 dise\u00f1ado para estimular la <strong>actividad<\/strong> f\u00edsica y la curiosidad de tu conejo. Son perfectas para animar a tu conejo a moverse, explorar su entorno mientras juega. Las diferentes texturas y colores de las <strong>pelotas<\/strong> cautivan la atenci\u00f3n de tu conejo, manteni\u00e9ndolo entretenido y feliz.<\/p>\n<p><img decoding=\"async\" class=\"alignnone wp-image-16164\" src=\"https:\/\/mon-lapinnain.com\/wp-content\/uploads\/2024\/01\/balles-pour-lapin-a-grignoter.png\" alt=\"pelotas para roer de conejo\" width=\"600\" height=\"600\" \/><\/p>\n<p>Este <strong>juguete para conejos<\/strong> es perfecto para compartir momentos de diversi\u00f3n y juego con tu conejito. Estos momentos l\u00fadicos refuerzan el v\u00ednculo entre ambos y llenan tus d\u00edas de alegr\u00eda y complicidad.<\/p>\n<p>Coloca este <strong>conjunto de pelotas<\/strong> en el recinto de tu conejo, ya sea suspendidas o en el suelo, \u00a1y pronto ver\u00e1s a tu conejito acercarse a olfatearlas y probarlas! \ud83d\ude04<\/p>\n<p><strong>Caracter\u00edsticas:<\/strong><\/p>\n<ul>\n<li>Materiales: Fabricadas con materiales naturales seguros para conejos<\/li>\n<li>Tama\u00f1o: 7,5 cm<\/li>\n<li>Set de 3 pelotas<\/li>\n<\/ul>\n","protected":false},"excerpt":{"rendered":"<ul>\n<li>Juguete para conejo<\/li>\n<li>3 pelotas para roer<\/li>\n<li>Natural<\/li>\n<\/ul>\n","protected":false},"featured_media":15360,"comment_status":"closed","ping_status":"closed","template":"","meta":{"_seopress_robots_primary_cat":"none","_seopress_titles_title":"","_seopress_titles_desc":"","_seopress_robots_index":""},"product_brand":[],"product_cat":[296,293,269],"product_tag":[],"class_list":{"0":"post-15359","1":"product","2":"type-product","3":"status-publish","4":"has-post-thumbnail","6":"product_cat-bunny-shop","7":"product_cat-juguete-morder","8":"product_cat-juguetes-conejos","9":"product_shipping_class-ok-mondial-relais","11":"first","12":"instock","13":"taxable","14":"shipping-taxable","15":"purchasable","16":"product-type-simple"},"_links":{"self":[{"href":"https:\/\/www.bunzyland.com\/es\/wp-json\/wp\/v2\/product\/15359","targetHints":{"allow":["GET"]}}],"collection":[{"href":"https:\/\/www.bunzyland.com\/es\/wp-json\/wp\/v2\/product"}],"about":[{"href":"https:\/\/www.bunzyland.com\/es\/wp-json\/wp\/v2\/types\/product"}],"replies":[{"embeddable":true,"href":"https:\/\/www.bunzyland.com\/es\/wp-json\/wp\/v2\/comments?post=15359"}],"wp:featuredmedia":[{"embeddable":true,"href":"https:\/\/www.bunzyland.com\/es\/wp-json\/wp\/v2\/media\/15360"}],"wp:attachment":[{"href":"https:\/\/www.bunzyland.com\/es\/wp-json\/wp\/v2\/media?parent=15359"}],"wp:term":[{"taxonomy":"product_brand","embeddable":true,"href":"https:\/\/www.bunzyland.com\/es\/wp-json\/wp\/v2\/product_brand?post=15359"},{"taxonomy":"product_cat","embeddable":true,"href":"https:\/\/www.bunzyland.com\/es\/wp-json\/wp\/v2\/product_cat?post=15359"},{"taxonomy":"product_tag","embeddable":true,"href":"https:\/\/www.bunzyland.com\/es\/wp-json\/wp\/v2\/product_tag?post=15359"}],"curies":[{"name":"wp","href":"https:\/\/api.w.org\/{rel}","templated":true}]}}