{"id":15366,"date":"2024-02-19T15:55:57","date_gmt":"2024-02-19T14:55:57","guid":{"rendered":"https:\/\/bunzyland.com\/product\/snack-rabbit-toy\/"},"modified":"2026-03-10T06:25:59","modified_gmt":"2026-03-10T05:25:59","slug":"juguete-snack-para-conejo","status":"publish","type":"product","link":"https:\/\/www.bunzyland.com\/es\/producto\/juguete-snack-para-conejo\/","title":{"rendered":"Juguete snack para conejo"},"content":{"rendered":"<h2>El Juguete Snack para Conejo para estimular a tu mascota<\/h2>\n<p>\u00a1Con el <strong>Juguete Snack para Conejo<\/strong>, prep\u00e1rate para ver a tu conejo saltar de alegr\u00eda!<br \/>\nEste <strong>juguete para conejo<\/strong> no es solo un <strong>rompecabezas<\/strong>, es una divertida b\u00fasqueda del tesoro para tu conejo. Imagina la mirada concentrada y divertida de tu conejo, explorando cada rinc\u00f3n para descubrir sus golosinas favoritas. \u00a1Es una fiesta para su paladar y un deleite para su mente!<\/p>\n<p><img fetchpriority=\"high\" decoding=\"async\" class=\"alignnone wp-image-16539 size-full\" src=\"https:\/\/mon-lapinnain.com\/wp-content\/uploads\/2024\/01\/jouet-pour-lapin-friandise.gif\" alt=\"Juguete divertido para conejo\" width=\"320\" height=\"400\" \/><\/p>\n<p>Como <strong>juguete de inteligencia para conejos<\/strong>, este rompecabezas es perfecto para mantener a tu conejo activo y mentalmente sano.<br \/>\n\u00bfC\u00f3mo se juega? \u00a1Realmente es muy sencillo! Esconde una peque\u00f1a golosina en los compartimentos, cortada en varios trozos; por ejemplo, un trocito de manzana. Ver\u00e1s enseguida c\u00f3mo tu conejo intenta coger su golosina tirando de las cuerdas. \u00a1Tu conejo se sentir\u00e1 tan orgulloso de s\u00ed mismo cada vez que encuentre una!<br \/>\nEs el juguete perfecto para la estimulaci\u00f3n mental y para combatir el aburrimiento.<\/p>\n<h3>Un juguete inteligente para recuerdos inolvidables<\/h3>\n<p>Este <strong>Juguete Snack para Conejo<\/strong> est\u00e1 hecho de madera resistente. Est\u00e1 listo para soportar el asalto de los peque\u00f1os exploradores m\u00e1s persistentes. Las golosinas ocultas son la guinda del pastel, motivando a tu conejo a explorar una y otra vez.<\/p>\n<p><img decoding=\"async\" class=\"alignnone wp-image-16033\" src=\"https:\/\/mon-lapinnain.com\/wp-content\/uploads\/2024\/01\/Jouet-pour-lapin-snack.png\" alt=\"Juguete Snack para Conejo\" width=\"600\" height=\"600\" \/><\/p>\n<p>Esta <strong>actividad para conejos<\/strong> crea la oportunidad perfecta para momentos de complicidad con tu querido amigo. Estos momentos de alegr\u00eda fortalecen vuestro v\u00ednculo y traen tanta felicidad a ti como a tu conejo. Construyen recuerdos llenos de risas y amor compartido.<\/p>\n<p><strong>Caracter\u00edsticas:<\/strong><\/p>\n<ul>\n<li>Material: Madera natural<\/li>\n<li>Tama\u00f1o: An 37 x L 8,5 x Al 6,5 cm (desplegado)<\/li>\n<li>Funcionalidad: Compartimentos ocultos para una b\u00fasqueda del tesoro inolvidable.<\/li>\n<\/ul>\n","protected":false},"excerpt":{"rendered":"<ul>\n<li>Juguete de inteligencia para conejos<\/li>\n<li>Diversi\u00f3n y juegos<\/li>\n<li>Juego de madera<\/li>\n<\/ul>\n","protected":false},"featured_media":15367,"comment_status":"closed","ping_status":"closed","template":"","meta":{"_seopress_robots_primary_cat":"none","_seopress_titles_title":"","_seopress_titles_desc":"","_seopress_robots_index":""},"product_brand":[],"product_cat":[296,269],"product_tag":[],"class_list":{"0":"post-15366","1":"product","2":"type-product","3":"status-publish","4":"has-post-thumbnail","6":"product_cat-bunny-shop","7":"product_cat-juguetes-conejos","8":"product_shipping_class-ok-mondial-relais","10":"first","11":"instock","12":"taxable","13":"shipping-taxable","14":"purchasable","15":"product-type-simple"},"_links":{"self":[{"href":"https:\/\/www.bunzyland.com\/es\/wp-json\/wp\/v2\/product\/15366","targetHints":{"allow":["GET"]}}],"collection":[{"href":"https:\/\/www.bunzyland.com\/es\/wp-json\/wp\/v2\/product"}],"about":[{"href":"https:\/\/www.bunzyland.com\/es\/wp-json\/wp\/v2\/types\/product"}],"replies":[{"embeddable":true,"href":"https:\/\/www.bunzyland.com\/es\/wp-json\/wp\/v2\/comments?post=15366"}],"wp:featuredmedia":[{"embeddable":true,"href":"https:\/\/www.bunzyland.com\/es\/wp-json\/wp\/v2\/media\/15367"}],"wp:attachment":[{"href":"https:\/\/www.bunzyland.com\/es\/wp-json\/wp\/v2\/media?parent=15366"}],"wp:term":[{"taxonomy":"product_brand","embeddable":true,"href":"https:\/\/www.bunzyland.com\/es\/wp-json\/wp\/v2\/product_brand?post=15366"},{"taxonomy":"product_cat","embeddable":true,"href":"https:\/\/www.bunzyland.com\/es\/wp-json\/wp\/v2\/product_cat?post=15366"},{"taxonomy":"product_tag","embeddable":true,"href":"https:\/\/www.bunzyland.com\/es\/wp-json\/wp\/v2\/product_tag?post=15366"}],"curies":[{"name":"wp","href":"https:\/\/api.w.org\/{rel}","templated":true}]}}