{"id":15372,"date":"2024-02-19T15:55:57","date_gmt":"2024-02-19T14:55:57","guid":{"rendered":"https:\/\/bunzyland.com\/product\/playful-rabbit-toy\/"},"modified":"2025-10-06T16:55:01","modified_gmt":"2025-10-06T14:55:01","slug":"juguete-divertido-para-conejos","status":"publish","type":"product","link":"https:\/\/www.bunzyland.com\/es\/producto\/juguete-divertido-para-conejos\/","title":{"rendered":"Juguete divertido para conejos"},"content":{"rendered":"<h2>Juguete Divertido para Conejos: una actividad para despertar y entretener a tu conejo<\/h2>\n<p>Nuestro <strong>Juguete Divertido para Conejos<\/strong> es una verdadera aventura para los sentidos de tu conejo. Este <strong>juguete de madera para conejos<\/strong>, con sus varios escondites y peque\u00f1as bolas, es un <strong>juguete de inteligencia<\/strong> ideal para estimular la curiosidad de tu mascota. Cada compartimento puede llenarse con golosinas o peque\u00f1os trozos de verdura, creando una experiencia de b\u00fasqueda cautivadora y gratificante para tu conejo.<br \/>\nA tu conejo le encantar\u00e1 explorar cada escondite, usando su instinto e inteligencia para descubrir las recompensas ocultas.<\/p>\n<h2><strong><img fetchpriority=\"high\" decoding=\"async\" class=\"alignnone wp-image-16149\" src=\"https:\/\/mon-lapinnain.com\/wp-content\/uploads\/2024\/01\/Jouet-pour-lapin-rigolo-1.png\" alt=\"Juguete divertido para conejos\" width=\"600\" height=\"600\" \/><\/strong><\/h2>\n<p>Este <strong>juguete de inteligencia para conejos<\/strong> est\u00e1 dise\u00f1ado para desarrollar las habilidades cognitivas y sensoriales de tu conejo. Al buscar las golosinas escondidas, tu conejo ejercita su cerebro, lo cual es esencial para su salud mental. Esta actividad tambi\u00e9n estimula la actividad f\u00edsica, ayudando a tu conejo a mantenerse en forma y activo. El proceso de descubrimiento y recompensa fomenta el comportamiento natural de forrajeo mientras ofrece una forma entretenida y gratificante de diversi\u00f3n.<\/p>\n<h3>Un juego para conejos para horas de diversi\u00f3n y conexi\u00f3n<\/h3>\n<p>\u00bfC\u00f3mo se juega? Simplemente esconde las golosinas en los compartimentos del <strong>rompecabezas<\/strong> y observa c\u00f3mo tu conejo se convierte en un peque\u00f1o detective. Tambi\u00e9n puedes cambiar regularmente la ubicaci\u00f3n de las golosinas, creando un nuevo desaf\u00edo cada vez. \u00a1Es el <strong>juguete perfecto<\/strong> para mantener a tu conejo activo y feliz!<\/p>\n<p>\u00a1Tambi\u00e9n es la oportunidad perfecta para compartir tiempo de calidad con tu conejo! Observando y participando en el juego, fortaleces el v\u00ednculo emocional con tu conejo. Estos momentos compartidos son preciosos para el bienestar emocional de tu peque\u00f1o compa\u00f1ero. Es tambi\u00e9n una oportunidad \u00fanica para ver su inteligencia y picard\u00eda en acci\u00f3n.\ud83d\ude09<\/p>\n<p><strong>Caracter\u00edsticas :<\/strong><\/p>\n<ul>\n<li><strong>Materiales:<\/strong> Madera<\/li>\n<li><strong>Tama\u00f1o:<\/strong> 19,7 x 19,7 x 2,5cm<\/li>\n<\/ul>\n","protected":false},"excerpt":{"rendered":"<ul>\n<li>Juego de inteligencia<\/li>\n<li>Ideal para conejos gourmet<\/li>\n<li>Una actividad para compartir con \u00e9l<\/li>\n<\/ul>\n","protected":false},"featured_media":15373,"comment_status":"closed","ping_status":"closed","template":"","meta":{"_seopress_robots_primary_cat":"none","_seopress_titles_title":"","_seopress_titles_desc":"The Playful Rabbit Toy is a clever rabbit game to stimulate your bunny. It's the perfect toy for your rabbit's mental well-being.","_seopress_robots_index":""},"product_brand":[],"product_cat":[296,269],"product_tag":[],"class_list":{"0":"post-15372","1":"product","2":"type-product","3":"status-publish","4":"has-post-thumbnail","6":"product_cat-bunny-shop","7":"product_cat-juguetes-conejos","8":"product_shipping_class-ok-mondial-relais","10":"first","11":"instock","12":"taxable","13":"shipping-taxable","14":"purchasable","15":"product-type-simple"},"_links":{"self":[{"href":"https:\/\/www.bunzyland.com\/es\/wp-json\/wp\/v2\/product\/15372","targetHints":{"allow":["GET"]}}],"collection":[{"href":"https:\/\/www.bunzyland.com\/es\/wp-json\/wp\/v2\/product"}],"about":[{"href":"https:\/\/www.bunzyland.com\/es\/wp-json\/wp\/v2\/types\/product"}],"replies":[{"embeddable":true,"href":"https:\/\/www.bunzyland.com\/es\/wp-json\/wp\/v2\/comments?post=15372"}],"wp:featuredmedia":[{"embeddable":true,"href":"https:\/\/www.bunzyland.com\/es\/wp-json\/wp\/v2\/media\/15373"}],"wp:attachment":[{"href":"https:\/\/www.bunzyland.com\/es\/wp-json\/wp\/v2\/media?parent=15372"}],"wp:term":[{"taxonomy":"product_brand","embeddable":true,"href":"https:\/\/www.bunzyland.com\/es\/wp-json\/wp\/v2\/product_brand?post=15372"},{"taxonomy":"product_cat","embeddable":true,"href":"https:\/\/www.bunzyland.com\/es\/wp-json\/wp\/v2\/product_cat?post=15372"},{"taxonomy":"product_tag","embeddable":true,"href":"https:\/\/www.bunzyland.com\/es\/wp-json\/wp\/v2\/product_tag?post=15372"}],"curies":[{"name":"wp","href":"https:\/\/api.w.org\/{rel}","templated":true}]}}