{"id":15377,"date":"2024-02-19T15:55:56","date_gmt":"2024-02-19T14:55:56","guid":{"rendered":"https:\/\/bunzyland.com\/product\/yellow-rabbit-bowl\/"},"modified":"2025-10-06T16:55:02","modified_gmt":"2025-10-06T14:55:02","slug":"cuenco-amarillo-para-conejo","status":"publish","type":"product","link":"https:\/\/www.bunzyland.com\/es\/producto\/cuenco-amarillo-para-conejo\/","title":{"rendered":"Cuenco amarillo para conejo"},"content":{"rendered":"<h2>Un imprescindible cuenco amarillo para conejo en el espacio de tu rabbitou<\/h2>\n<p>El <strong>Cuenco Amarillo para Conejo<\/strong> aporta alegr\u00eda y color a la vida de tu conejito. Se acabaron las posturas inc\u00f3modas o los trastornos musculoesquel\u00e9ticos causados por los biberones. Este bonito y pesado <strong>comedero cer\u00e1mico para conejo<\/strong> de 600ml ofrece una postura natural y c\u00f3moda para beber. Esto anima a tu conejo a hidratarse correctamente sin frustraci\u00f3n.<\/p>\n<p>Este <strong>cuenco para conejo<\/strong> elimina las molestias de los <strong>biberones antigoteo<\/strong>. Tu conejito puede beber cuanto quiera. No m\u00e1s microlesiones dentales causadas por partes met\u00e1licas de los biberones; tu conejo puede beber con total seguridad. Como puedes ver, es mejor para la salud de tu conejo beber de un <strong>cuenco<\/strong> que de un <strong>biber\u00f3n<\/strong>.<\/p>\n<h3>Un comedero para conejo para agua o comida<\/h3>\n<p>Como un <a href=\"https:\/\/www.bunzyland.com\/es\/accesorios-conejos\/\"><strong>accesorio para conejo<\/strong><\/a>, este <strong>cuenco amarillo para conejo<\/strong> est\u00e1 dise\u00f1ado para evitar derrames. Su base de cer\u00e1mica pesada y estable garantiza que permanezca en su sitio. As\u00ed tendr\u00e1s menos \u00abcharcos\u00bb accidentales en el recinto y un espacio limpio y seco.<\/p>\n<p>Tambi\u00e9n puedes poner la <strong>comida de tu conejo<\/strong> en este comedero. Con un di\u00e1metro de 14,5cm, es lo suficientemente grande como para contener las verduras diarias de tu conejo.<\/p>\n<p>El <strong>cuenco para conejo<\/strong> es f\u00e1cil de limpiar y colocar lejos de zonas sucias como la caja de arena y las \u00e1reas de comida. Su dise\u00f1o amarillo brillante y soleado a\u00f1ade un toque alegre al recinto o la habitaci\u00f3n de tu conejo.<\/p>\n<p>Consejo: puedes combinar este cuenco con nuestro comedero plano para conejo o con el cuenco blanco para conejo. Uno para la comida, el otro para el agua.<\/p>\n<p><strong>Caracter\u00edsticas :<\/strong><\/p>\n<ul>\n<li><strong>Materiales:<\/strong> Cer\u00e1mica<\/li>\n<li><strong>Tama\u00f1o:<\/strong> 14,5 x 5,5cm de alto &#8211; Capacidad 600ml<\/li>\n<li><strong>Dise\u00f1o:<\/strong> Amarillo brillante para estimular el inter\u00e9s y el bienestar de tu conejo.<\/li>\n<\/ul>\n","protected":false},"excerpt":{"rendered":"<ul>\n<li>Cuenco grande<\/li>\n<li>Cer\u00e1mica<\/li>\n<li>Ideal para agua o comidas<\/li>\n<\/ul>\n","protected":false},"featured_media":15378,"comment_status":"closed","ping_status":"closed","template":"","meta":{"_seopress_robots_primary_cat":"none","_seopress_titles_title":"","_seopress_titles_desc":"The Yellow Rabbit Bowl is a rabbit feeder ideal for watering or feeding your rabbit. A must-have accessory!","_seopress_robots_index":""},"product_brand":[],"product_cat":[278,290,296],"product_tag":[],"class_list":{"0":"post-15377","1":"product","2":"type-product","3":"status-publish","4":"has-post-thumbnail","6":"product_cat-accesorios-conejos","7":"product_cat-bebedero-para-conejos","8":"product_cat-bunny-shop","9":"product_shipping_class-ok-mondial-relais","11":"first","12":"instock","13":"taxable","14":"shipping-taxable","15":"purchasable","16":"product-type-simple"},"_links":{"self":[{"href":"https:\/\/www.bunzyland.com\/es\/wp-json\/wp\/v2\/product\/15377","targetHints":{"allow":["GET"]}}],"collection":[{"href":"https:\/\/www.bunzyland.com\/es\/wp-json\/wp\/v2\/product"}],"about":[{"href":"https:\/\/www.bunzyland.com\/es\/wp-json\/wp\/v2\/types\/product"}],"replies":[{"embeddable":true,"href":"https:\/\/www.bunzyland.com\/es\/wp-json\/wp\/v2\/comments?post=15377"}],"wp:featuredmedia":[{"embeddable":true,"href":"https:\/\/www.bunzyland.com\/es\/wp-json\/wp\/v2\/media\/15378"}],"wp:attachment":[{"href":"https:\/\/www.bunzyland.com\/es\/wp-json\/wp\/v2\/media?parent=15377"}],"wp:term":[{"taxonomy":"product_brand","embeddable":true,"href":"https:\/\/www.bunzyland.com\/es\/wp-json\/wp\/v2\/product_brand?post=15377"},{"taxonomy":"product_cat","embeddable":true,"href":"https:\/\/www.bunzyland.com\/es\/wp-json\/wp\/v2\/product_cat?post=15377"},{"taxonomy":"product_tag","embeddable":true,"href":"https:\/\/www.bunzyland.com\/es\/wp-json\/wp\/v2\/product_tag?post=15377"}],"curies":[{"name":"wp","href":"https:\/\/api.w.org\/{rel}","templated":true}]}}