{"id":15382,"date":"2024-02-19T15:55:56","date_gmt":"2024-02-19T14:55:56","guid":{"rendered":"https:\/\/bunzyland.com\/product\/intelligent-rabbit-toy\/"},"modified":"2025-10-06T16:55:02","modified_gmt":"2025-10-06T14:55:02","slug":"juguete-inteligente-para-conejos","status":"publish","type":"product","link":"https:\/\/www.bunzyland.com\/es\/producto\/juguete-inteligente-para-conejos\/","title":{"rendered":"Juguete inteligente para conejos"},"content":{"rendered":"<h2>El Juguete Inteligente para Conejos que despierta la mente de tu conejito<\/h2>\n<p>Dale a tu <strong>conejito el Juguete Inteligente para Conejos<\/strong> y m\u00edralo florecer. Este <strong>rompecabezas<\/strong> es un divertido desaf\u00edo mental, con piezas coloridas y escondites secretos. Es el <strong>juego<\/strong> perfecto para estimular la mente \u00e1gil de tu conejo.<\/p>\n<p>Tu peque\u00f1o amigo adorar\u00e1 la variedad y el reto de este <strong>juego para conejos<\/strong>. Cada sesi\u00f3n es una nueva oportunidad de aprendizaje y diversi\u00f3n. Es la manera perfecta de estimular la mente \u00e1gil de tu conejo y verlo interactuar con su entorno de una forma totalmente nueva y emocionante.<\/p>\n<p>En este <strong>juguete para conejos<\/strong>, cada golosina escondida es una sorpresa por descubrir. Tu conejito se convertir\u00e1 en un intr\u00e9pido explorador, buscando ansiosamente su recompensa. Este juego no solo desarrolla su inteligencia, sino tambi\u00e9n su sentido del olfato y sus habilidades para resolver problemas. Es la actividad perfecta para combatir el <strong>aburrimiento del conejo<\/strong> y despertar sus sentidos e inteligencia.<br \/>\nLas golosinas escondidas tambi\u00e9n son una excelente manera de recompensar a tu conejo por su mente vivaz y curiosa.<\/p>\n<h3>Una actividad para conejos para compartir<\/h3>\n<p>Jugar con este <strong>Juguete Inteligente para Conejos<\/strong> no solo es divertido para tu conejito, sino que es una aventura para ambos.<br \/>\nAl interactuar con el rompecabezas, creas lazos fuertes y recuerdos felices. Tu participaci\u00f3n activa en el juego hace que la experiencia sea a\u00fan m\u00e1s gratificante para tu conejo. Te permite observar de cerca su comportamiento y reacciones. Cada sesi\u00f3n de juego es una nueva oportunidad de risas y complicidad, fortaleciendo el v\u00ednculo emocional entre t\u00fa y tu peque\u00f1o compa\u00f1ero.<\/p>\n<p>Adem\u00e1s, es un objeto seguro y de dise\u00f1o. Fabricado con materiales de calidad, este rompecabezas es duradero y seguro para tu peque\u00f1o compa\u00f1ero.<\/p>\n<p><strong>Caracter\u00edsticas:<\/strong><\/p>\n<ul>\n<li><strong>Materiales:<\/strong> Madera<\/li>\n<li><strong>Tama\u00f1o:<\/strong> 23,5 x 21 x 2,5 cm<\/li>\n<li><strong>Dise\u00f1o:<\/strong> Colorido y atractivo, ideal para despertar la curiosidad de tu conejo.<\/li>\n<\/ul>\n","protected":false},"excerpt":{"rendered":"<ul>\n<li>Un juego divertido<\/li>\n<li>Ideal para jugar con tu conejo<\/li>\n<li>Adecuado para conejos j\u00f3venes y mayores<\/li>\n<\/ul>\n","protected":false},"featured_media":15383,"comment_status":"closed","ping_status":"closed","template":"","meta":{"_seopress_robots_primary_cat":"none","_seopress_titles_title":"","_seopress_titles_desc":"Le Jouet pour lapin intelligent est un jeu qui aide \u00e0 d\u00e9velopper les sens de votre lapinou. C'est une activit\u00e9 id\u00e9ale \u00e0 partager avec lui.","_seopress_robots_index":""},"product_brand":[],"product_cat":[296,269],"product_tag":[],"class_list":{"0":"post-15382","1":"product","2":"type-product","3":"status-publish","4":"has-post-thumbnail","6":"product_cat-bunny-shop","7":"product_cat-juguetes-conejos","8":"product_shipping_class-ok-mondial-relais","10":"first","11":"instock","12":"taxable","13":"shipping-taxable","14":"purchasable","15":"product-type-simple"},"_links":{"self":[{"href":"https:\/\/www.bunzyland.com\/es\/wp-json\/wp\/v2\/product\/15382","targetHints":{"allow":["GET"]}}],"collection":[{"href":"https:\/\/www.bunzyland.com\/es\/wp-json\/wp\/v2\/product"}],"about":[{"href":"https:\/\/www.bunzyland.com\/es\/wp-json\/wp\/v2\/types\/product"}],"replies":[{"embeddable":true,"href":"https:\/\/www.bunzyland.com\/es\/wp-json\/wp\/v2\/comments?post=15382"}],"wp:featuredmedia":[{"embeddable":true,"href":"https:\/\/www.bunzyland.com\/es\/wp-json\/wp\/v2\/media\/15383"}],"wp:attachment":[{"href":"https:\/\/www.bunzyland.com\/es\/wp-json\/wp\/v2\/media?parent=15382"}],"wp:term":[{"taxonomy":"product_brand","embeddable":true,"href":"https:\/\/www.bunzyland.com\/es\/wp-json\/wp\/v2\/product_brand?post=15382"},{"taxonomy":"product_cat","embeddable":true,"href":"https:\/\/www.bunzyland.com\/es\/wp-json\/wp\/v2\/product_cat?post=15382"},{"taxonomy":"product_tag","embeddable":true,"href":"https:\/\/www.bunzyland.com\/es\/wp-json\/wp\/v2\/product_tag?post=15382"}],"curies":[{"name":"wp","href":"https:\/\/api.w.org\/{rel}","templated":true}]}}