{"id":15388,"date":"2024-02-19T15:55:55","date_gmt":"2024-02-19T14:55:55","guid":{"rendered":"https:\/\/bunzyland.com\/product\/large-natural-bunny-hut\/"},"modified":"2025-10-06T16:55:02","modified_gmt":"2025-10-06T14:55:02","slug":"amplia-casa-natural-para-conejos","status":"publish","type":"product","link":"https:\/\/www.bunzyland.com\/es\/producto\/amplia-casa-natural-para-conejos\/","title":{"rendered":"Amplia casa natural para conejos"},"content":{"rendered":"<h2>Casa natural para conejos: un lugar acogedor para descansar<\/h2>\n<p>La <strong>Casa Natural para Conejos<\/strong> es un <strong>cocoon<\/strong> de tranquilidad para tu conejo. Su exclusiva forma triangular crea un ambiente reconfortante, perfecto para las siestas y horas de relajaci\u00f3n. Imagina a tu conejito desliz\u00e1ndose en este <strong>escondite para conejos<\/strong>, sus patitas entrando en este refugio acogedor, su peque\u00f1a nariz temblando de felicidad. Es el lugar ideal para esconderse, jugar y recargar energ\u00edas.<\/p>\n<p>Fabricada con materiales naturales, resistentes y seguros, este tipo de <strong>casa para conejos<\/strong> puede soportar los peque\u00f1os dientes de tu conejo. Tu peque\u00f1o compa\u00f1ero puede satisfacer su instinto de roer (con moderaci\u00f3n, por supuesto) mientras disfruta de su propio espacio personal.<\/p>\n<p>La forma de esta caba\u00f1a para conejos tambi\u00e9n recuerda a un <strong>t\u00fanel<\/strong>. La peque\u00f1a ventana integrada no es solo un detalle encantador. Permite a tu conejo observar su peque\u00f1o mundo, adem\u00e1s de ser un acceso pr\u00e1ctico. A tu conejo seguro que le encantar\u00e1 entrar y salir corriendo de este divertido refugio.<\/p>\n<h3>Una casa para conejos con una cama c\u00f3moda<\/h3>\n<p>En el coraz\u00f3n de la <strong>Casa Natural para Conejos<\/strong> hay un peque\u00f1o tesoro: un colch\u00f3n suave y <strong>c\u00f3modo<\/strong>. Esta <strong>cama peque\u00f1a<\/strong>, especialmente dise\u00f1ada para el bienestar de tu conejo, ofrece una superficie suave para descansar. Ayuda a crear un ambiente c\u00e1lido y acogedor, invitando a tu conejo a relajarse y descansar.<br \/>\nEste confort adicional es esencial para momentos de descanso, ayudando a que tu conejito se sienta seguro y c\u00f3modo. La<strong> cama para conejos<\/strong> tambi\u00e9n es buena para las articulaciones de tu peludito, proporcionando un soporte suave y reduciendo la presi\u00f3n sobre su peque\u00f1o cuerpo.<\/p>\n<p><strong>Caracter\u00edsticas:<\/strong><\/p>\n<ul>\n<li><strong>Materiales:<\/strong> Fabricado con materiales naturales (hierba marina)<\/li>\n<li><strong>Dimensiones:<\/strong> Ancho 50 x Largo 30 x Alto 27 cm (apta para la mayor\u00eda de conejos y todos los conejos enanos)<\/li>\n<li><strong>Color:<\/strong> Natural<\/li>\n<\/ul>\n","protected":false},"excerpt":{"rendered":"<ul>\n<li>Natural y saludable para tu conejo<\/li>\n<li>Escondite c\u00f3modo<\/li>\n<li>Una cama suave para siestas<\/li>\n<\/ul>\n","protected":false},"featured_media":15389,"comment_status":"closed","ping_status":"closed","template":"","meta":{"_seopress_robots_primary_cat":"none","_seopress_titles_title":"","_seopress_titles_desc":"The Natural Rabbit House is the ideal hiding place for your bunny. Made from natural materials, this rabbit house is sure to please your pet.","_seopress_robots_index":""},"product_brand":[],"product_cat":[296,272],"product_tag":[],"class_list":{"0":"post-15388","1":"product","2":"type-product","3":"status-publish","4":"has-post-thumbnail","6":"product_cat-bunny-shop","7":"product_cat-casa-conejos","8":"product_shipping_class-ok-mondial-relais","10":"first","11":"instock","12":"taxable","13":"shipping-taxable","14":"purchasable","15":"product-type-simple"},"_links":{"self":[{"href":"https:\/\/www.bunzyland.com\/es\/wp-json\/wp\/v2\/product\/15388","targetHints":{"allow":["GET"]}}],"collection":[{"href":"https:\/\/www.bunzyland.com\/es\/wp-json\/wp\/v2\/product"}],"about":[{"href":"https:\/\/www.bunzyland.com\/es\/wp-json\/wp\/v2\/types\/product"}],"replies":[{"embeddable":true,"href":"https:\/\/www.bunzyland.com\/es\/wp-json\/wp\/v2\/comments?post=15388"}],"wp:featuredmedia":[{"embeddable":true,"href":"https:\/\/www.bunzyland.com\/es\/wp-json\/wp\/v2\/media\/15389"}],"wp:attachment":[{"href":"https:\/\/www.bunzyland.com\/es\/wp-json\/wp\/v2\/media?parent=15388"}],"wp:term":[{"taxonomy":"product_brand","embeddable":true,"href":"https:\/\/www.bunzyland.com\/es\/wp-json\/wp\/v2\/product_brand?post=15388"},{"taxonomy":"product_cat","embeddable":true,"href":"https:\/\/www.bunzyland.com\/es\/wp-json\/wp\/v2\/product_cat?post=15388"},{"taxonomy":"product_tag","embeddable":true,"href":"https:\/\/www.bunzyland.com\/es\/wp-json\/wp\/v2\/product_tag?post=15388"}],"curies":[{"name":"wp","href":"https:\/\/api.w.org\/{rel}","templated":true}]}}