{"id":15393,"date":"2024-02-19T15:55:54","date_gmt":"2024-02-19T14:55:54","guid":{"rendered":"https:\/\/bunzyland.com\/product\/modern-rabbit-house\/"},"modified":"2025-10-06T16:55:02","modified_gmt":"2025-10-06T14:55:02","slug":"casa-moderna-para-conejos","status":"publish","type":"product","link":"https:\/\/www.bunzyland.com\/es\/producto\/casa-moderna-para-conejos\/","title":{"rendered":"Casa moderna para conejos"},"content":{"rendered":"<h2>Una casa moderna para conejos llena de encanto<\/h2>\n<p>Aporta un toque de modernidad al <strong>recinto de tu conejo<\/strong> con la <strong>Casa Moderna para Conejos<\/strong>. Esta <a href=\"https:\/\/www.bunzyland.com\/es\/casa-conejos\/\"><strong>casa para conejos<\/strong><\/a> redefine los est\u00e1ndares de <strong>alojamiento para conejos<\/strong>: olvida las tradicionales casitas para conejos.<br \/>\nCon su aspecto escandinavo que recuerda a un <strong>tipi<\/strong>, a\u00f1ade un nuevo toque a tu hogar, ofreciendo al mismo tiempo a tu conejo un espacio completamente dedicado a \u00e9l.<\/p>\n<p>Con sus 2 entradas, esta <strong>casa para conejos<\/strong> no solo ofrece un refugio seguro, sino tambi\u00e9n un lugar para que tu peludo pueda jugar y explorar. Imag\u00ednalo saltando felizmente o acurruc\u00e1ndose en su nuevo <strong>escondite para conejos<\/strong>. Es una inversi\u00f3n en su felicidad y salud, proporcionando un entorno estimulante y tranquilizador.<\/p>\n<h3>La casa para conejos que combina confort y serenidad<\/h3>\n<p>Construida con materiales resistentes y suaves, la <strong>Casa Moderna para Conejos<\/strong> garantiza el m\u00e1ximo confort para tu conejo. La estructura s\u00f3lida de esta <strong>casa para conejos<\/strong> protege a tu mascota de las corrientes de aire y el ruido, proporcionando un lugar de descanso seguro y tranquilo.<\/p>\n<p>A los conejos les gusta estar tranquilos y sentirse seguros, por eso prefieren esconderse la mayor parte del tiempo. Elegir este tipo de escondite es la elecci\u00f3n ideal para tu conejo, ya que se sentir\u00e1 <strong>protegido<\/strong> de las miradas indiscretas.<\/p>\n<p>El f\u00e1cil mantenimiento de esta casa para conejos es tambi\u00e9n una gran ventaja. Un h\u00e1bitat limpio es esencial para la salud de tu conejo, y este refugio est\u00e1 dise\u00f1ado para ser f\u00e1cil de limpiar, garantizando un entorno saludable para tu compa\u00f1ero.<\/p>\n<p>Un plus: En el interior, hay un coj\u00edn suave que se puede lavar f\u00e1cilmente a m\u00e1quina.<\/p>\n<p><strong>Caracter\u00edsticas :<\/strong><\/p>\n<ul>\n<li><strong>Materiales:<\/strong> Madera de alta calidad + tejido resistente<\/li>\n<li><strong>Tama\u00f1o:<\/strong> Ancho 38 x Largo 39 x Alto 38 cm<\/li>\n<li><strong>Color:<\/strong> Azul medianoche<\/li>\n<\/ul>\n","protected":false},"excerpt":{"rendered":"<ul>\n<li>Escondite de estilo escandinavo<\/li>\n<li>Dise\u00f1o en forma de tipi<\/li>\n<li>Extremadamente acogedora<\/li>\n<\/ul>\n","protected":false},"featured_media":15394,"comment_status":"closed","ping_status":"closed","template":"","meta":{"_seopress_robots_primary_cat":"none","_seopress_titles_title":"","_seopress_titles_desc":"La Maison pour lapin moderne est la cabane que tout les lapins r\u00eavent d'avoir ! Cette cachette au design scandinave sera son point de rep\u00e8re.","_seopress_robots_index":""},"product_brand":[],"product_cat":[296,272],"product_tag":[],"class_list":{"0":"post-15393","1":"product","2":"type-product","3":"status-publish","4":"has-post-thumbnail","6":"product_cat-bunny-shop","7":"product_cat-casa-conejos","8":"product_shipping_class-ok-mondial-relais","10":"first","11":"instock","12":"taxable","13":"shipping-taxable","14":"purchasable","15":"product-type-simple"},"_links":{"self":[{"href":"https:\/\/www.bunzyland.com\/es\/wp-json\/wp\/v2\/product\/15393","targetHints":{"allow":["GET"]}}],"collection":[{"href":"https:\/\/www.bunzyland.com\/es\/wp-json\/wp\/v2\/product"}],"about":[{"href":"https:\/\/www.bunzyland.com\/es\/wp-json\/wp\/v2\/types\/product"}],"replies":[{"embeddable":true,"href":"https:\/\/www.bunzyland.com\/es\/wp-json\/wp\/v2\/comments?post=15393"}],"wp:featuredmedia":[{"embeddable":true,"href":"https:\/\/www.bunzyland.com\/es\/wp-json\/wp\/v2\/media\/15394"}],"wp:attachment":[{"href":"https:\/\/www.bunzyland.com\/es\/wp-json\/wp\/v2\/media?parent=15393"}],"wp:term":[{"taxonomy":"product_brand","embeddable":true,"href":"https:\/\/www.bunzyland.com\/es\/wp-json\/wp\/v2\/product_brand?post=15393"},{"taxonomy":"product_cat","embeddable":true,"href":"https:\/\/www.bunzyland.com\/es\/wp-json\/wp\/v2\/product_cat?post=15393"},{"taxonomy":"product_tag","embeddable":true,"href":"https:\/\/www.bunzyland.com\/es\/wp-json\/wp\/v2\/product_tag?post=15393"}],"curies":[{"name":"wp","href":"https:\/\/api.w.org\/{rel}","templated":true}]}}