{"id":15401,"date":"2024-02-19T15:55:54","date_gmt":"2024-02-19T14:55:54","guid":{"rendered":"https:\/\/bunzyland.com\/product\/wooden-rabbit-hutch\/"},"modified":"2025-10-06T16:55:02","modified_gmt":"2025-10-06T14:55:02","slug":"puente-de-madera-para-conejos","status":"publish","type":"product","link":"https:\/\/www.bunzyland.com\/es\/producto\/puente-de-madera-para-conejos\/","title":{"rendered":"Puente de madera para conejos"},"content":{"rendered":"<h2>Puente de madera para conejos: un imprescindible en cualquier entorno<\/h2>\n<p>El <strong>Puente de madera para conejos<\/strong> es una invitaci\u00f3n a la aventura para tu conejo. Especialmente dise\u00f1ado para estimular su mente inquisitiva, este tipo de <strong>casita tipo t\u00fanel de madera<\/strong> a\u00f1ade un toque de naturaleza al espacio vital de tu conejo. Es el <strong>accesorio ideal<\/strong> para enriquecer su vida diaria con actividades divertidas y gratificantes.<\/p>\n<p><img fetchpriority=\"high\" decoding=\"async\" class=\"alignnone wp-image-16158\" src=\"https:\/\/mon-lapinnain.com\/wp-content\/uploads\/2024\/01\/Pont-pour-lapin-en-bois-tunnel.png\" alt=\"Puente t\u00fanel de madera para conejos\" width=\"600\" height=\"600\" \/><\/p>\n<p>Adem\u00e1s de ser un parque de juegos fant\u00e1stico, este <strong>puente<\/strong> tambi\u00e9n sirve como <strong>escondite temporal para conejos<\/strong>. Tu conejo puede deslizarse por debajo para descansar o jugar a esconderse, haciendo de este <strong>puente de madera<\/strong> un verdadero dos en uno.<\/p>\n<p>Este <strong>puente para conejos<\/strong> no solo es divertido, sino tambi\u00e9n extremadamente seguro para tu conejo. Fabricado con madera de alta calidad, est\u00e1 dise\u00f1ado para resistir incluso a los exploradores m\u00e1s aventureros. Su naturaleza plegable te permite ajustarlo f\u00e1cilmente al espacio disponible y a las preferencias de tu conejo. Puede utilizarse perfectamente como <strong>t\u00fanel para conejos<\/strong>, rampa o lugar de descanso.<\/p>\n<p><img decoding=\"async\" class=\"alignnone wp-image-16156\" src=\"https:\/\/mon-lapinnain.com\/wp-content\/uploads\/2024\/01\/Pont-pour-lapin-1.png\" alt=\"Puente para conejos\" width=\"600\" height=\"600\" \/><\/p>\n<h3>Un accesorio divertido y polivalente para conejos<\/h3>\n<p>El <strong>Puente de madera para conejos<\/strong> no es solo un <strong>accesorio<\/strong>, es una plataforma creativa para ti y tu conejo. Con su dise\u00f1o plegable y modular, este puente se puede transformar en m\u00faltiples configuraciones, ofreciendo a tu conejo nuevos desaf\u00edos y juegos. Imagina saltar sobre \u00e9l, arrastrarse por debajo o incluso usarlo como un circuito de obst\u00e1culos. Esta flexibilidad <strong>estimula la inteligencia y destreza de tu conejo<\/strong>, manteni\u00e9ndolo activo y feliz.<\/p>\n<p><img decoding=\"async\" class=\"alignnone wp-image-16157\" src=\"https:\/\/mon-lapinnain.com\/wp-content\/uploads\/2024\/01\/pont-pour-lapin-cabane.png\" alt=\"puente para escondite de conejos\" width=\"600\" height=\"600\" \/><\/p>\n<p>Adem\u00e1s, este <strong>puente de madera para conejos<\/strong> encaja perfectamente en diferentes ambientes y decoraciones. Ya vivas en un apartamento o en una casa con un gran jard\u00edn, se adapta f\u00e1cilmente a tu espacio. Es el <strong>accesorio ideal<\/strong> para animar a tu conejo a explorar e interactuar con su entorno.<\/p>\n<p><strong>Caracter\u00edsticas :<\/strong><\/p>\n<ul>\n<li><strong>Materiales:<\/strong> Madera de calidad<\/li>\n<li><strong>Tama\u00f1o:<\/strong> An 50 x Al 30 cm<\/li>\n<\/ul>\n","protected":false},"excerpt":{"rendered":"<ul>\n<li>Tama\u00f1o grande<\/li>\n<li>Natural<\/li>\n<\/ul>\n","protected":false},"featured_media":15402,"comment_status":"closed","ping_status":"closed","template":"","meta":{"_seopress_robots_primary_cat":"none","_seopress_titles_title":"","_seopress_titles_desc":"The wooden rabbit bridge is the essential accessory for your rabbit's hut, tunnel and play area.","_seopress_robots_index":""},"product_brand":[],"product_cat":[278,296,272,285],"product_tag":[],"class_list":{"0":"post-15401","1":"product","2":"type-product","3":"status-publish","4":"has-post-thumbnail","6":"product_cat-accesorios-conejos","7":"product_cat-bunny-shop","8":"product_cat-casa-conejos","9":"product_cat-tunel-conejos","10":"product_shipping_class-ok-mondial-relais","12":"first","13":"instock","14":"taxable","15":"shipping-taxable","16":"purchasable","17":"product-type-simple"},"_links":{"self":[{"href":"https:\/\/www.bunzyland.com\/es\/wp-json\/wp\/v2\/product\/15401","targetHints":{"allow":["GET"]}}],"collection":[{"href":"https:\/\/www.bunzyland.com\/es\/wp-json\/wp\/v2\/product"}],"about":[{"href":"https:\/\/www.bunzyland.com\/es\/wp-json\/wp\/v2\/types\/product"}],"replies":[{"embeddable":true,"href":"https:\/\/www.bunzyland.com\/es\/wp-json\/wp\/v2\/comments?post=15401"}],"wp:featuredmedia":[{"embeddable":true,"href":"https:\/\/www.bunzyland.com\/es\/wp-json\/wp\/v2\/media\/15402"}],"wp:attachment":[{"href":"https:\/\/www.bunzyland.com\/es\/wp-json\/wp\/v2\/media?parent=15401"}],"wp:term":[{"taxonomy":"product_brand","embeddable":true,"href":"https:\/\/www.bunzyland.com\/es\/wp-json\/wp\/v2\/product_brand?post=15401"},{"taxonomy":"product_cat","embeddable":true,"href":"https:\/\/www.bunzyland.com\/es\/wp-json\/wp\/v2\/product_cat?post=15401"},{"taxonomy":"product_tag","embeddable":true,"href":"https:\/\/www.bunzyland.com\/es\/wp-json\/wp\/v2\/product_tag?post=15401"}],"curies":[{"name":"wp","href":"https:\/\/api.w.org\/{rel}","templated":true}]}}