{"id":15414,"date":"2024-02-19T15:56:42","date_gmt":"2024-02-19T14:56:42","guid":{"rendered":"https:\/\/bunzyland.com\/product\/bunny-cushion-bunny-bed\/"},"modified":"2025-11-07T14:21:23","modified_gmt":"2025-11-07T13:21:23","slug":"cojin-bunny-cama-bunny","status":"publish","type":"product","link":"https:\/\/www.bunzyland.com\/es\/producto\/cojin-bunny-cama-bunny\/","title":{"rendered":"Coj\u00edn Bunny | Cama Bunny"},"content":{"rendered":"<h2>El suave coj\u00edn Cama Bunny \ud83d\ude0b<\/h2>\n<p>Tu conejo adorar\u00e1 acurrucarse en nuestro suave y ultra c\u00f3modo <strong>coj\u00edn Cama Bunny para conejos<\/strong> de pilou pilou. Su borde elevado hace que tu conejito se sienta seguro y protegido. Un verdadero nido acogedor para tu bola de pelo. Gracias a su acolchado, esta <strong>cama para conejos<\/strong> es 5 veces m\u00e1s c\u00f3moda que un coj\u00edn convencional.<\/p>\n<h2><img fetchpriority=\"high\" decoding=\"async\" class=\"alignnone wp-image-16562\" src=\"https:\/\/mon-lapinnain.com\/wp-content\/uploads\/2021\/07\/lit-pour-lapin-doux.png\" alt=\"cama para conejos\" width=\"600\" height=\"600\" \/><\/h2>\n<p>La<strong> cama para conejos<\/strong> es ultra c\u00f3moda, su suave material pilou pilou proporciona un confort incomparable. Adm\u00edtelo, \u00a1incluso a ti te gustar\u00eda dormir en ella, verdad?<br \/>\nEs el coj\u00edn ideal para cualquier conejo que busque relajarse y descansar.<\/p>\n<p><img decoding=\"async\" class=\"alignnone wp-image-16559\" src=\"https:\/\/mon-lapinnain.com\/wp-content\/uploads\/2021\/07\/lit-pour-lapin-gris.png\" alt=\"cama para conejos gris\" width=\"600\" height=\"600\" \/><\/p>\n<h2>Una cama para conejos enanos, ideal para descansar<\/h2>\n<p>El <strong>coj\u00edn Cama Bunny para conejos<\/strong> puede colocarse en la habitaci\u00f3n de tu conejo, en su corral o incluso en tu sal\u00f3n. Seguro que a tu conejito le encantar\u00e1 tener su propio rinc\u00f3n en la sala de estar. La <strong>Cama Bunny<\/strong> es el lugar perfecto para una dulce pausa.<\/p>\n<p><img decoding=\"async\" class=\"alignnone wp-image-16560\" src=\"https:\/\/mon-lapinnain.com\/wp-content\/uploads\/2021\/07\/bunny-bed-lit-lapin.png\" alt=\"cama para conejos\" width=\"600\" height=\"600\" \/><\/p>\n<p>Esta cama para conejos es f\u00e1cil de limpiar, ya que puede lavarse a m\u00e1quina a baja temperatura. \u00a1No tienes que preocuparte por los accidentes! La cama tambi\u00e9n tiene una base antideslizante.<\/p>\n<p>Disponible en dos colores, gris o topo, el <strong>coj\u00edn para conejos<\/strong> combina con cualquier interior, aportando un toque de clase y comodidad al espacio de tu conejito.<\/p>\n<p><strong><br \/>\nCaracter\u00edsticas :<br \/>\n<\/strong><\/p>\n<p><strong>Tama\u00f1os:<\/strong> 60 cm<br \/>\n<strong>Colores:<\/strong> 2 colores a elegir<br \/>\n<strong>Materiales:<\/strong> Pelo sint\u00e9tico en el exterior, algod\u00f3n en el interior<\/p>\n","protected":false},"excerpt":{"rendered":"<ul>\n<li>Cama muy suave<\/li>\n<li>Un acogedor capullo<\/li>\n<\/ul>\n<p>&nbsp;<\/p>\n","protected":false},"featured_media":15415,"comment_status":"closed","ping_status":"closed","template":"","meta":{"_seopress_robots_primary_cat":"none","_seopress_titles_title":"","_seopress_titles_desc":"","_seopress_robots_index":""},"product_brand":[],"product_cat":[296,275],"product_tag":[],"class_list":{"0":"post-15414","1":"product","2":"type-product","3":"status-publish","4":"has-post-thumbnail","6":"product_cat-bunny-shop","7":"product_cat-camas-conejos","9":"first","10":"instock","11":"taxable","12":"shipping-taxable","13":"purchasable","14":"product-type-variable","15":"has-default-attributes"},"_links":{"self":[{"href":"https:\/\/www.bunzyland.com\/es\/wp-json\/wp\/v2\/product\/15414","targetHints":{"allow":["GET"]}}],"collection":[{"href":"https:\/\/www.bunzyland.com\/es\/wp-json\/wp\/v2\/product"}],"about":[{"href":"https:\/\/www.bunzyland.com\/es\/wp-json\/wp\/v2\/types\/product"}],"replies":[{"embeddable":true,"href":"https:\/\/www.bunzyland.com\/es\/wp-json\/wp\/v2\/comments?post=15414"}],"wp:featuredmedia":[{"embeddable":true,"href":"https:\/\/www.bunzyland.com\/es\/wp-json\/wp\/v2\/media\/15415"}],"wp:attachment":[{"href":"https:\/\/www.bunzyland.com\/es\/wp-json\/wp\/v2\/media?parent=15414"}],"wp:term":[{"taxonomy":"product_brand","embeddable":true,"href":"https:\/\/www.bunzyland.com\/es\/wp-json\/wp\/v2\/product_brand?post=15414"},{"taxonomy":"product_cat","embeddable":true,"href":"https:\/\/www.bunzyland.com\/es\/wp-json\/wp\/v2\/product_cat?post=15414"},{"taxonomy":"product_tag","embeddable":true,"href":"https:\/\/www.bunzyland.com\/es\/wp-json\/wp\/v2\/product_tag?post=15414"}],"curies":[{"name":"wp","href":"https:\/\/api.w.org\/{rel}","templated":true}]}}