{"id":15426,"date":"2024-02-19T15:56:40","date_gmt":"2024-02-19T14:56:40","guid":{"rendered":"https:\/\/bunzyland.com\/product\/bed-for-rabbit\/"},"modified":"2025-10-06T16:54:49","modified_gmt":"2025-10-06T14:54:49","slug":"cama-para-conejo","status":"publish","type":"product","link":"https:\/\/www.bunzyland.com\/es\/producto\/cama-para-conejo\/","title":{"rendered":"Cama para conejo"},"content":{"rendered":"<h2>Una cama para conejo en forma de hamaca<\/h2>\n<p>\u00bfTu <strong>conejo<\/strong> est\u00e1 constantemente buscando un lugar donde quedarse para sentirse seguro o controlar su entorno? Consigue la <strong>cama para conejo<\/strong> en forma de <strong>hamaca<\/strong>, a tu peque\u00f1o amigo le encantar\u00e1 su nuevo <strong>sof\u00e1<\/strong>.<\/p>\n<p><img fetchpriority=\"high\" decoding=\"async\" class=\"alignnone wp-image-11324\" src=\"https:\/\/mon-lapinnain.com\/wp-content\/uploads\/2023\/04\/lit-pour-lapin-hamac-2.jpg\" alt=\"cama para conejo\" width=\"600\" height=\"503\" \/><\/p>\n<p>Coloca esta <strong>cama para conejo<\/strong> en el recinto de tu conejo y puedes estar seguro de que se subir\u00e1 a ella para inspeccionar los alrededores.<\/p>\n<h2><img decoding=\"async\" class=\"alignnone wp-image-11319\" src=\"https:\/\/mon-lapinnain.com\/wp-content\/uploads\/2023\/04\/hamac-lapin-lit.jpg\" alt=\"Cama para conejos\" width=\"600\" height=\"600\" \/><\/h2>\n<h3>Una cama para conejo ideal para tu peque\u00f1a mascota<\/h3>\n<p>Tu <strong>conejo<\/strong> podr\u00e1 tumbarse completamente para descansar en un lugar elevado. \u00a1Tambi\u00e9n le encantar\u00e1 saltar sobre ella como un loco durante sus quince minutos de locura! Esta <strong>cama para conejo<\/strong> es realmente el <strong>accesorio<\/strong> que tendr\u00e1 su lugar en la sala o el recinto de tu <strong>conejo enano<\/strong>. Elegante y f\u00e1cil de montar, esta <strong>cama para conejo<\/strong> se convertir\u00e1 en su lugar favorito para dormir la siesta.<\/p>\n<h2><img decoding=\"async\" class=\"alignnone wp-image-11322\" src=\"https:\/\/mon-lapinnain.com\/wp-content\/uploads\/2023\/04\/lit-pour-lapin-2.jpg\" alt=\"hamaca para conejo\" width=\"600\" height=\"600\" \/><\/h2>\n<p>Esta <strong>hamaca para conejo<\/strong> tambi\u00e9n puede ser muy \u00fatil durante los d\u00edas calurosos de verano cuando la temperatura supera los 24\u00b0C. El hecho de que la <strong>cama<\/strong> est\u00e9 elevada reduce la sensaci\u00f3n de calor. Puedes colocar una bolsa de hielo envuelta en una toalla debajo, tu <strong>conejo enano,<\/strong> <strong>holland lop<\/strong> o <strong>mini lop<\/strong> estar\u00e1 feliz de tumbarse en un lugar fresco, esto tambi\u00e9n evitar\u00e1 un golpe de calor, a menudo mortal en <strong>conejos<\/strong>.<\/p>\n<p><img loading=\"lazy\" decoding=\"async\" class=\"alignnone wp-image-11318\" src=\"https:\/\/mon-lapinnain.com\/wp-content\/uploads\/2023\/04\/hamac-lapin-1.jpg\" alt=\"Cama para conejo\" width=\"600\" height=\"600\" \/><\/p>\n<p><strong>M\u00e1s detalles sobre esta cama para conejos:<\/strong><\/p>\n<p><strong>Tama\u00f1o: <\/strong>53cm x 48cm x 13cm<br \/>\n<strong>Color:<\/strong> gris con dise\u00f1o de conejos<br \/>\n<strong>Material:<\/strong> Madera y tela<\/p>\n","protected":false},"excerpt":{"rendered":"<ul>\n<li>Cama para conejos<\/li>\n<li>Hamaca para conejos<\/li>\n<li>Mejor cama para conejo<\/li>\n<\/ul>\n","protected":false},"featured_media":15427,"comment_status":"closed","ping_status":"closed","template":"","meta":{"_seopress_robots_primary_cat":"none","_seopress_titles_title":"","_seopress_titles_desc":"The Bed for Rabbit in the shape of a Hammock is the perfect pet bunny bed. Your rabbit will love to sleep on it and watch over his territory","_seopress_robots_index":""},"product_brand":[],"product_cat":[296,275],"product_tag":[],"class_list":{"0":"post-15426","1":"product","2":"type-product","3":"status-publish","4":"has-post-thumbnail","6":"product_cat-bunny-shop","7":"product_cat-camas-conejos","9":"first","10":"instock","11":"taxable","12":"shipping-taxable","13":"purchasable","14":"product-type-simple"},"_links":{"self":[{"href":"https:\/\/www.bunzyland.com\/es\/wp-json\/wp\/v2\/product\/15426","targetHints":{"allow":["GET"]}}],"collection":[{"href":"https:\/\/www.bunzyland.com\/es\/wp-json\/wp\/v2\/product"}],"about":[{"href":"https:\/\/www.bunzyland.com\/es\/wp-json\/wp\/v2\/types\/product"}],"replies":[{"embeddable":true,"href":"https:\/\/www.bunzyland.com\/es\/wp-json\/wp\/v2\/comments?post=15426"}],"wp:featuredmedia":[{"embeddable":true,"href":"https:\/\/www.bunzyland.com\/es\/wp-json\/wp\/v2\/media\/15427"}],"wp:attachment":[{"href":"https:\/\/www.bunzyland.com\/es\/wp-json\/wp\/v2\/media?parent=15426"}],"wp:term":[{"taxonomy":"product_brand","embeddable":true,"href":"https:\/\/www.bunzyland.com\/es\/wp-json\/wp\/v2\/product_brand?post=15426"},{"taxonomy":"product_cat","embeddable":true,"href":"https:\/\/www.bunzyland.com\/es\/wp-json\/wp\/v2\/product_cat?post=15426"},{"taxonomy":"product_tag","embeddable":true,"href":"https:\/\/www.bunzyland.com\/es\/wp-json\/wp\/v2\/product_tag?post=15426"}],"curies":[{"name":"wp","href":"https:\/\/api.w.org\/{rel}","templated":true}]}}