{"id":15436,"date":"2024-02-19T15:56:08","date_gmt":"2024-02-19T14:56:08","guid":{"rendered":"https:\/\/bunzyland.com\/product\/rabbit-hammock-gray\/"},"modified":"2025-10-06T16:54:58","modified_gmt":"2025-10-06T14:54:58","slug":"hamaca-para-conejo-gris","status":"publish","type":"product","link":"https:\/\/www.bunzyland.com\/es\/producto\/hamaca-para-conejo-gris\/","title":{"rendered":"Hamaca para conejo &#8211; Gris"},"content":{"rendered":"<h2>Hamaca para Conejo: Un Divertido Lugar para Dormir en Gris<\/h2>\n<p>La <strong>Hamaca para conejo &#8211; Gris<\/strong> es un accesorio esencial para proporcionar la m\u00e1xima comodidad a tu peludo compa\u00f1ero.<\/p>\n<p>Esta cama para <strong>conejo con forma de hamaca<\/strong> y patas de madera ofrece un espacio personal para que tu conejo duerma o simplemente descanse, como tanto les gusta hacer.<\/p>\n<p><span style=\"font-weight: 400\"><img fetchpriority=\"high\" decoding=\"async\" class=\"alignnone wp-image-11290\" src=\"https:\/\/mon-lapinnain.com\/wp-content\/uploads\/2023\/04\/hamac-lapin.jpg\" alt=\"hamaca para conejo\" width=\"600\" height=\"418\" \/><\/span><\/p>\n<p>La posici\u00f3n elevada de esta <strong>cama para conejos<\/strong> le dar\u00e1 a tu peque\u00f1o una sensaci\u00f3n de seguridad y confort, ya que podr\u00e1 vigilar su entorno, lo cual es esencial para sus instintos naturales. Al ser un animal de presa, los conejos necesitan tener vista de su entorno para sentirse seguros y protegidos.<\/p>\n<p><img decoding=\"async\" class=\"alignnone wp-image-11295\" src=\"https:\/\/mon-lapinnain.com\/wp-content\/uploads\/2023\/04\/lit-pour-lapin-nain.jpg\" alt=\"cama de madera para conejo\" width=\"600\" height=\"600\" \/><\/p>\n<p>Al proporcionarle esta <strong>cama para tu conejo<\/strong>, le ofreces un espacio donde puede descansar tranquilamente y sentirse protegido.<\/p>\n<h3>Una Cama Adorable para Conejos<\/h3>\n<p>Esta <strong>Hamaca para conejo &#8211; Gris<\/strong> es perfecta para uso en interiores, con su tela de rayas grises que se adapta a cualquier habitaci\u00f3n sin desentonar con la decoraci\u00f3n interior. Tambi\u00e9n puedes colocar esta <strong>cama para conejo<\/strong> en el recinto de tu mascota, para que pueda acceder a ella en cualquier momento.<\/p>\n<p><img decoding=\"async\" class=\"alignnone wp-image-11291\" src=\"https:\/\/mon-lapinnain.com\/wp-content\/uploads\/2023\/04\/Hamac-pour-lapin-1.jpg\" alt=\"Cama para conejo\" width=\"600\" height=\"600\" \/><\/p>\n<p>Fabricada con una estructura de madera resistente y un centro de tela r\u00edgida, esta <strong>hamaca para conejo<\/strong> es c\u00f3moda y duradera.<\/p>\n<p>Por \u00faltimo, como esta <strong>cama para conejos<\/strong> est\u00e1 ligeramente elevada del suelo, tu mascota peluda puede disfrutar de una temperatura agradable, sobre todo en verano. Puedes colocar una bolsa de hielo debajo para mantener a tu conejo fresco y c\u00f3modo.<\/p>\n<p><img loading=\"lazy\" decoding=\"async\" class=\"alignnone wp-image-11289\" src=\"https:\/\/mon-lapinnain.com\/wp-content\/uploads\/2023\/04\/hamac-gris-pour-lapin.jpg\" alt=\"hamaca gris para conejo\" width=\"600\" height=\"600\" \/><\/p>\n<p><b>Especificaciones:<\/b><\/p>\n<ul>\n<li>\u00a0 Materiales: Madera y tela<\/li>\n<li>\u00a0 Tama\u00f1o: 53cm x 48cm x 13cm<\/li>\n<li>Color: Patr\u00f3n de rayas grises<\/li>\n<\/ul>\n<p>Para garantizar a tu peque\u00f1o compa\u00f1ero un sue\u00f1o tranquilo y c\u00f3modo, descubre nuestra gama especialmente seleccionada de <a href=\"https:\/\/www.bunzyland.com\/es\/camas-conejos\/\">camas para conejos<\/a>.<\/p>\n","protected":false},"excerpt":{"rendered":"<ul>\n<li>Cama para conejo<\/li>\n<li>Cama de madera<\/li>\n<\/ul>\n","protected":false},"featured_media":15437,"comment_status":"closed","ping_status":"closed","template":"","meta":{"_seopress_robots_primary_cat":"none","_seopress_titles_title":"","_seopress_titles_desc":"The rabbit hammock - gray is an essential resting accessory for the well-being of your pet. This wooden rabbit bed is ideal for napping.","_seopress_robots_index":""},"product_brand":[],"product_cat":[296,275],"product_tag":[],"class_list":{"0":"post-15436","1":"product","2":"type-product","3":"status-publish","4":"has-post-thumbnail","6":"product_cat-bunny-shop","7":"product_cat-camas-conejos","8":"product_shipping_class-ok-mondial-relais","10":"first","11":"instock","12":"taxable","13":"shipping-taxable","14":"purchasable","15":"product-type-simple"},"_links":{"self":[{"href":"https:\/\/www.bunzyland.com\/es\/wp-json\/wp\/v2\/product\/15436","targetHints":{"allow":["GET"]}}],"collection":[{"href":"https:\/\/www.bunzyland.com\/es\/wp-json\/wp\/v2\/product"}],"about":[{"href":"https:\/\/www.bunzyland.com\/es\/wp-json\/wp\/v2\/types\/product"}],"replies":[{"embeddable":true,"href":"https:\/\/www.bunzyland.com\/es\/wp-json\/wp\/v2\/comments?post=15436"}],"wp:featuredmedia":[{"embeddable":true,"href":"https:\/\/www.bunzyland.com\/es\/wp-json\/wp\/v2\/media\/15437"}],"wp:attachment":[{"href":"https:\/\/www.bunzyland.com\/es\/wp-json\/wp\/v2\/media?parent=15436"}],"wp:term":[{"taxonomy":"product_brand","embeddable":true,"href":"https:\/\/www.bunzyland.com\/es\/wp-json\/wp\/v2\/product_brand?post=15436"},{"taxonomy":"product_cat","embeddable":true,"href":"https:\/\/www.bunzyland.com\/es\/wp-json\/wp\/v2\/product_cat?post=15436"},{"taxonomy":"product_tag","embeddable":true,"href":"https:\/\/www.bunzyland.com\/es\/wp-json\/wp\/v2\/product_tag?post=15436"}],"curies":[{"name":"wp","href":"https:\/\/api.w.org\/{rel}","templated":true}]}}