{"id":15446,"date":"2024-02-19T15:56:10","date_gmt":"2024-02-19T14:56:10","guid":{"rendered":"https:\/\/bunzyland.com\/product\/rabbit-carrier-with-extension\/"},"modified":"2025-10-06T16:54:58","modified_gmt":"2025-10-06T14:54:58","slug":"transportin-para-conejos-con-extension","status":"publish","type":"product","link":"https:\/\/www.bunzyland.com\/es\/producto\/transportin-para-conejos-con-extension\/","title":{"rendered":"Transport\u00edn para conejos con extensi\u00f3n"},"content":{"rendered":"<h2><b>Transport\u00edn para conejos: c\u00f3modo con extensi\u00f3n<\/b><\/h2>\n<p>El <strong>transport\u00edn para conejos con extensi\u00f3n<\/strong> es perfecto para transportar de forma segura a tu mascota. Este <strong>transport\u00edn para conejos<\/strong> es ideal para viajar y\/o llevar a tu conejo al veterinario.<\/p>\n<p>Ya sea en coche u otro medio de transporte, esta <strong>bolsa de viaje<\/strong> es la mejor para desplazamientos, ya que est\u00e1 bien ventilada y es muy c\u00f3moda.<\/p>\n<p><img fetchpriority=\"high\" decoding=\"async\" class=\"alignnone wp-image-9446\" src=\"https:\/\/mon-lapinnain.com\/wp-content\/uploads\/2022\/07\/sac-de-transport-lapin-nain.jpg\" alt=\"Transport\u00edn para conejos con extensi\u00f3n\" width=\"600\" height=\"600\" \/><\/p>\n<p>Adem\u00e1s, este <strong>accesorio para conejos<\/strong> se puede extender por ambos lados, dando a tu mascota m\u00e1s espacio.<\/p>\n<h3>La bolsa ideal para tu conejo<\/h3>\n<p>La caracter\u00edstica especial de este <strong>transport\u00edn para conejos con extensi\u00f3n<\/strong> son las aberturas laterales. Este <strong>accesorio para conejos<\/strong> aparentemente \u00abnormal\u00bb cuenta con dos cremalleras a los lados. Estas cremalleras te permiten agrandar la bolsa y ofrecer a tu peque\u00f1o amigo peludo m\u00e1s espacio.<\/p>\n<p><img decoding=\"async\" class=\"alignnone wp-image-9442\" src=\"https:\/\/mon-lapinnain.com\/wp-content\/uploads\/2022\/07\/cage-de-transport-lapin.jpg\" alt=\"Transport\u00edn para conejos\" width=\"600\" height=\"600\" \/><\/p>\n<p>Esto significa que lo que antes era una partici\u00f3n cuando la <strong>bolsa para conejos<\/strong> estaba cerrada, ahora se abrir\u00e1 en forma de T para dar a tu conejo m\u00e1s espacio; ideal para viajar, ya que reduce la sensaci\u00f3n de confinamiento.<\/p>\n<p>Cuando est\u00e1 abierto, los laterales de este <strong>transport\u00edn para conejos con extensi\u00f3n<\/strong> est\u00e1n hechos de malla. Esto permite la circulaci\u00f3n del aire y ofrece a tu amigo de largas orejas una vista clara de los alrededores.<\/p>\n<p><img decoding=\"async\" class=\"alignnone wp-image-9443\" src=\"https:\/\/mon-lapinnain.com\/wp-content\/uploads\/2022\/07\/cage-de-transport-pour-lapin.jpg\" alt=\"Transport\u00edn para conejos para viajar\" width=\"600\" height=\"541\" \/><\/p>\n<p>Por \u00faltimo, esta <strong>bolsa para conejos<\/strong> cuenta con tiras reflectantes que brillan en la oscuridad. Esta es una caracter\u00edstica muy importante a tener en cuenta cuando viajas de noche.<\/p>\n<p><b>M\u00e1s detalles:<\/b><\/p>\n<p>Materiales: Tejido r\u00edgido<br \/>\nColor: Gris o negro<br \/>\nCon alfombrilla suave<\/p>\n<p><b>\u00a0<\/b><\/p>\n<p><img loading=\"lazy\" decoding=\"async\" class=\"alignnone wp-image-9445\" src=\"https:\/\/mon-lapinnain.com\/wp-content\/uploads\/2022\/07\/sac-de-transport-lapin-D.jpg\" alt=\"bolsa para conejo\" width=\"437\" height=\"600\" \/><\/p>\n","protected":false},"excerpt":{"rendered":"<ul>\n<li>Accesorio para conejo<\/li>\n<li>Bolsa para conejo<\/li>\n<\/ul>\n","protected":false},"featured_media":15447,"comment_status":"closed","ping_status":"closed","template":"","meta":{"_seopress_robots_primary_cat":"none","_seopress_titles_title":"","_seopress_titles_desc":"Rabbit carrier with extension is ideal for travelling and taking your rabbit to the vet. It's a rabbit accessory very practical!","_seopress_robots_index":""},"product_brand":[],"product_cat":[278,296,307],"product_tag":[],"class_list":{"0":"post-15446","1":"product","2":"type-product","3":"status-publish","4":"has-post-thumbnail","6":"product_cat-accesorios-conejos","7":"product_cat-bunny-shop","8":"product_cat-transportin-conejos","9":"product_shipping_class-ok-mondial-relais","11":"first","12":"instock","13":"taxable","14":"shipping-taxable","15":"purchasable","16":"product-type-simple"},"_links":{"self":[{"href":"https:\/\/www.bunzyland.com\/es\/wp-json\/wp\/v2\/product\/15446","targetHints":{"allow":["GET"]}}],"collection":[{"href":"https:\/\/www.bunzyland.com\/es\/wp-json\/wp\/v2\/product"}],"about":[{"href":"https:\/\/www.bunzyland.com\/es\/wp-json\/wp\/v2\/types\/product"}],"replies":[{"embeddable":true,"href":"https:\/\/www.bunzyland.com\/es\/wp-json\/wp\/v2\/comments?post=15446"}],"wp:featuredmedia":[{"embeddable":true,"href":"https:\/\/www.bunzyland.com\/es\/wp-json\/wp\/v2\/media\/15447"}],"wp:attachment":[{"href":"https:\/\/www.bunzyland.com\/es\/wp-json\/wp\/v2\/media?parent=15446"}],"wp:term":[{"taxonomy":"product_brand","embeddable":true,"href":"https:\/\/www.bunzyland.com\/es\/wp-json\/wp\/v2\/product_brand?post=15446"},{"taxonomy":"product_cat","embeddable":true,"href":"https:\/\/www.bunzyland.com\/es\/wp-json\/wp\/v2\/product_cat?post=15446"},{"taxonomy":"product_tag","embeddable":true,"href":"https:\/\/www.bunzyland.com\/es\/wp-json\/wp\/v2\/product_tag?post=15446"}],"curies":[{"name":"wp","href":"https:\/\/api.w.org\/{rel}","templated":true}]}}