{"id":15459,"date":"2024-02-19T15:56:17","date_gmt":"2024-02-19T14:56:17","guid":{"rendered":"https:\/\/bunzyland.com\/product\/rabbit-bowl-in-ceramic\/"},"modified":"2025-10-06T16:54:55","modified_gmt":"2025-10-06T14:54:55","slug":"cuenco-para-conejo-de-ceramica","status":"publish","type":"product","link":"https:\/\/www.bunzyland.com\/es\/producto\/cuenco-para-conejo-de-ceramica\/","title":{"rendered":"Cuenco para conejo de cer\u00e1mica"},"content":{"rendered":"<h2><b>Cuenco para conejo de cer\u00e1mica : un comedero pr\u00e1ctico y con dise\u00f1o<\/b><\/h2>\n<p>Este <strong>cuenco para conejo de cer\u00e1mica<\/strong> es perfecto para ense\u00f1ar a tu conejito a comer sin derramar el contenido de su cuenco y esparcirlo por todas partes. De hecho, todos los conejos tienen la costumbre de querer volcar su cuenco y jugar con \u00e9l&#8230; Un poco como los beb\u00e9s \u263a<br \/>\nSin embargo, con este <strong>accesorio para conejo<\/strong>, \u00a1siempre puede intentarlo&#8230; pero sin \u00e9xito!<\/p>\n<p><img fetchpriority=\"high\" decoding=\"async\" class=\"alignnone wp-image-8835\" src=\"https:\/\/mon-lapinnain.com\/wp-content\/uploads\/2022\/03\/gamelle-pour-lapin-anti-renversement.jpg\" alt=\"cuenco para conejo antica\u00edda\" width=\"600\" height=\"600\" \/><\/p>\n<p>S\u00ed, la cer\u00e1mica es un material pesado, especialmente para un conejo peque\u00f1o. Por lo tanto, este <strong>cuenco de comida para conejo<\/strong> puede contener alimento o agua sin ning\u00fan riesgo de derrame.<\/p>\n<h3>\u00bfPor qu\u00e9 elegir un comedero pesado para conejo?<\/h3>\n<p>Este <strong>cuenco para conejo<\/strong> es el tama\u00f1o perfecto para que tu conejo coma y beba sin preocupaciones, en cualquier momento del d\u00eda. Este <strong>cuenco de agua para conejo<\/strong> est\u00e1 hecho de cer\u00e1mica pesada y tiene un soporte de bamb\u00fa. Esto da a\u00fan m\u00e1s estabilidad al cuenco. Y todo el conjunto est\u00e1 perfectamente adaptado al tama\u00f1o de tu conejo enano.<\/p>\n<p>Adem\u00e1s, si dudas sobre el modelo de <strong>comedero para conejo<\/strong>, te recordamos que siempre es recomendable utilizar un cuenco y evitar el <strong>biber\u00f3n para conejo<\/strong>.<\/p>\n<p><img decoding=\"async\" class=\"alignnone wp-image-8834\" src=\"https:\/\/mon-lapinnain.com\/wp-content\/uploads\/2022\/03\/Bol-pour-lapin.jpg\" alt=\"cuenco para conejo\" width=\"600\" height=\"600\" \/><\/p>\n<p>En efecto, aunque el biber\u00f3n tiene algunas ventajas y puede contener gran cantidad de agua, el<strong> biber\u00f3n para conejo<\/strong> no permite una buena postura para beber y puede provocar lesiones dentales a tu querido compa\u00f1ero de largas orejas.<\/p>\n<p>\u00a1Por \u00faltimo pero no menos importante: la higiene!<\/p>\n<p>Como probablemente sabes, a los conejos les gusta estar limpios. Por eso te recordamos que el <strong>cuenco para conejo<\/strong> debe colocarse frente a la caja de arena. As\u00ed, tu conejito podr\u00e1 comer y beber con total tranquilidad.<\/p>\n<p><img decoding=\"async\" class=\"alignnone wp-image-8833\" src=\"https:\/\/mon-lapinnain.com\/wp-content\/uploads\/2022\/03\/Bol-pour-lapin-nain.jpg\" alt=\"cuenco para conejo antideslizante\" width=\"600\" height=\"600\" \/><\/p>\n<p><b>M\u00e1s detalles:<\/b><\/p>\n<ul>\n<li>Colores disponibles: Rosa o gris<\/li>\n<li>Materiales: Madera de bamb\u00fa + cer\u00e1mica<\/li>\n<li>Tama\u00f1o: D 16cm x H 6.5cm (6.3 in x 2.6 in)<\/li>\n<li>Capacidad: 400mL<\/li>\n<\/ul>\n<p>Para asegurar el bienestar y la comodidad de tu conejo, explora nuestra amplia gama de <a href=\"https:\/\/www.bunzyland.com\/es\/accesorios-conejos\/\">accesorios para conejo<\/a>, adaptados a todas sus necesidades.<\/p>\n","protected":false},"excerpt":{"rendered":"<ul>\n<li>Accesorio para conejo<\/li>\n<li>Comedero para conejo<\/li>\n<\/ul>\n","protected":false},"featured_media":15460,"comment_status":"closed","ping_status":"closed","template":"","meta":{"_seopress_robots_primary_cat":"none","_seopress_titles_title":"","_seopress_titles_desc":"Rabbit bowl in ceramic: This heavy rabbit feeeder l is perfect for your pet to eat without spilling food and water. Better than water bottle!","_seopress_robots_index":""},"product_brand":[],"product_cat":[278,290,296],"product_tag":[],"class_list":{"0":"post-15459","1":"product","2":"type-product","3":"status-publish","4":"has-post-thumbnail","6":"product_cat-accesorios-conejos","7":"product_cat-bebedero-para-conejos","8":"product_cat-bunny-shop","9":"product_shipping_class-ok-mondial-relais","11":"first","12":"outofstock","13":"taxable","14":"shipping-taxable","15":"purchasable","16":"product-type-variable","17":"has-default-attributes"},"_links":{"self":[{"href":"https:\/\/www.bunzyland.com\/es\/wp-json\/wp\/v2\/product\/15459","targetHints":{"allow":["GET"]}}],"collection":[{"href":"https:\/\/www.bunzyland.com\/es\/wp-json\/wp\/v2\/product"}],"about":[{"href":"https:\/\/www.bunzyland.com\/es\/wp-json\/wp\/v2\/types\/product"}],"replies":[{"embeddable":true,"href":"https:\/\/www.bunzyland.com\/es\/wp-json\/wp\/v2\/comments?post=15459"}],"wp:featuredmedia":[{"embeddable":true,"href":"https:\/\/www.bunzyland.com\/es\/wp-json\/wp\/v2\/media\/15460"}],"wp:attachment":[{"href":"https:\/\/www.bunzyland.com\/es\/wp-json\/wp\/v2\/media?parent=15459"}],"wp:term":[{"taxonomy":"product_brand","embeddable":true,"href":"https:\/\/www.bunzyland.com\/es\/wp-json\/wp\/v2\/product_brand?post=15459"},{"taxonomy":"product_cat","embeddable":true,"href":"https:\/\/www.bunzyland.com\/es\/wp-json\/wp\/v2\/product_cat?post=15459"},{"taxonomy":"product_tag","embeddable":true,"href":"https:\/\/www.bunzyland.com\/es\/wp-json\/wp\/v2\/product_tag?post=15459"}],"curies":[{"name":"wp","href":"https:\/\/api.w.org\/{rel}","templated":true}]}}