{"id":15470,"date":"2024-02-19T15:56:19","date_gmt":"2024-02-19T14:56:19","guid":{"rendered":"https:\/\/bunzyland.com\/product\/toy-for-rabbit-to-chew\/"},"modified":"2025-10-06T16:54:55","modified_gmt":"2025-10-06T14:54:55","slug":"juguete-para-conejo-para-masticar","status":"publish","type":"product","link":"https:\/\/www.bunzyland.com\/es\/producto\/juguete-para-conejo-para-masticar\/","title":{"rendered":"Juguete para conejo para masticar"},"content":{"rendered":"<h2><b>Juguete para conejo para masticar con forma de zanahoria\u00a0<\/b><\/h2>\n<p>Este <strong>juguete para conejo para masticar<\/strong> en forma de zanahoria naranja es un <strong>accesorio<\/strong> s\u00faper divertido. Sus colores brillantes e intensos atraer\u00e1n a tu conejo para jugar con \u00e9l; \u00a1y podr\u00e1 hacerlo durante horas&#8230; \ud83d\ude0a<\/p>\n<p>Antes que nada, debes saber que masticar es un comportamiento completamente normal en los conejos&#8230; Les encanta masticar todo lo que pueden, con el riesgo de hacerse da\u00f1o: alfombras y diferentes muebles y objetos de la casa&#8230;<\/p>\n<p><img fetchpriority=\"high\" decoding=\"async\" class=\"alignnone wp-image-8738\" src=\"https:\/\/mon-lapinnain.com\/wp-content\/uploads\/2022\/06\/Jouet-pour-lapin-grignoter.jpg\" alt=\"Juguete de zanahoria para conejo\" width=\"600\" height=\"600\" \/><\/p>\n<p>Por lo tanto, este <strong>juguete masticable para conejo<\/strong> les permite satisfacer su deseo y necesidad de roer, \u00a1sin hacerse da\u00f1o!<\/p>\n<p><img decoding=\"async\" class=\"alignnone wp-image-8736\" src=\"https:\/\/mon-lapinnain.com\/wp-content\/uploads\/2022\/06\/Jouet-pour-lapin-a-grignoter.jpg\" alt=\"juguete masticable para conejo\" width=\"600\" height=\"600\" \/><\/p>\n<p>Este <strong>juguete para conejo<\/strong> est\u00e1 hecho de lufa o esponja vegetal. Se trata de una esponja natural de una planta trepadora. Mencionamos esto porque su origen natural deja en claro que este juguete de zanahoria para conejo es completamente comestible. \ud83d\ude0a<\/p>\n<h3>El mejor juguete para conejos<\/h3>\n<p><img decoding=\"async\" class=\"alignnone wp-image-16498\" src=\"https:\/\/mon-lapinnain.com\/wp-content\/uploads\/2022\/07\/jouet-pour-lapin-carotte-a-grignoter.png\" alt=\"juguetes para conejos masticables\" width=\"600\" height=\"600\" \/><\/p>\n<p>Este<strong> juguete<\/strong><strong>\u00a0para conejo<\/strong> es perfecto para entretener y divertir a tu amigo de orejas largas. Se puede masticar en el suelo o colgarse en su jaula con una cuerda. No obstante, ten en cuenta que este <strong>juguete natural para conejo<\/strong> no sustituye de ninguna manera su alimento principal, que es el heno; consid\u00e9ralo como una simple golosina o una ayuda adicional.<\/p>\n<p><img loading=\"lazy\" decoding=\"async\" class=\"alignnone wp-image-8735\" src=\"https:\/\/mon-lapinnain.com\/wp-content\/uploads\/2022\/06\/jeu-pour-lapin-naturel.jpg\" alt=\"zanahoria para juguete de conejo\" width=\"600\" height=\"600\" \/><\/p>\n<p>Por \u00faltimo, pero no menos importante, este <strong>juguete masticable para conejo<\/strong> contribuye a la higiene de los peque\u00f1os dientes de tu conejo.<\/p>\n<p><b>M\u00e1s detalles:<\/b><\/p>\n<ul>\n<li style=\"font-weight: 400\">Modelo: Zanahoria<\/li>\n<li style=\"font-weight: 400\">N\u00famero de piezas: 1<\/li>\n<li style=\"font-weight: 400\">Materiales: Lufa (material natural)<\/li>\n<li style=\"font-weight: 400\">No t\u00f3xico<\/li>\n<\/ul>\n<p>Para a\u00fan m\u00e1s diversi\u00f3n para tu peludo amigo, descubre nuestra selecci\u00f3n de <a href=\"https:\/\/www.bunzyland.com\/es\/juguetes-conejos\/\">juguetes para conejos<\/a> especialmente dise\u00f1ados para su bienestar y disfrute.<\/p>\n","protected":false},"excerpt":{"rendered":"<ul>\n<li>1 zanahoria para picar<\/li>\n<li>No t\u00f3xico<\/li>\n<\/ul>\n","protected":false},"featured_media":15471,"comment_status":"closed","ping_status":"closed","template":"","meta":{"_seopress_robots_primary_cat":"none","_seopress_titles_title":"","_seopress_titles_desc":"The toy for rabbit to chew in the shape of a carrot is ideal for entertaining and satisfying your pet rabbit's urge to nibble.","_seopress_robots_index":""},"product_brand":[],"product_cat":[296,293,269],"product_tag":[],"class_list":{"0":"post-15470","1":"product","2":"type-product","3":"status-publish","4":"has-post-thumbnail","6":"product_cat-bunny-shop","7":"product_cat-juguete-morder","8":"product_cat-juguetes-conejos","9":"product_shipping_class-ok-mondial-relais","11":"first","12":"instock","13":"taxable","14":"shipping-taxable","15":"purchasable","16":"product-type-simple"},"_links":{"self":[{"href":"https:\/\/www.bunzyland.com\/es\/wp-json\/wp\/v2\/product\/15470","targetHints":{"allow":["GET"]}}],"collection":[{"href":"https:\/\/www.bunzyland.com\/es\/wp-json\/wp\/v2\/product"}],"about":[{"href":"https:\/\/www.bunzyland.com\/es\/wp-json\/wp\/v2\/types\/product"}],"replies":[{"embeddable":true,"href":"https:\/\/www.bunzyland.com\/es\/wp-json\/wp\/v2\/comments?post=15470"}],"wp:featuredmedia":[{"embeddable":true,"href":"https:\/\/www.bunzyland.com\/es\/wp-json\/wp\/v2\/media\/15471"}],"wp:attachment":[{"href":"https:\/\/www.bunzyland.com\/es\/wp-json\/wp\/v2\/media?parent=15470"}],"wp:term":[{"taxonomy":"product_brand","embeddable":true,"href":"https:\/\/www.bunzyland.com\/es\/wp-json\/wp\/v2\/product_brand?post=15470"},{"taxonomy":"product_cat","embeddable":true,"href":"https:\/\/www.bunzyland.com\/es\/wp-json\/wp\/v2\/product_cat?post=15470"},{"taxonomy":"product_tag","embeddable":true,"href":"https:\/\/www.bunzyland.com\/es\/wp-json\/wp\/v2\/product_tag?post=15470"}],"curies":[{"name":"wp","href":"https:\/\/api.w.org\/{rel}","templated":true}]}}