{"id":15480,"date":"2024-02-19T15:56:19","date_gmt":"2024-02-19T14:56:19","guid":{"rendered":"https:\/\/bunzyland.com\/product\/rabbit-brush-in-silicone\/"},"modified":"2025-10-06T16:54:55","modified_gmt":"2025-10-06T14:54:55","slug":"cepillo-de-silicona-para-conejos","status":"publish","type":"product","link":"https:\/\/www.bunzyland.com\/es\/producto\/cepillo-de-silicona-para-conejos\/","title":{"rendered":"Cepillo de silicona para conejos"},"content":{"rendered":"<h2><b>Cepillo para conejos: el accesorio de silicona s\u00faper eficiente<\/b><\/h2>\n<p>El <strong>cepillo de silicona para conejos<\/strong> es uno de los accesorios imprescindibles cuando adoptas un peque\u00f1o conejo. El <strong>cepillo para conejos<\/strong> es ideal para cepillar a tu conejo de forma regular o incluso diaria, especialmente durante los periodos de muda. Elimina el pelo muerto que queda en el cuerpo de tu mascota y previene el desarrollo de nuevo pelo. As\u00ed te aseguras de que el pelaje de tu mascota est\u00e9 siempre sedoso, suave y brillante.<\/p>\n<p><img fetchpriority=\"high\" decoding=\"async\" class=\"alignnone wp-image-8713 size-full\" src=\"https:\/\/mon-lapinnain.com\/wp-content\/uploads\/2022\/03\/Brosse-lapin-nain_1.gif\" alt=\"Cepillo para conejos\" width=\"400\" height=\"208\" \/><\/p>\n<p>Este <strong>accesorio para conejos<\/strong> te permite cepillar y peinar a tu mascota sin hacerle da\u00f1o. Con este <strong>cepillo de aseo para conejos<\/strong>, podr\u00e1s pasar agradables momentos de complicidad con tu querido compa\u00f1ero de largas orejas.<\/p>\n<h3>El mejor accesorio de aseo para conejos<\/h3>\n<p>El <strong>cepillo de silicona para conejos<\/strong> es perfecto para el cuidado de tu fiel compa\u00f1ero. Puedes cepillar a tu conejo con total seguridad y sin riesgo de arrancarle el pelo. Este <strong>accesorio para conejos<\/strong> no contiene bordes afilados, metal ni otros materiales que puedan hacerle da\u00f1o.<\/p>\n<p><img decoding=\"async\" class=\"alignnone wp-image-8716\" src=\"https:\/\/mon-lapinnain.com\/wp-content\/uploads\/2022\/03\/Brosse-lapin.jpg\" alt=\"Cepillo para conejos\" width=\"600\" height=\"600\" \/><\/p>\n<p>De hecho, las puntas de este <strong>cepillo para conejos<\/strong> est\u00e1n hechas de silicona, son suaves y tambi\u00e9n permiten masajear a tu conejo&#8230; \u00a1Ver\u00e1s que le encantar\u00e1!<\/p>\n<p>Adem\u00e1s, la forma de este accesorio es ergon\u00f3mica y especialmente dise\u00f1ada para ser c\u00f3moda en tu mano.<\/p>\n<p>\u00a1Atenci\u00f3n! El cepillado de los conejos est\u00e1 altamente recomendado, incluso es vital, ya que evita la ingesti\u00f3n de pelos muertos; este proceso puede causar una ralentizaci\u00f3n o incluso una parada del tr\u00e1nsito intestinal (lo que es fatal para el conejo).<\/p>\n<p><b>M\u00e1s detalles:<\/b><\/p>\n<ul>\n<li>Colores disponibles: Rosa<\/li>\n<li>Tama\u00f1o: 8cm (cabezal)<\/li>\n<li>Materiales: Silicona<\/li>\n<\/ul>\n<p><img decoding=\"async\" class=\"alignnone wp-image-11253\" src=\"https:\/\/mon-lapinnain.com\/wp-content\/uploads\/2022\/04\/petite-brosse-pour-lapin.jpg\" alt=\"Cepillo para conejos rosa\" width=\"600\" height=\"600\" \/><\/p>\n","protected":false},"excerpt":{"rendered":"<ul>\n<li>Accesorio para conejos<\/li>\n<li>El mejor cepillo para conejos<\/li>\n<\/ul>\n","protected":false},"featured_media":15481,"comment_status":"closed","ping_status":"closed","template":"","meta":{"_seopress_robots_primary_cat":"none","_seopress_titles_title":"","_seopress_titles_desc":"The rabbit brush in silicone is ideal for grooming, it also helps to prevent the ingestion of dead hair. It's the best for rabbit grooming!","_seopress_robots_index":""},"product_brand":[],"product_cat":[278,296,309],"product_tag":[],"class_list":{"0":"post-15480","1":"product","2":"type-product","3":"status-publish","4":"has-post-thumbnail","6":"product_cat-accesorios-conejos","7":"product_cat-bunny-shop","8":"product_cat-cepillo-conejos","9":"product_shipping_class-ok-mondial-relais","11":"first","12":"instock","13":"sale","14":"taxable","15":"shipping-taxable","16":"purchasable","17":"product-type-variable","18":"has-default-attributes"},"_links":{"self":[{"href":"https:\/\/www.bunzyland.com\/es\/wp-json\/wp\/v2\/product\/15480","targetHints":{"allow":["GET"]}}],"collection":[{"href":"https:\/\/www.bunzyland.com\/es\/wp-json\/wp\/v2\/product"}],"about":[{"href":"https:\/\/www.bunzyland.com\/es\/wp-json\/wp\/v2\/types\/product"}],"replies":[{"embeddable":true,"href":"https:\/\/www.bunzyland.com\/es\/wp-json\/wp\/v2\/comments?post=15480"}],"wp:featuredmedia":[{"embeddable":true,"href":"https:\/\/www.bunzyland.com\/es\/wp-json\/wp\/v2\/media\/15481"}],"wp:attachment":[{"href":"https:\/\/www.bunzyland.com\/es\/wp-json\/wp\/v2\/media?parent=15480"}],"wp:term":[{"taxonomy":"product_brand","embeddable":true,"href":"https:\/\/www.bunzyland.com\/es\/wp-json\/wp\/v2\/product_brand?post=15480"},{"taxonomy":"product_cat","embeddable":true,"href":"https:\/\/www.bunzyland.com\/es\/wp-json\/wp\/v2\/product_cat?post=15480"},{"taxonomy":"product_tag","embeddable":true,"href":"https:\/\/www.bunzyland.com\/es\/wp-json\/wp\/v2\/product_tag?post=15480"}],"curies":[{"name":"wp","href":"https:\/\/api.w.org\/{rel}","templated":true}]}}