{"id":15491,"date":"2024-02-19T15:56:20","date_gmt":"2024-02-19T14:56:20","guid":{"rendered":"https:\/\/bunzyland.com\/product\/toy-for-rabbit-snuffle-ball\/"},"modified":"2025-10-06T16:54:55","modified_gmt":"2025-10-06T14:54:55","slug":"juguete-para-conejo-bola-olfativa","status":"publish","type":"product","link":"https:\/\/www.bunzyland.com\/es\/producto\/juguete-para-conejo-bola-olfativa\/","title":{"rendered":"Juguete para conejo bola olfativa"},"content":{"rendered":"<h2><b>Juguete para conejo: una bola olfativa como juguete de excavaci\u00f3n<\/b><\/h2>\n<p>El <strong>juguete para conejo bola olfativa<\/strong> es un juguete altamente estimulante y entretenido para tu mascota. Este <strong>juguete para conejo<\/strong> est\u00e1 basado en la <strong>alfombrilla de forrajeo para conejos<\/strong>, pero en versi\u00f3n bola. La forma redonda es muy popular entre nuestros amigos conejos.<\/p>\n<p><img fetchpriority=\"high\" decoding=\"async\" class=\"alignnone wp-image-9559 size-full\" src=\"https:\/\/mon-lapinnain.com\/wp-content\/uploads\/2022\/05\/jouet-pour-lapin-balle-fouille.gif\" alt=\"Juguete para conejo bola olfativa\" width=\"300\" height=\"300\" \/><\/p>\n<p>Esta <strong>bola para conejo<\/strong> no es solo un simple juguete para jugar \u263a De hecho, el <strong>juguete de excavaci\u00f3n para conejos<\/strong> permite esconder dentro tus premios favoritos, como peque\u00f1os trozos de manzana o ar\u00e1ndanos secos.<br \/>\nEsta actividad va a entretener y estimular mucho a tu mascota, que no dudar\u00e1 en dar la vuelta a la bola para recoger sus premios.<\/p>\n<p>As\u00ed que este <strong>juguete para conejo<\/strong> es perfecto para mantener a tu peque\u00f1a bola de pelo en forma y desarrollar su inteligencia.<\/p>\n<h2>\u00bfC\u00f3mo jugar con tu conejo?<\/h2>\n<p>\u00a1Jugar con tu peque\u00f1o amigo con este <strong>juguete para conejo bola olfativa<\/strong> es muy sencillo!<br \/>\nComo su nombre lo indica, este <strong>juguete para conejo<\/strong> se basa en el mismo principio que una alfombrilla de b\u00fasqueda para mascotas.<\/p>\n<p>As\u00ed que, para jugar con tu conejo, solo tienes que esconder entre las tiras de tela los premios favoritos de tu amigo de orejas largas. \u00c9l podr\u00e1 olfatear y buscarlos.<\/p>\n<p><img decoding=\"async\" class=\"alignnone wp-image-13027 size-full\" src=\"https:\/\/mon-lapinnain.com\/wp-content\/uploads\/2022\/05\/balle-pour-lapin.gif\" alt=\"Juguete para conejo bola olfativa\" width=\"350\" height=\"350\" \/><\/p>\n<p>As\u00ed que, si quieres estimular la mente y la inteligencia de tu peque\u00f1a bola de pelo, no hay nada como este <strong>juguete de excavaci\u00f3n para conejos<\/strong> para mantenerlo en forma a todos los niveles.<\/p>\n<p><b>M\u00e1s detalles:<\/b><\/p>\n<ul>\n<li>Color: Naranja \/ Blanco \/ Amarillo \/ Verde<\/li>\n<li>Tama\u00f1o: 15 cm (5,91 in)<\/li>\n<\/ul>\n","protected":false},"excerpt":{"rendered":"<ul>\n<li>Bola para conejo<\/li>\n<li>Juguet\u00f3n<\/li>\n<\/ul>\n","protected":false},"featured_media":15492,"comment_status":"closed","ping_status":"closed","template":"","meta":{"_seopress_robots_primary_cat":"none","_seopress_titles_title":"","_seopress_titles_desc":"This toy for rabbit snuffle ball is ideal for entertaining and stimulating both the physical and mental development of the rabbit.","_seopress_robots_index":""},"product_brand":[],"product_cat":[296,269],"product_tag":[],"class_list":{"0":"post-15491","1":"product","2":"type-product","3":"status-publish","4":"has-post-thumbnail","6":"product_cat-bunny-shop","7":"product_cat-juguetes-conejos","8":"product_shipping_class-ok-mondial-relais","10":"first","11":"instock","12":"taxable","13":"shipping-taxable","14":"purchasable","15":"product-type-simple"},"_links":{"self":[{"href":"https:\/\/www.bunzyland.com\/es\/wp-json\/wp\/v2\/product\/15491","targetHints":{"allow":["GET"]}}],"collection":[{"href":"https:\/\/www.bunzyland.com\/es\/wp-json\/wp\/v2\/product"}],"about":[{"href":"https:\/\/www.bunzyland.com\/es\/wp-json\/wp\/v2\/types\/product"}],"replies":[{"embeddable":true,"href":"https:\/\/www.bunzyland.com\/es\/wp-json\/wp\/v2\/comments?post=15491"}],"wp:featuredmedia":[{"embeddable":true,"href":"https:\/\/www.bunzyland.com\/es\/wp-json\/wp\/v2\/media\/15492"}],"wp:attachment":[{"href":"https:\/\/www.bunzyland.com\/es\/wp-json\/wp\/v2\/media?parent=15491"}],"wp:term":[{"taxonomy":"product_brand","embeddable":true,"href":"https:\/\/www.bunzyland.com\/es\/wp-json\/wp\/v2\/product_brand?post=15491"},{"taxonomy":"product_cat","embeddable":true,"href":"https:\/\/www.bunzyland.com\/es\/wp-json\/wp\/v2\/product_cat?post=15491"},{"taxonomy":"product_tag","embeddable":true,"href":"https:\/\/www.bunzyland.com\/es\/wp-json\/wp\/v2\/product_tag?post=15491"}],"curies":[{"name":"wp","href":"https:\/\/api.w.org\/{rel}","templated":true}]}}