{"id":15540,"date":"2024-02-19T15:56:41","date_gmt":"2024-02-19T14:56:41","guid":{"rendered":"https:\/\/bunzyland.com\/product\/rabbit-pen-with-tunnel\/"},"modified":"2025-10-06T16:54:48","modified_gmt":"2025-10-06T14:54:48","slug":"parque-para-conejos-con-tunel","status":"publish","type":"product","link":"https:\/\/www.bunzyland.com\/es\/producto\/parque-para-conejos-con-tunel\/","title":{"rendered":"Parque para conejos con t\u00fanel"},"content":{"rendered":"<h2>Un parque para conejos 2en1 con t\u00fanel<\/h2>\n<p>El <strong>recinto para conejos<\/strong> 2 en 1 es una forma pr\u00e1ctica de ampliar el espacio vital de tu <strong>conejo<\/strong>. Este <strong>parque para conejos<\/strong> <strong>con t\u00fanel<\/strong> ser\u00e1 una verdadera ventaja en su entorno.<\/p>\n<p>Consta de una parte de <strong>tienda<\/strong> y una parte de t\u00fanel. La parte de <strong>t\u00fanel<\/strong> es una verdadera ventaja para tu <strong>conejo<\/strong>, puede esconderse y divertirse.<\/p>\n<p><strong>M\u00e1s detalles sobre este parque para conejos:<\/strong><\/p>\n<p>Tama\u00f1o: Tienda 47cm x 45cm \/ 18,50&#8243; x 17,71&#8243; &#8211; T\u00fanel 120cm x 26cm : 47,24&#8243; x 10,23&#8243;<br \/>\nColor: Disponible en 2 colores diferentes<br \/>\nMaterial: Poli\u00e9ster<\/p>\n","protected":false},"excerpt":{"rendered":"<p>Un parque para conejos 2en1 con t\u00fanel El recinto para conejos 2 en 1 es una forma pr\u00e1ctica de ampliar el espacio vital de tu conejo. Este parque para conejos con t\u00fanel ser\u00e1 una verdadera ventaja en su entorno. Consta de una parte de tienda y una parte de t\u00fanel. La parte de t\u00fanel es [&hellip;]<\/p>\n","protected":false},"featured_media":15541,"comment_status":"closed","ping_status":"closed","template":"","meta":{"_seopress_robots_primary_cat":"none","_seopress_titles_title":"","_seopress_titles_desc":"Rabbit pen with tunnel is a toy and a playpen at the same time! Your bunny will love this new toy and bunny pen! A perfect supply for him!","_seopress_robots_index":""},"product_brand":[],"product_cat":[296,299,301,285],"product_tag":[],"class_list":{"0":"post-15540","1":"product","2":"type-product","3":"status-publish","4":"has-post-thumbnail","6":"product_cat-bunny-shop","7":"product_cat-offers","8":"product_cat-recinto-conejos","9":"product_cat-tunel-conejos","11":"first","12":"outofstock","13":"sale","14":"taxable","15":"shipping-taxable","16":"purchasable","17":"product-type-simple"},"_links":{"self":[{"href":"https:\/\/www.bunzyland.com\/es\/wp-json\/wp\/v2\/product\/15540","targetHints":{"allow":["GET"]}}],"collection":[{"href":"https:\/\/www.bunzyland.com\/es\/wp-json\/wp\/v2\/product"}],"about":[{"href":"https:\/\/www.bunzyland.com\/es\/wp-json\/wp\/v2\/types\/product"}],"replies":[{"embeddable":true,"href":"https:\/\/www.bunzyland.com\/es\/wp-json\/wp\/v2\/comments?post=15540"}],"wp:featuredmedia":[{"embeddable":true,"href":"https:\/\/www.bunzyland.com\/es\/wp-json\/wp\/v2\/media\/15541"}],"wp:attachment":[{"href":"https:\/\/www.bunzyland.com\/es\/wp-json\/wp\/v2\/media?parent=15540"}],"wp:term":[{"taxonomy":"product_brand","embeddable":true,"href":"https:\/\/www.bunzyland.com\/es\/wp-json\/wp\/v2\/product_brand?post=15540"},{"taxonomy":"product_cat","embeddable":true,"href":"https:\/\/www.bunzyland.com\/es\/wp-json\/wp\/v2\/product_cat?post=15540"},{"taxonomy":"product_tag","embeddable":true,"href":"https:\/\/www.bunzyland.com\/es\/wp-json\/wp\/v2\/product_tag?post=15540"}],"curies":[{"name":"wp","href":"https:\/\/api.w.org\/{rel}","templated":true}]}}