{"id":14709,"date":"2025-10-17T13:26:00","date_gmt":"2025-10-17T11:26:00","guid":{"rendered":"https:\/\/bunzyland.com\/?post_type=product&#038;p=14709"},"modified":"2025-10-17T13:26:01","modified_gmt":"2025-10-17T11:26:01","slug":"giocattolo-per-coniglietto-furbo","status":"publish","type":"product","link":"https:\/\/www.bunzyland.com\/it\/prodotto\/giocattolo-per-coniglietto-furbo\/","title":{"rendered":"Giocattolo per coniglietto furbo"},"content":{"rendered":"<p><\/p>\n<h2 class=\"wp-block-heading\" id=\"h-jouet-pour-lapin-malin-un-jeu-intelligent-et-rigolo-pour-ton-petit-curieux\">Giocattolo per coniglietto furbo: un gioco intelligente e divertente per il tuo piccolo curioso \ud83c\udfb2\ud83d\udca1<\/h2>\n<p><\/p>\n<p><\/p>\n<p>Stai cercando <strong>come giocare con il tuo coniglio<\/strong> in modo pi\u00f9 interattivo e soprattutto pi\u00f9 stimolante? Questo <strong>giocattolo per coniglietto furbo<\/strong> diventer\u00e0 presto il vostro nuovo momento di complicit\u00e0 \ud83e\udd70! Con la sua sfera trasparente sospesa su una molla, il tuo coniglio dovr\u00e0 essere furbo e paziente per raggiungere i suoi snack preferiti.<br \/>Risultato? Si <strong>diverte<\/strong>, <strong>riflette<\/strong> e tu&#8230; ti sciogli nel vederlo cos\u00ec concentrato! \ud83d\ude0d<\/p>\n<p><\/p>\n<p><\/p>\n<figure class=\"wp-block-image size-full is-resized\"><img decoding=\"async\" src=\"https:\/\/mon-lapinnain.com\/wp-content\/uploads\/2025\/09\/Jouet-pour-lapin-friandises-1.jpg\" alt=\"Giocattolo per coniglio snack\" class=\"wp-image-24413\" style=\"width:600px\" \/><\/figure>\n<p><\/p>\n<p><\/p>\n<p>Questo <strong>giocattolo intelligente per coniglio<\/strong> non \u00e8 solo un passatempo, ma un vero stimolo per il suo benessere mentale, soprattutto se il tuo coniglietto vive in <strong>recinto<\/strong> o libero. Potr\u00e0 trascorrerci lunghi minuti, completamente immerso nella sua &#8220;missione&#8221;! E tu, godrai un momento troppo tenero da guardare. <\/p>\n<p><\/p>\n<p><\/p>\n<figure class=\"wp-block-image size-full is-resized\"><img decoding=\"async\" src=\"https:\/\/mon-lapinnain.com\/wp-content\/uploads\/2025\/09\/jouet-pour-lapin-rigolo.gif\" alt=\"giocattolo per coniglio divertente\" class=\"wp-image-24412\" style=\"width:400px\" \/><\/figure>\n<p><\/p>\n<p><\/p>\n<p>\u00c8 IL <strong>giocattolo per coniglio<\/strong> da avere in casa, soprattutto se il tuo tesorino \u00e8 troppo furbo per accontentarsi di un semplice tunnel. \ud83d\ude09<\/p>\n<p><\/p>\n<p><\/p>\n<h3 class=\"wp-block-heading\" id=\"h-un-jouet-pour-lapin-nain-qui-eveille-son-instinct-tout-en-douceur\">Un giocattolo per coniglio nano che risveglia il suo istinto con dolcezza \ud83d\udc3e<\/h3>\n<p><\/p>\n<p><\/p>\n<p>Questo <strong>giocattolo per coniglio nano<\/strong> \u00e8 pensato per stimolare il suo istinto naturale di ricerca e caccia degli snack \ud83c\udf4e. Addio ai momenti di noia! Grazie a questo <strong>gioco per coniglio<\/strong>, il tuo piccolo dovr\u00e0 spingere, annusare, dare piccoli colpetti con il muso o con le zampe per muovere la sfera e far uscire gli snack nascosti all\u2019interno. E credimi, ci torner\u00e0 ancora e ancora!<\/p>\n<p><\/p>\n<p><\/p>\n<figure class=\"wp-block-image size-full is-resized\"><img decoding=\"async\" src=\"https:\/\/mon-lapinnain.com\/wp-content\/uploads\/2025\/09\/Jouet-pour-lapin-malin.jpg\" alt=\"Giocattolo per coniglietto furbo\" class=\"wp-image-24415\" style=\"width:600px\" \/><\/figure>\n<p><\/p>\n<p><\/p>\n<p>Oltre a essere super carino da osservare, questo <strong>giocattolo per coniglio<\/strong> favorisce l\u2019attivit\u00e0 fisica e mentale. Perfetto se vuoi offrirgli un\u2019attivit\u00e0 quotidiana senza stress, adatta al suo ritmo. Quindi se vuoi davvero creare un legame ancora pi\u00f9 forte con lui, arricchendo la sua giornata, questo giocattolo \u00e8 perfetto per voi due. \ud83d\udc30\ud83d\udc9b<\/p>\n<p><\/p>\n<p><\/p>\n<p>Caratteristiche:<\/p>\n<p><\/p>\n<p><\/p>\n<ul class=\"wp-block-list\"><\/p>\n<li>Giocattolo per coniglio con snack<\/li>\n<p><\/p>\n<p><\/p>\n<li>Materiali: Legno, Metallo e plastica<\/li>\n<p><\/p>\n<p><\/p>\n<li>Idee di snack da inserire all\u2019interno: pezzi di frutta (mele, fragole&#8230;)<\/li>\n<p><\/ul>\n<p><\/p>\n<p><\/p>\n<p>\ud83d\udc49 Scopri anche tutta la nostra <strong>collezione di giocattoli per coniglio<\/strong> per variare il divertimento e tenere il tuo coniglietto sempre stimolato e felice!<\/p>\n<p><\/p>","protected":false},"excerpt":{"rendered":"<p data-pm-slice=\"1 1 []\">\u2705 Il gioco preferito dai coniglietti furbi<br \/>\u2705 Crea momenti adorabili insieme<br \/>\ud83d\ude31 Stock molto limitato<\/p>\n","protected":false},"featured_media":14586,"comment_status":"closed","ping_status":"closed","template":"","meta":{"_seopress_robots_primary_cat":"","_seopress_titles_title":"","_seopress_titles_desc":"","_seopress_robots_index":""},"product_brand":[],"product_cat":[267],"product_tag":[],"class_list":{"0":"post-14709","1":"product","2":"type-product","3":"status-publish","4":"has-post-thumbnail","6":"product_cat-giochi-conigli","8":"first","9":"outofstock","10":"taxable","11":"shipping-taxable","12":"purchasable","13":"product-type-simple"},"_links":{"self":[{"href":"https:\/\/www.bunzyland.com\/it\/wp-json\/wp\/v2\/product\/14709","targetHints":{"allow":["GET"]}}],"collection":[{"href":"https:\/\/www.bunzyland.com\/it\/wp-json\/wp\/v2\/product"}],"about":[{"href":"https:\/\/www.bunzyland.com\/it\/wp-json\/wp\/v2\/types\/product"}],"replies":[{"embeddable":true,"href":"https:\/\/www.bunzyland.com\/it\/wp-json\/wp\/v2\/comments?post=14709"}],"wp:featuredmedia":[{"embeddable":true,"href":"https:\/\/www.bunzyland.com\/it\/wp-json\/wp\/v2\/media\/14586"}],"wp:attachment":[{"href":"https:\/\/www.bunzyland.com\/it\/wp-json\/wp\/v2\/media?parent=14709"}],"wp:term":[{"taxonomy":"product_brand","embeddable":true,"href":"https:\/\/www.bunzyland.com\/it\/wp-json\/wp\/v2\/product_brand?post=14709"},{"taxonomy":"product_cat","embeddable":true,"href":"https:\/\/www.bunzyland.com\/it\/wp-json\/wp\/v2\/product_cat?post=14709"},{"taxonomy":"product_tag","embeddable":true,"href":"https:\/\/www.bunzyland.com\/it\/wp-json\/wp\/v2\/product_tag?post=14709"}],"curies":[{"name":"wp","href":"https:\/\/api.w.org\/{rel}","templated":true}]}}