{"id":14713,"date":"2025-10-17T13:25:57","date_gmt":"2025-10-17T11:25:57","guid":{"rendered":"https:\/\/bunzyland.com\/?post_type=product&#038;p=14713"},"modified":"2025-10-17T17:17:59","modified_gmt":"2025-10-17T15:17:59","slug":"giocattolo-per-conigli-ruota-misteriosa","status":"publish","type":"product","link":"https:\/\/www.bunzyland.com\/it\/prodotto\/giocattolo-per-conigli-ruota-misteriosa\/","title":{"rendered":"Giocattolo per conigli Ruota Misteriosa"},"content":{"rendered":"<p><\/p>\n<h2 class=\"wp-block-heading\" id=\"h-jouet-pour-lapin-roue-mystere-le-jeu-malin-et-ludique\">Giocattolo per conigli Ruota Misteriosa: il gioco furbo e divertente\ud83e\udde0 <\/h2>\n<p><\/p>\n<p><\/p>\n<p>Il tuo coniglio merita molto pi\u00f9 di un semplice accessorio: ha bisogno di divertirsi, riflettere, scoprire&#8230; Ed \u00e8 esattamente ci\u00f2 che gli offre la <strong>Ruota Misteriosa<\/strong>, un <strong>giocattolo per coniglio<\/strong> tanto adorabile quanto intelligente \ud83d\udc9b. <\/p>\n<p><\/p>\n<p><\/p>\n<figure class=\"wp-block-image size-full is-resized\"><img decoding=\"async\" src=\"https:\/\/mon-lapinnain.com\/wp-content\/uploads\/2025\/09\/Jouet-pour-lapin-activite.jpg\" alt=\"Giocattolo per coniglio attivit\u00e0\" class=\"wp-image-24426\" style=\"width:600px\" \/><\/figure>\n<p><\/p>\n<p><\/p>\n<p>Questo <strong>giocattolo per conigli<\/strong> funziona con un sistema di scomparti da far ruotare, nei quali puoi nascondere piccoli premi, pezzetti di frutta come la mela per esempio. Sta a lui trovarli!<\/p>\n<p><\/p>\n<p><\/p>\n<figure class=\"wp-block-image size-full is-resized\"><img decoding=\"async\" src=\"https:\/\/mon-lapinnain.com\/wp-content\/uploads\/2025\/09\/jouet-lapin-drole.gif\" alt=\"giocattolo coniglio divertente\" class=\"wp-image-24425\" style=\"width:400px\" \/><\/figure>\n<p><\/p>\n<p><\/p>\n<p>\u00c8 un <strong>gioco per coniglio<\/strong> che stimola olfatto, memoria, concentrazione&#8230; e ovviamente lo stomaco \ud83d\ude0b. Ideale per tenere occupato il tuo compagno mentre lavori, o semplicemente per condividere del tempo insieme. Se ti chiedi <strong>come giocare con il tuo coniglio<\/strong> in modo utile e divertente, questo \u00e8 il gioco perfetto per entrambi!<\/p>\n<p><\/p>\n<p><\/p>\n<figure class=\"wp-block-image size-full is-resized\"><img decoding=\"async\" src=\"https:\/\/mon-lapinnain.com\/wp-content\/uploads\/2025\/09\/Jouet-pour-lapin-intelligent-2.jpg\" alt=\"Giocattolo per coniglio intelligente\" class=\"wp-image-24429\" style=\"width:600px\" \/><\/figure>\n<p><\/p>\n<p><\/p>\n<h3 class=\"wp-block-heading\" id=\"h-un-jouet-d-intelligence-pour-lapin-qui-change-tout\">Un giocattolo d&#8217;intelligenza per conigli che cambia tutto \ud83c\udfaf <\/h3>\n<p><\/p>\n<p><\/p>\n<p>Non \u00e8 un giocattolo qualunque. La <strong>Ruota Misteriosa<\/strong> \u00e8 un <strong>giocattolo d&#8217;intelligenza per coniglio<\/strong> pensato per stimolare la mente ed evitare la noia. Perfetto per conigli in <strong>recinto o semi-libert\u00e0<\/strong>, rompe la routine integrandosi perfettamente in casa tua grazie al suo look delicato e minimal \ud83c\udf3c.<\/p>\n<p><\/p>\n<p><\/p>\n<figure class=\"wp-block-image size-full is-resized\"><img decoding=\"async\" src=\"https:\/\/mon-lapinnain.com\/wp-content\/uploads\/2025\/09\/Jouet-pour-lapin-roue-1.jpg\" alt=\"Giocattolo per coniglio ruota\" class=\"wp-image-24430\" style=\"width:600px\" \/><\/figure>\n<p><\/p>\n<p><\/p>\n<p>Che il tuo coniglio sia molto giocherellone o molto goloso, capir\u00e0 subito il meccanismo&#8230; e non potr\u00e0 pi\u00f9 farne a meno! Inoltre, manger\u00e0 pi\u00f9 lentamente i premi e si muover\u00e0 di pi\u00f9. La combinazione perfetta per il suo benessere.\ud83d\ude00<\/p>\n<p><\/p>\n<p><\/p>\n<p>Caratteristiche: <\/p>\n<p><\/p>\n<p><\/p>\n<ul class=\"wp-block-list\"><\/p>\n<li>Giocattolo per coniglio da condividere insieme<\/li>\n<p><\/p>\n<p><\/p>\n<li>Materiali: Plastica dura<\/li>\n<p><\/p>\n<p><\/p>\n<li>Colore: Giallo<\/li>\n<p><\/ul>\n<p><\/p>\n<p><\/p>\n<p>\ud83d\udc49 E se vuoi andare oltre, dai un\u2019occhiata alla nostra collezione completa di <strong>giocattoli per conigli<\/strong>, <strong>giochi d\u2019intelligenza<\/strong> e tante altre sorprese da scoprire qui \ud83e\uddfa\ud83d\udc95<\/p>\n<p><\/p>\n<p><\/p>\n<p><\/p>\n","protected":false},"excerpt":{"rendered":"<p>\u2705 Gioco intelligente &amp; goloso allo stesso tempo<br data-start=\"241\" data-end=\"244\" \/>\u2705 Prodotto testato e approvato dai coniglietti<br data-start=\"287\" data-end=\"290\" \/>\ud83d\ude31 Scorte molto limitate, non aspettare troppo!<\/p>\n","protected":false},"featured_media":14621,"comment_status":"closed","ping_status":"closed","template":"","meta":{"_seopress_robots_primary_cat":"","_seopress_titles_title":"","_seopress_titles_desc":"","_seopress_robots_index":""},"product_brand":[],"product_cat":[267],"product_tag":[],"class_list":{"0":"post-14713","1":"product","2":"type-product","3":"status-publish","4":"has-post-thumbnail","6":"product_cat-giochi-conigli","8":"first","9":"outofstock","10":"taxable","11":"shipping-taxable","12":"purchasable","13":"product-type-simple"},"_links":{"self":[{"href":"https:\/\/www.bunzyland.com\/it\/wp-json\/wp\/v2\/product\/14713","targetHints":{"allow":["GET"]}}],"collection":[{"href":"https:\/\/www.bunzyland.com\/it\/wp-json\/wp\/v2\/product"}],"about":[{"href":"https:\/\/www.bunzyland.com\/it\/wp-json\/wp\/v2\/types\/product"}],"replies":[{"embeddable":true,"href":"https:\/\/www.bunzyland.com\/it\/wp-json\/wp\/v2\/comments?post=14713"}],"wp:featuredmedia":[{"embeddable":true,"href":"https:\/\/www.bunzyland.com\/it\/wp-json\/wp\/v2\/media\/14621"}],"wp:attachment":[{"href":"https:\/\/www.bunzyland.com\/it\/wp-json\/wp\/v2\/media?parent=14713"}],"wp:term":[{"taxonomy":"product_brand","embeddable":true,"href":"https:\/\/www.bunzyland.com\/it\/wp-json\/wp\/v2\/product_brand?post=14713"},{"taxonomy":"product_cat","embeddable":true,"href":"https:\/\/www.bunzyland.com\/it\/wp-json\/wp\/v2\/product_cat?post=14713"},{"taxonomy":"product_tag","embeddable":true,"href":"https:\/\/www.bunzyland.com\/it\/wp-json\/wp\/v2\/product_tag?post=14713"}],"curies":[{"name":"wp","href":"https:\/\/api.w.org\/{rel}","templated":true}]}}