{"id":14715,"date":"2025-10-17T13:25:53","date_gmt":"2025-10-17T11:25:53","guid":{"rendered":"https:\/\/bunzyland.com\/?post_type=product&#038;p=14715"},"modified":"2025-10-17T13:25:54","modified_gmt":"2025-10-17T11:25:54","slug":"casetta-coniglio-castello","status":"publish","type":"product","link":"https:\/\/www.bunzyland.com\/it\/prodotto\/casetta-coniglio-castello\/","title":{"rendered":"Casetta Coniglio Castello"},"content":{"rendered":"<p><\/p> <h2 class=\"wp-block-heading\" id=\"h-cabane-lapin-chateau-un-vrai-palais-pour-ton-lapin\">Casetta Coniglio Castello: un vero palazzo per il tuo coniglio \ud83c\udff0<\/h2> <p><\/p> <p><\/p> <p>E se regalassi al tuo coniglio la <strong>casetta dei suoi sogni<\/strong>? Questa <strong>Casetta Coniglio Castello<\/strong> \u00e8 molto pi\u00f9 di un semplice <strong>rifugio<\/strong>: \u00e8 una vera <strong>casa per coniglio<\/strong> degna della sua maest\u00e0! Con le sue piccole finestre, la rampa centrale e i muri in stile <strong>castello<\/strong> fortificato, il tuo coniglio potr\u00e0 giocare, arrampicarsi, esplorare e riposare&#8230; come un vero re (o una vera regina) \ud83d\udc51<\/p> <p><\/p> <p><\/p> <figure class=\"wp-block-image size-full is-resized\"><img decoding=\"async\" src=\"https:\/\/mon-lapinnain.com\/wp-content\/uploads\/2025\/09\/Chateau-lapin-cabane.jpg\" alt=\"casetta castello per coniglio\" class=\"wp-image-24439\" style=\"width:600px\" \/><\/figure> <p><\/p> <p><\/p> <p>Realizzata in legno naturale, questa <strong>casetta per coniglio<\/strong> si integra perfettamente in un <strong>recinto o uno spazio libero<\/strong>. Offre al tuo coniglio un <strong>nascondiglio<\/strong> sicuro, un punto d&#8217;osservazione rialzato e un posto tranquillo dove fare il pisolino.<br \/>\u00c8 allo stesso tempo una <strong>tana per coniglio<\/strong>, un\u2019area giochi e una <strong>casetta per coniglio<\/strong> che stimola il suo istinto senza compromettere il suo benessere.<\/p> <p><\/p> <p><\/p> <p>E in pi\u00f9? \u00c8 adorabile, resistente e facile da montare \ud83d\udc3e<\/p> <p><\/p> <p><\/p> <figure class=\"wp-block-image size-full is-resized\"><img decoding=\"async\" src=\"https:\/\/mon-lapinnain.com\/wp-content\/uploads\/2025\/09\/cabane-pour-lapin-1.jpg\" alt=\"casetta per coniglio\" class=\"wp-image-24438\" style=\"width:600px\" \/><\/figure> <p><\/p> <p><\/p> <h3 class=\"wp-block-heading\">Un castello di legno per coniglio per divertirsi, nascondersi e sentirsi a casa \ud83d\udc95<\/h3> <p><\/p> <p><\/p> <p>Questa <strong>casetta in legno<\/strong> \u00e8 pensata per rispondere ai veri bisogni del tuo compagno: nascondersi quando ne sente la necessit\u00e0, muoversi, arrampicarsi, esplorare&#8230; e soprattutto, avere uno spazio tutto per s\u00e9.<br \/>Grazie al suo design intelligente, questo <strong>castello per coniglio<\/strong> stimola il suo comportamento naturale aiutandolo a sentirsi rassicurato e al sicuro. La <strong>casetta per coniglio<\/strong> diventer\u00e0 presto <strong>il suo posto preferito<\/strong>, quello dove va quando desidera tranquillit\u00e0 ma anche dove saltella di gioia quando \u00e8 pieno di energia.<\/p> <p><\/p> <p><\/p> <figure class=\"wp-block-image size-full is-resized\"><img decoding=\"async\" src=\"https:\/\/mon-lapinnain.com\/wp-content\/uploads\/2025\/09\/cabane-lapin.jpg\" alt=\"casetta coniglio\" class=\"wp-image-24436\" style=\"width:600px\" \/><\/figure> <p><\/p> <p><\/p> <p>Vedrai, una volta adottata, passer\u00e0 le sue giornate a esplorare, arrampicarsi e nascondersi. Questo <strong>castello di legno per coniglio<\/strong> diventer\u00e0 <strong>il suo rifugio<\/strong> preferito&#8230; e anche il tuo, solo per guardarlo mentre si diverte \ud83d\udc95<\/p> <p><\/p> <p><\/p> <p>Caratteristiche: <\/p> <p><\/p> <p><\/p> <ul class=\"wp-block-list\"><\/p> <li>Castello per coniglio in legno<\/li> <p><\/p> <p><\/p> <li>Materiali: Legno naturale non trattato<\/li> <p><\/p> <p><\/p> <li>Dimensioni: Lunghezza 83cm &#8211; Altezza 34cm &#8211; Larghezza: 29cm<\/li> <p><\/ul> <p><\/p> <p><\/p> <figure class=\"wp-block-image size-full is-resized\"><img decoding=\"async\" src=\"https:\/\/mon-lapinnain.com\/wp-content\/uploads\/2025\/09\/grand-chateau-lapin.jpg\" alt=\"grande castello per coniglio\" class=\"wp-image-24516\" style=\"width:600px\" \/><\/figure> <p><\/p> <p><\/p> <p>\u2728 Vuoi completare il suo regno? Scopri la nostra collezione di casette e case per coniglio e crea per lui un vero universo tutto suo \ud83c\udfe1\ud83d\udc07<\/p> <p><\/p> <p><\/p> <p><\/p>","protected":false},"excerpt":{"rendered":"<p>\u2705 Casetta in legno pensata per i conigli<br \/> <strong data-start=\"326\" data-end=\"367\"><span style=\"font-weight: 400\">\u2705 <\/span><\/strong>Il suo rifugio da piccolo re (o regina!)<br data-start=\"367\" data-end=\"370\" \/>\u23f3 <strong data-start=\"372\" data-end=\"404\">Stock limitato, non aspettare!<\/strong><\/p>\n","protected":false},"featured_media":14656,"comment_status":"closed","ping_status":"closed","template":"","meta":{"_seopress_robots_primary_cat":"","_seopress_titles_title":"","_seopress_titles_desc":"","_seopress_robots_index":""},"product_brand":[],"product_cat":[270],"product_tag":[],"class_list":{"0":"post-14715","1":"product","2":"type-product","3":"status-publish","4":"has-post-thumbnail","6":"product_cat-casa-conigli","8":"first","9":"outofstock","10":"taxable","11":"shipping-taxable","12":"purchasable","13":"product-type-simple"},"_links":{"self":[{"href":"https:\/\/www.bunzyland.com\/it\/wp-json\/wp\/v2\/product\/14715","targetHints":{"allow":["GET"]}}],"collection":[{"href":"https:\/\/www.bunzyland.com\/it\/wp-json\/wp\/v2\/product"}],"about":[{"href":"https:\/\/www.bunzyland.com\/it\/wp-json\/wp\/v2\/types\/product"}],"replies":[{"embeddable":true,"href":"https:\/\/www.bunzyland.com\/it\/wp-json\/wp\/v2\/comments?post=14715"}],"wp:featuredmedia":[{"embeddable":true,"href":"https:\/\/www.bunzyland.com\/it\/wp-json\/wp\/v2\/media\/14656"}],"wp:attachment":[{"href":"https:\/\/www.bunzyland.com\/it\/wp-json\/wp\/v2\/media?parent=14715"}],"wp:term":[{"taxonomy":"product_brand","embeddable":true,"href":"https:\/\/www.bunzyland.com\/it\/wp-json\/wp\/v2\/product_brand?post=14715"},{"taxonomy":"product_cat","embeddable":true,"href":"https:\/\/www.bunzyland.com\/it\/wp-json\/wp\/v2\/product_cat?post=14715"},{"taxonomy":"product_tag","embeddable":true,"href":"https:\/\/www.bunzyland.com\/it\/wp-json\/wp\/v2\/product_tag?post=14715"}],"curies":[{"name":"wp","href":"https:\/\/api.w.org\/{rel}","templated":true}]}}