{"id":14717,"date":"2025-10-17T13:25:55","date_gmt":"2025-10-17T11:25:55","guid":{"rendered":"https:\/\/bunzyland.com\/?post_type=product&#038;p=14717"},"modified":"2025-10-17T13:25:56","modified_gmt":"2025-10-17T11:25:56","slug":"casetta-per-coniglio-grigia","status":"publish","type":"product","link":"https:\/\/www.bunzyland.com\/it\/prodotto\/casetta-per-coniglio-grigia\/","title":{"rendered":"Casetta per coniglio grigia"},"content":{"rendered":"<p><\/p>\n<h2 class=\"wp-block-heading\" id=\"h-cabane-pour-lapin-grise-un-cocon-rassurant-pour-ton-lapinou\">Casetta per coniglio grigia: un rifugio rassicurante per il tuo coniglietto<\/h2>\n<p><\/p>\n<p><\/p>\n<p>Regala al tuo coniglio un posto tutto suo, morbido, sicuro e adorabile. Questa <strong>Casetta per Coniglio Grigia<\/strong> \u00e8 molto pi\u00f9 di un semplice accessorio: \u00e8 il suo <strong>nascondiglio preferito<\/strong>, quello in cui andr\u00e0 a riposarsi quando ha bisogno di tranquillit\u00e0&#8230; o semplicemente per allontanarsi dal mondo. La sua forma di <strong>piccola casetta chiusa<\/strong>, con ingresso arrotondato, dona una vera sensazione di rifugio.<\/p>\n<p><\/p>\n<p><\/p>\n<figure class=\"wp-block-image size-full is-resized\"><img decoding=\"async\" src=\"https:\/\/mon-lapinnain.com\/wp-content\/uploads\/2025\/09\/cabane-lapin-1.jpg\" alt=\"casetta coniglio\" class=\"wp-image-24444\" style=\"width:600px\" \/><\/figure>\n<p><\/p>\n<p><\/p>\n<p>All&#8217;interno? Un <strong>cuscino morbido<\/strong>, removibile, su cui potr\u00e0 acciambellarsi per fare il pisolino in tutta sicurezza. E credimi, una volta che l&#8217;avr\u00e0 provata, non vorr\u00e0 pi\u00f9 lasciarla \ud83d\udca4<\/p>\n<p><\/p>\n<p><\/p>\n<figure class=\"wp-block-image size-full is-resized\"><img decoding=\"async\" src=\"https:\/\/mon-lapinnain.com\/wp-content\/uploads\/2025\/09\/cabane-lapin-maison.jpg\" alt=\"casetta coniglio casa\" class=\"wp-image-24448\" style=\"width:600px\" \/><\/figure>\n<p><\/p>\n<p><\/p>\n<p>\u00c8 molto pi\u00f9 di un <strong>nascondiglio per coniglio<\/strong>: \u00e8 la sua <strong>piccola casetta<\/strong>, il posto in cui si sente protetto. Il suo design semplice si adatta a qualsiasi interno e trova facilmente posto nel suo <strong>recinto <\/strong>o <strong>spazio<\/strong>.<\/p>\n<p><\/p>\n<p><\/p>\n<h3 class=\"wp-block-heading\" id=\"h-une-cachette-pour-lapin-douce-rassurante-et-stylee\">Un nascondiglio per coniglio dolce, rassicurante e di stile<\/h3>\n<p><\/p>\n<p><\/p>\n<p>I conigli sono animali sensibili che hanno bisogno di sentirsi al sicuro. Una <strong>casetta per coniglio<\/strong> come questa risponde proprio a questa esigenza: \u00e8 un <strong>nascondiglio perfetto<\/strong> per rilassarsi, dormire o nascondersi nei momenti di stress.<\/p>\n<p><\/p>\n<p><\/p>\n<figure class=\"wp-block-image size-full is-resized\"><img decoding=\"async\" src=\"https:\/\/mon-lapinnain.com\/wp-content\/uploads\/2025\/09\/Cabane-lapin-confortable-grise.jpg\" alt=\"Casetta coniglio confortevole grigia\" class=\"wp-image-24446\" style=\"width:600px\" \/><\/figure>\n<p><\/p>\n<p><\/p>\n<p>La <strong>casetta per coniglio<\/strong> \u00e8 abbastanza spaziosa per un coniglio nano adulto, ma resta accogliente e avvolgente. Il tessuto esterno morbido e strutturato e il cuscino interno soffice donano una sensazione di comfort immediato.<br \/>\u00c8 anche una bella alternativa a una <strong>classica casa per coniglio<\/strong>: pi\u00f9 calda, pi\u00f9 carina&#8230; e decisamente pi\u00f9 apprezzata \ud83d\udc07\ud83d\udc99<\/p>\n<p><\/p>\n<p><\/p>\n<p>Perch\u00e9 un coniglio felice \u00e8 un coniglio che ha <strong>un piccolo posto tutto suo dove sentirsi bene<\/strong>.<\/p>\n<p><\/p>\n<p><\/p>\n<figure class=\"wp-block-image size-full is-resized\"><img decoding=\"async\" src=\"https:\/\/mon-lapinnain.com\/wp-content\/uploads\/2025\/09\/maison-lapin-pas-cher.jpg\" alt=\"casetta coniglio economica\" class=\"wp-image-24449\" style=\"width:600px\" \/><\/figure>\n<p><\/p>\n<p><\/p>\n<p>Caratteristiche:<\/p>\n<p><\/p>\n<p><\/p>\n<ul class=\"wp-block-list\"><\/p>\n<li>Casetta per coniglio<\/li>\n<p><\/p>\n<p><\/p>\n<li>Colore: Grigio<\/li>\n<p><\/p>\n<p><\/p>\n<li>Materiali: Tessuto morbido<\/li>\n<p><\/p>\n<p><\/p>\n<li>Dimensioni: l 36cm x L 36cm x H 36cm<\/li>\n<p><\/ul>\n<p><\/p>\n<p><\/p>\n<p><\/p>\n<p><\/p>\n<p>\u2728 E se vuoi ancora pi\u00f9 idee per creare per lui <strong>un angolo accogliente<\/strong>, scopri tutta la nostra collezione di casette e di case per conigli \ud83d\udc30\ud83d\udc95<br \/>Trover\u00e0 sicuramente <strong>il suo nascondiglio preferito<\/strong>.<\/p>\n<p><\/p>","protected":false},"excerpt":{"rendered":"<p>\u2705 Nascondiglio rassicurante per il tuo coniglio\ud83c\udfe0<br \/>\u2705 Il suo angolo preferito dove dormire e nascondersi\ud83d\udca4<br \/>\ud83d\ude31 Stock molto limitato, rendilo felice subito!<\/p>\n","protected":false},"featured_media":14681,"comment_status":"closed","ping_status":"closed","template":"","meta":{"_seopress_robots_primary_cat":"","_seopress_titles_title":"","_seopress_titles_desc":"","_seopress_robots_index":""},"product_brand":[],"product_cat":[270],"product_tag":[],"class_list":{"0":"post-14717","1":"product","2":"type-product","3":"status-publish","4":"has-post-thumbnail","6":"product_cat-casa-conigli","8":"first","9":"instock","10":"taxable","11":"shipping-taxable","12":"purchasable","13":"product-type-simple"},"_links":{"self":[{"href":"https:\/\/www.bunzyland.com\/it\/wp-json\/wp\/v2\/product\/14717","targetHints":{"allow":["GET"]}}],"collection":[{"href":"https:\/\/www.bunzyland.com\/it\/wp-json\/wp\/v2\/product"}],"about":[{"href":"https:\/\/www.bunzyland.com\/it\/wp-json\/wp\/v2\/types\/product"}],"replies":[{"embeddable":true,"href":"https:\/\/www.bunzyland.com\/it\/wp-json\/wp\/v2\/comments?post=14717"}],"wp:featuredmedia":[{"embeddable":true,"href":"https:\/\/www.bunzyland.com\/it\/wp-json\/wp\/v2\/media\/14681"}],"wp:attachment":[{"href":"https:\/\/www.bunzyland.com\/it\/wp-json\/wp\/v2\/media?parent=14717"}],"wp:term":[{"taxonomy":"product_brand","embeddable":true,"href":"https:\/\/www.bunzyland.com\/it\/wp-json\/wp\/v2\/product_brand?post=14717"},{"taxonomy":"product_cat","embeddable":true,"href":"https:\/\/www.bunzyland.com\/it\/wp-json\/wp\/v2\/product_cat?post=14717"},{"taxonomy":"product_tag","embeddable":true,"href":"https:\/\/www.bunzyland.com\/it\/wp-json\/wp\/v2\/product_tag?post=14717"}],"curies":[{"name":"wp","href":"https:\/\/api.w.org\/{rel}","templated":true}]}}