{"id":14723,"date":"2025-10-17T13:26:04","date_gmt":"2025-10-17T11:26:04","guid":{"rendered":"https:\/\/bunzyland.com\/?post_type=product&#038;p=14723"},"modified":"2025-10-17T14:27:58","modified_gmt":"2025-10-17T12:27:58","slug":"portafieno-per-conigli-in-tessuto","status":"publish","type":"product","link":"https:\/\/www.bunzyland.com\/it\/prodotto\/portafieno-per-conigli-in-tessuto\/","title":{"rendered":"Portafieno per conigli in tessuto"},"content":{"rendered":"<p><\/p>\n<h2 class=\"wp-block-heading\" id=\"h-ratelier-foin-lapin-sac-propre-pratique-et-trop-craquant\">Portafieno per conigli in tessuto: pulito, pratico\u2026 e irresistibile \ud83d\udc30\ud83c\udf3f<\/h2>\n<p><\/p>\n<p><\/p>\n<p>Questo <strong>portafieno per conigli<\/strong> ti cambier\u00e0 la vita (e anche quella del tuo coniglio). Anche tu sei stanco del <strong>fieno<\/strong> che si sparge ovunque nell\u2019<strong>area recintata<\/strong> o sotto le zampette? \ud83d\ude05 \u00c8 semplice: appendi questa <strong>borsa portafieno per conigli<\/strong> alla griglia, la riempi, e voil\u00e0, il tuo coniglio ne va matto\u2026 senza spargere met\u00e0 in giro.<\/p>\n<p><\/p>\n<p><\/p>\n<figure class=\"wp-block-image size-full is-resized\"><img decoding=\"async\" src=\"https:\/\/mon-lapinnain.com\/wp-content\/uploads\/2025\/09\/Sac-a-foin-lapin.jpg\" alt=\"Borsa portafieno per conigli\" class=\"wp-image-24341\" style=\"width:600px\" \/><\/figure>\n<p><\/p>\n<p><\/p>\n<p>Parliamoci chiaro: tra pip\u00ec territoriali, salti di gioia e zampette un po\u2019 sporche, l\u2019<strong>angolo fieno<\/strong> pu\u00f2 diventare un disastro. Ma ora, puoi rilassarti. Perch\u00e9? Perch\u00e9 questo <strong>portafieno per conigli<\/strong> \u00e8 <strong>impermeabile<\/strong>!<br \/>\ud83e\uddfc Gli schizzi? Non assorbe nulla. Le macchie? Niente. Un colpo di spugna o un lavaggio delicato e torna come nuovo. Amerai quanto questo <strong>portafieno<\/strong> resta pulito senza sforzi!<\/p>\n<p><\/p>\n<p><\/p>\n<figure class=\"wp-block-image size-full is-resized\"><img decoding=\"async\" src=\"https:\/\/mon-lapinnain.com\/wp-content\/uploads\/2025\/09\/ratelier-foin-lapin-impermeable.jpg\" alt=\"portafieno per conigli impermeabile\" class=\"wp-image-24339\" style=\"width:600px\" \/><\/figure>\n<p><\/p>\n<p><\/p>\n<p>Questo <strong>portafieno per conigli<\/strong> \u00e8 anche un vero valore aggiunto in termini di arricchimento. Grazie alle aperture verticali, il tuo <strong>coniglio<\/strong> dovr\u00e0 tirare un po\u2019 per prendere il <strong>fieno<\/strong>. Risultato: mangia pi\u00f9 lentamente, si intrattiene e, in pi\u00f9\u2026 spreca meno. S\u00ec, pensiamo proprio a tutto. \ud83d\ude04<\/p>\n<p><\/p>\n<p><\/p>\n<figure class=\"wp-block-image size-full is-resized\"><img decoding=\"async\" src=\"https:\/\/mon-lapinnain.com\/wp-content\/uploads\/2025\/09\/ratelier-foin-lapin-sac.jpg\" alt=\"portafieno per conigli in tessuto\" class=\"wp-image-24340\" style=\"width:600px\" \/><\/figure>\n<p><\/p>\n<p><\/p>\n<h3 class=\"wp-block-heading\">Un accessorio per conigli semplice\u2026 ma geniale \ud83e\udde0<\/h3>\n<p><\/p>\n<p><\/p>\n<p>Questa <strong>borsa portafieno per conigli<\/strong> \u00e8 un <strong>accessorio per conigli<\/strong> a cui non potrai pi\u00f9 rinunciare. Leggera, pieghevole, facile da appendere (anche per chi non ha manualit\u00e0 \ud83d\ude05), occupa poco spazio e mantiene l\u2019angolo pappa bello ordinato. Puoi anche portarla facilmente in viaggio se il tuo coniglio viene con te!<\/p>\n<p><\/p>\n<p><\/p>\n<figure class=\"wp-block-image size-full is-resized\"><img decoding=\"async\" src=\"https:\/\/mon-lapinnain.com\/wp-content\/uploads\/2025\/09\/sac-a-foin-lapin-nain.jpg\" alt=\"borsa portafieno per coniglio nano\" class=\"wp-image-24343\" style=\"width:600px\" \/><\/figure>\n<p><\/p>\n<p><\/p>\n<p>E poi, vogliamo parlare del motivo adorabile con coniglietti tra il fogliame? \ud83c\udf38 Insomma, \u00e8 l\u2019<strong>accessorio<\/strong> discreto ma intelligente che ti durer\u00e0 a lungo.<\/p>\n<p><\/p>\n<p><\/p>\n<p>\u2728<strong>Consiglio:<\/strong> Appendilo sopra la sua lettiera, lo adorer\u00e0. Facilita anche l\u2019addestramento alla pulizia.<\/p>\n<p><\/p>\n<p><\/p>\n<p>Caratteristiche:<\/p>\n<p><\/p>\n<p><\/p>\n<ul class=\"wp-block-list\"><\/p>\n<li><strong>Portafieno per conigli impermeabile<\/strong><\/li>\n<p><\/p>\n<p><\/p>\n<li>Dimensioni: l 34cm x H 27cm<\/li>\n<p><\/p>\n<p><\/p>\n<li>Fatto a mano<\/li>\n<p><\/p>\n<p><\/p>\n<li>Gancio in metallo<\/li>\n<p><\/ul>\n<p><\/p>\n<p><\/p>\n<figure class=\"wp-block-image size-full is-resized\"><img decoding=\"async\" src=\"https:\/\/mon-lapinnain.com\/wp-content\/uploads\/2025\/09\/sac-a-foin-lapin-grand.jpg\" alt=\"borsa portafieno per coniglio grande\" class=\"wp-image-24342\" style=\"width:600px\" \/><\/figure>\n<p><\/p>\n<p><\/p>\n<p>\ud83d\udc49 Vuoi un recinto pulito e un coniglio felice? Scopri anche i nostri altri <strong>accessori per conigli<\/strong> e <strong>portafieni per conigli<\/strong> \ud83d\udc30\ud83d\udc9a<\/p>\n<p><\/p>\n<p><\/p>\n<p><\/p>","protected":false},"excerpt":{"rendered":"<p data-pm-slice=\"1 1 []\">\u2705 Borsa impermeabile<br \/>\u2705 Fieno sempre asciutto &amp; pulito<br \/>\ud83d\ude31 Scorte limitate!<\/p>\n","protected":false},"featured_media":14396,"comment_status":"closed","ping_status":"closed","template":"","meta":{"_seopress_robots_primary_cat":"","_seopress_titles_title":"","_seopress_titles_desc":"","_seopress_robots_index":""},"product_brand":[],"product_cat":[276,280],"product_tag":[],"class_list":{"0":"post-14723","1":"product","2":"type-product","3":"status-publish","4":"has-post-thumbnail","6":"product_cat-accessori-conigli","7":"product_cat-mangiatore-fieno-conigli","9":"first","10":"instock","11":"taxable","12":"shipping-taxable","13":"purchasable","14":"product-type-simple"},"_links":{"self":[{"href":"https:\/\/www.bunzyland.com\/it\/wp-json\/wp\/v2\/product\/14723","targetHints":{"allow":["GET"]}}],"collection":[{"href":"https:\/\/www.bunzyland.com\/it\/wp-json\/wp\/v2\/product"}],"about":[{"href":"https:\/\/www.bunzyland.com\/it\/wp-json\/wp\/v2\/types\/product"}],"replies":[{"embeddable":true,"href":"https:\/\/www.bunzyland.com\/it\/wp-json\/wp\/v2\/comments?post=14723"}],"wp:featuredmedia":[{"embeddable":true,"href":"https:\/\/www.bunzyland.com\/it\/wp-json\/wp\/v2\/media\/14396"}],"wp:attachment":[{"href":"https:\/\/www.bunzyland.com\/it\/wp-json\/wp\/v2\/media?parent=14723"}],"wp:term":[{"taxonomy":"product_brand","embeddable":true,"href":"https:\/\/www.bunzyland.com\/it\/wp-json\/wp\/v2\/product_brand?post=14723"},{"taxonomy":"product_cat","embeddable":true,"href":"https:\/\/www.bunzyland.com\/it\/wp-json\/wp\/v2\/product_cat?post=14723"},{"taxonomy":"product_tag","embeddable":true,"href":"https:\/\/www.bunzyland.com\/it\/wp-json\/wp\/v2\/product_tag?post=14723"}],"curies":[{"name":"wp","href":"https:\/\/api.w.org\/{rel}","templated":true}]}}