{"id":14743,"date":"2025-10-17T13:26:22","date_gmt":"2025-10-17T11:26:22","guid":{"rendered":"https:\/\/bunzyland.com\/?post_type=product&#038;p=14743"},"modified":"2025-10-17T13:26:23","modified_gmt":"2025-10-17T11:26:23","slug":"letto-per-coniglio-midnight","status":"publish","type":"product","link":"https:\/\/www.bunzyland.com\/it\/prodotto\/letto-per-coniglio-midnight\/","title":{"rendered":"Letto per coniglio Midnight"},"content":{"rendered":"<p><\/p>\n<h2 class=\"wp-block-heading\" id=\"h-le-lit-pour-lapin-midnight-cosy-comme-jamais\">Il Letto per coniglio Midnight, accogliente come mai prima<\/h2>\n<p><\/p>\n<p><\/p>\n<p>Se cerchi la <strong>cuccia per coniglio<\/strong> perfetta, quella che unisce stile, comfort e un\u2019adorabile dolcezza&#8230; sei proprio nel posto giusto\ud83d\udca4.<br \/>Il <strong>letto per coniglio Midnight<\/strong> non \u00e8 solo un semplice <strong>lettino per coniglio<\/strong>, \u00e8 il suo piccolo <strong>snugabun<\/strong> tutto per lui, il suo spazio tutto suo per sentirsi calmo, protetto e felice.<\/p>\n<p><\/p>\n<p><\/p>\n<figure class=\"wp-block-image size-full is-resized\"><img decoding=\"async\" src=\"https:\/\/mon-lapinnain.com\/wp-content\/uploads\/2025\/09\/Lit-pour-lapin-midnight.jpg\" alt=\"Letto per coniglio midnight\" class=\"wp-image-24302\" style=\"width:600px\" \/><\/figure>\n<p><\/p>\n<p><\/p>\n<p>Con i suoi due bordi morbidi ai lati, il tuo <strong>coniglio<\/strong> pu\u00f2 infilarsi al centro e sentirsi rassicurato, abbracciato e circondato, un po\u2019 come in un <strong>nido accogliente<\/strong>. <\/p>\n<p>E sai cosa? Adorer\u00e0 farsi le sue pennichelle l\u00ec (e fare il broncio quando gli neghi l\u2019ennesimo pezzo di banana \ud83c\udf4c\ud83d\ude48). A differenza di alcuni <strong>cuscini<\/strong> piatti o troppo molli, questo <strong>letto per coniglio<\/strong> mantiene bene la posizione, il che \u00e8 perfetto per il suo comfort e la sua postura.<\/p>\n<p><\/p>\n<p><\/p>\n<figure class=\"wp-block-image size-full is-resized\"><img decoding=\"async\" src=\"https:\/\/mon-lapinnain.com\/wp-content\/uploads\/2025\/09\/Lit-pour-lapin-dodo.jpg\" alt=\"Letto per coniglio nanna\" class=\"wp-image-24301\" style=\"width:600px\" \/><\/figure>\n<p><\/p>\n<p><\/p>\n<p>Puoi sistemarlo dove vuoi: in un <strong>recinto<\/strong>, su un <strong>tappeto<\/strong> o persino nel suo angolo preferito del salotto. Una volta che lo avr\u00e0 adottato&#8230; in bocca al lupo per farlo uscire!<\/p>\n<p><\/p>\n<p><\/p>\n<h3 class=\"wp-block-heading\" id=\"h-un-tapis-pour-lapin-au-design-magique-qui-transforme-son-espace\">Un tappeto per coniglio dal design magico che trasforma il suo spazio<\/h3>\n<p><\/p>\n<p><\/p>\n<p>Il <strong>motivo Midnight<\/strong> \u00e8 quel tocco fiabesco che ci fa impazzire: uno sfondo blu profondo, cosparso di fiori delicati e piccoli coniglietti sognatori. Questo <strong>letto per coniglio<\/strong> trasforma all\u2019istante il suo angolo nanna in un vero e proprio rifugio da fiaba \ud83c\udf19\u2728<\/p>\n<p><\/p>\n<p><\/p>\n<figure class=\"wp-block-image size-full is-resized\"><img decoding=\"async\" src=\"https:\/\/mon-lapinnain.com\/wp-content\/uploads\/2025\/09\/coussin-pour-lapin-1.jpg\" alt=\"cuscino per coniglio\" class=\"wp-image-24298\" style=\"width:600px\" \/><\/figure>\n<p><\/p>\n<p><\/p>\n<p>Grazie ai suoi toni rilassanti e ai bei dettagli, si integra perfettamente in qualsiasi ambiente: recinto, salotto o angolo nanna improvvisato. Il tuo <strong>coniglio<\/strong> trover\u00e0 non solo un <strong>lettino comodo per coniglio<\/strong>, ma anche un vero spazio tutto per lui, dove sentirsi protetto, tranquillo e soprattutto&#8230; a casa sua.<\/p>\n<p><\/p>\n<p><\/p>\n<figure class=\"wp-block-image size-full is-resized\"><img decoding=\"async\" src=\"https:\/\/mon-lapinnain.com\/wp-content\/uploads\/2025\/09\/Lit-lapin-midnight.jpg\" alt=\"Letto coniglio midnight\" class=\"wp-image-24299\" style=\"width:600px\" \/><\/figure>\n<p><\/p>\n<p><\/p>\n<p>Attenzione: una volta dentro, c\u2019\u00e8 una grande probabilit\u00e0 che non voglia pi\u00f9 uscirne (e sinceramente, lo capiamo).<\/p>\n<p><\/p>\n<p><\/p>\n<p>Caratteristiche:<\/p>\n<p><\/p>\n<p><\/p>\n<ul class=\"wp-block-list\"><\/p>\n<li><strong>Letto per coniglio snugabun<\/strong><\/li>\n<p><\/p>\n<p><\/p>\n<li>Tessuto e imbottito in cotone<\/li>\n<p><\/p>\n<p><\/p>\n<li>Dimensioni: l 45cm x L 38cm<\/li>\n<p><\/ul>\n<p><\/p>\n<p><\/p>\n<p>\ud83d\udc49 Per uno spazio ancora pi\u00f9 accogliente, esplora anche tutti i nostri <strong>letti per coniglio<\/strong> e <strong>tappeti per coniglio<\/strong> \ud83d\udc30\ud83d\udca4\ud83c\udf38<\/p>\n<p><\/p>\n<p><\/p>\n<p><\/p>\n<p><\/p>\n<p><\/p>\n<p><\/p>","protected":false},"excerpt":{"rendered":"<p>\u2705 Un letto per coniglio 100% comfort<br data-start=\"201\" data-end=\"204\" \/>\u2705 Il suo angolo nanna preferito, testato &amp; approvato<br data-start=\"245\" data-end=\"248\" data-is-only-node=\"\" \/>\u23f3 <strong data-start=\"250\" data-end=\"296\">Mini stock disponibile&#8230; dopo, sar\u00e0 troppo tardi!<\/strong><\/p>\n","protected":false},"featured_media":14271,"comment_status":"closed","ping_status":"closed","template":"","meta":{"_seopress_robots_primary_cat":"","_seopress_titles_title":"","_seopress_titles_desc":"","_seopress_robots_index":""},"product_brand":[],"product_cat":[274,282],"product_tag":[],"class_list":{"0":"post-14743","1":"product","2":"type-product","3":"status-publish","4":"has-post-thumbnail","6":"product_cat-letto-conigli","7":"product_cat-tappeto-conigli","9":"first","10":"outofstock","11":"taxable","12":"shipping-taxable","13":"purchasable","14":"product-type-simple"},"_links":{"self":[{"href":"https:\/\/www.bunzyland.com\/it\/wp-json\/wp\/v2\/product\/14743","targetHints":{"allow":["GET"]}}],"collection":[{"href":"https:\/\/www.bunzyland.com\/it\/wp-json\/wp\/v2\/product"}],"about":[{"href":"https:\/\/www.bunzyland.com\/it\/wp-json\/wp\/v2\/types\/product"}],"replies":[{"embeddable":true,"href":"https:\/\/www.bunzyland.com\/it\/wp-json\/wp\/v2\/comments?post=14743"}],"wp:featuredmedia":[{"embeddable":true,"href":"https:\/\/www.bunzyland.com\/it\/wp-json\/wp\/v2\/media\/14271"}],"wp:attachment":[{"href":"https:\/\/www.bunzyland.com\/it\/wp-json\/wp\/v2\/media?parent=14743"}],"wp:term":[{"taxonomy":"product_brand","embeddable":true,"href":"https:\/\/www.bunzyland.com\/it\/wp-json\/wp\/v2\/product_brand?post=14743"},{"taxonomy":"product_cat","embeddable":true,"href":"https:\/\/www.bunzyland.com\/it\/wp-json\/wp\/v2\/product_cat?post=14743"},{"taxonomy":"product_tag","embeddable":true,"href":"https:\/\/www.bunzyland.com\/it\/wp-json\/wp\/v2\/product_tag?post=14743"}],"curies":[{"name":"wp","href":"https:\/\/api.w.org\/{rel}","templated":true}]}}