{"id":14745,"date":"2025-10-17T13:26:20","date_gmt":"2025-10-17T11:26:20","guid":{"rendered":"https:\/\/bunzyland.com\/?post_type=product&#038;p=14745"},"modified":"2025-10-17T17:11:38","modified_gmt":"2025-10-17T15:11:38","slug":"letto-per-coniglio-morfeo","status":"publish","type":"product","link":"https:\/\/www.bunzyland.com\/it\/prodotto\/letto-per-coniglio-morfeo\/","title":{"rendered":"Letto per coniglio Morfeo"},"content":{"rendered":"<p><\/p>\n<h2 class=\"wp-block-heading\" id=\"h-lit-pour-lapin-morphee-le-coin-cocooning-qu-il-ne-voudra-plus-quitter\">Letto per coniglio Morfeo: L&#8217;angolo cocooning che non vorr\u00e0 mai lasciare<\/h2>\n<p><\/p>\n<p><\/p>\n<p>Diciamoci la verit\u00e0: il tuo coniglio merita il miglior posto per i suoi pisolini di lusso. E il nostro <strong>letto per coniglio<\/strong> <strong>Morfeo<\/strong> \u00e8 decisamente <strong>il posto letto per coniglio<\/strong> che stava aspettando. Morbido, rassicurante e cos\u00ec accogliente che passer\u00e0 l\u00ec le sue giornate a rilassarsi (o meglio, a fare il broncio con gli occhi semichiusi \ud83d\ude34).<\/p>\n<p><\/p>\n<p><\/p>\n<figure class=\"wp-block-image size-full is-resized\"><img decoding=\"async\" src=\"https:\/\/mon-lapinnain.com\/wp-content\/uploads\/2025\/09\/Lit-pour-lapin-snuggle-bed-beige-1.jpg\" alt=\"Letto per coniglio snuggle bed\" class=\"wp-image-24315\" style=\"width:600px\" \/><\/figure>\n<p><\/p>\n<p><\/p>\n<p>Questo <strong>letto per coniglio<\/strong>, \u00e8 quello che chiamiamo uno <strong>snugabun<\/strong>: un <strong>cuscino<\/strong> avvolgente con due rulli ai lati, appositamente progettato per far s\u00ec che il tuo coniglio possa mettersi nel mezzo, ben sostenuto e comodo. Non ci si sdraia sopra come su un <strong>cuscino<\/strong> classico: si rannicchia, si sente al sicuro, come in un piccolo <strong>nido<\/strong>. \u00c8 morbido, rassicurante e lo vedrai presto abbandonarsi completamente l\u00ec sopra.<\/p>\n<p><\/p>\n<p><\/p>\n<figure class=\"wp-block-image size-full is-resized\"><img decoding=\"async\" src=\"https:\/\/mon-lapinnain.com\/wp-content\/uploads\/2025\/09\/Lit-pour-lapin.jpg\" alt=\"Letto per coniglio\" class=\"wp-image-24308\" style=\"width:600px\" \/><\/figure>\n<p><\/p>\n<p><\/p>\n<p>Questo <strong>posto letto per coniglio<\/strong> \u00e8 perfetto in un angolo tranquillo del suo <strong>recinto<\/strong>, in un parco giochi oppure anche libero nel tuo salotto. Gli crea uno spazio personale dove si sente a casa. Insomma, adorerai vederlo sistemarsi l\u00ec. E lui lo adotter\u00e0 subito!<\/p>\n<p><\/p>\n<p><\/p>\n<h3 class=\"wp-block-heading\" id=\"h-un-dodo-pour-lapin-qui-a-tout-compris\">Un letto per coniglio che ha capito tutto<\/h3>\n<p><\/p>\n<p><\/p>\n<p>L\u2019hai riconosciuto? S\u00ec, la fantasia di questo <strong>lettino per coniglio<\/strong> \u00e8 la stessa del nostro <strong>tappeto per coniglio<\/strong> <strong>da recinto<\/strong> \ud83e\udde1 Motivo autunnale, atmosfera cocooning, colori delicati\u2026 \u00e8 proprio ci\u00f2 che serve per creare un angolino accogliente e armonioso.<\/p>\n<p><\/p>\n<p><\/p>\n<figure class=\"wp-block-image size-full is-resized\"><img decoding=\"async\" src=\"https:\/\/mon-lapinnain.com\/wp-content\/uploads\/2025\/09\/Lit-pour-lapin-morphee-1.jpg\" alt=\"\" class=\"wp-image-24588\" style=\"width:600px\" \/><\/figure>\n<p><\/p>\n<p><\/p>\n<p>Ma questo <strong>letto per coniglio<\/strong> non \u00e8 solamente carino. Porta struttura all\u2019ambiente. I rulli laterali lo aiutano a posizionarsi meglio e sa subito dove andare quando vuole rilassarsi. Il formato snug gli dona un vero punto di riferimento rassicurante, che riduce lo stress (soprattutto per i conigli un po\u2019 sensibili).<\/p>\n<p><\/p>\n<p><\/p>\n<figure class=\"wp-block-image size-full is-resized\"><img decoding=\"async\" src=\"https:\/\/mon-lapinnain.com\/wp-content\/uploads\/2025\/09\/Lit-pour-lapin-mignon.jpg\" alt=\"Letto per coniglio carino\" class=\"wp-image-24309\" style=\"width:600px\" \/><\/figure>\n<p><\/p>\n<p><\/p>\n<p>Un <strong>tappeto per coniglio<\/strong> che soddisfa tutte le esigenze: pratico, accogliente, rassicurante e, diciamolo&#8230; bellissimo.<\/p>\n<p><\/p>\n<p><\/p>\n<p>Caratteristiche:<\/p>\n<p><\/p>\n<p><\/p>\n<ul class=\"wp-block-list\"><\/p>\n<li><strong>Letto per coniglio snugabun<\/strong><\/li>\n<p><\/p>\n<p><\/p>\n<li>Tessuto e imbottitura in cotone<\/li>\n<p><\/p>\n<p><\/p>\n<li>Dimensioni: l 45cm x L 38cm<\/li>\n<p><\/ul>\n<p><\/p>\n<p><\/p>\n<p>\ud83d\udc49 Vuoi creare per lui <strong>l\u2019angolo accogliente perfetto<\/strong>? Scopri anche il nostro <strong>tappeto per coniglio<\/strong> coordinato e tutti i nostri <strong>letti per coniglio<\/strong> super morbidi \ud83d\udc30\ud83e\uddfa\ud83d\udc9b<\/p>\n<p><\/p>\n<p><\/p>\n<p><\/p>\n","protected":false},"excerpt":{"rendered":"<p>\u2705 Letto confortevole<br data-start=\"178\" data-end=\"181\" \/>\u2705 Adora rannicchiarsi l\u00ec<br data-start=\"219\" data-end=\"222\" \/>\ud83d\ude31 Scorte limitate. Va a ruba!<\/p>\n","protected":false},"featured_media":14296,"comment_status":"closed","ping_status":"closed","template":"","meta":{"_seopress_robots_primary_cat":"","_seopress_titles_title":"","_seopress_titles_desc":"","_seopress_robots_index":""},"product_brand":[],"product_cat":[274,282],"product_tag":[],"class_list":{"0":"post-14745","1":"product","2":"type-product","3":"status-publish","4":"has-post-thumbnail","6":"product_cat-letto-conigli","7":"product_cat-tappeto-conigli","9":"first","10":"outofstock","11":"taxable","12":"shipping-taxable","13":"purchasable","14":"product-type-simple"},"_links":{"self":[{"href":"https:\/\/www.bunzyland.com\/it\/wp-json\/wp\/v2\/product\/14745","targetHints":{"allow":["GET"]}}],"collection":[{"href":"https:\/\/www.bunzyland.com\/it\/wp-json\/wp\/v2\/product"}],"about":[{"href":"https:\/\/www.bunzyland.com\/it\/wp-json\/wp\/v2\/types\/product"}],"replies":[{"embeddable":true,"href":"https:\/\/www.bunzyland.com\/it\/wp-json\/wp\/v2\/comments?post=14745"}],"wp:featuredmedia":[{"embeddable":true,"href":"https:\/\/www.bunzyland.com\/it\/wp-json\/wp\/v2\/media\/14296"}],"wp:attachment":[{"href":"https:\/\/www.bunzyland.com\/it\/wp-json\/wp\/v2\/media?parent=14745"}],"wp:term":[{"taxonomy":"product_brand","embeddable":true,"href":"https:\/\/www.bunzyland.com\/it\/wp-json\/wp\/v2\/product_brand?post=14745"},{"taxonomy":"product_cat","embeddable":true,"href":"https:\/\/www.bunzyland.com\/it\/wp-json\/wp\/v2\/product_cat?post=14745"},{"taxonomy":"product_tag","embeddable":true,"href":"https:\/\/www.bunzyland.com\/it\/wp-json\/wp\/v2\/product_tag?post=14745"}],"curies":[{"name":"wp","href":"https:\/\/api.w.org\/{rel}","templated":true}]}}