{"id":14747,"date":"2025-08-01T16:54:08","date_gmt":"2025-08-01T14:54:08","guid":{"rendered":"https:\/\/bunzyland.com\/product\/carrot-rabbit-bowl-2\/"},"modified":"2025-10-06T16:54:44","modified_gmt":"2025-10-06T14:54:44","slug":"ciotola-per-coniglio-carota","status":"publish","type":"product","link":"https:\/\/www.bunzyland.com\/it\/prodotto\/ciotola-per-coniglio-carota\/","title":{"rendered":"Ciotola per Coniglio Carota"},"content":{"rendered":"<p><\/p>\n<h2 class=\"wp-block-heading\" id=\"h-gamelle-lapin-pratique-stable-et-trop-mignonne-avec-son-motif-carotte\">Ciotola per Coniglio \u2013 Pratica, stabile e irresistibilmente carina con il suo motivo a carote<\/h2>\n<p><\/p>\n<p><\/p>\n<p>Cerchi una <strong>ciotola per conigli<\/strong> che sia sia funzionale che adorabile per il tuo coniglio? Questa <strong>ciotola in ceramica per conigli<\/strong> \u00e8 perfetta per i pasti quotidiani. Il suo design divertente con motivi a carote aggiunge un tocco giocoso allo spazio del tuo coniglietto, restando per\u00f2 super pratica per te. A differenza delle ciotole in plastica leggere, questa \u00e8 <strong>pesante e stabile<\/strong>, quindi non si rovescia facilmente. Il tuo coniglio potr\u00e0 godersi il suo cibo senza fare disastri!<\/p>\n<p><\/p>\n<p><\/p>\n<figure class=\"wp-block-image size-full is-resized\"><img decoding=\"async\" src=\"https:\/\/mon-lapinnain.com\/wp-content\/uploads\/2025\/07\/Gamelle-lapin-motif-carotte.jpg\" alt=\"Ciotola per coniglio con motivo a carote\" class=\"wp-image-23565\" style=\"width:600px\" \/><\/figure>\n<p><\/p>\n<p><\/p>\n<p>Questa <strong>mangiatoia per conigli<\/strong> \u00e8 ideale per pellettati, verdure fresche o anche come <strong>ciotola per l&#8217;acqua<\/strong> se preferisci non usare una bottiglia. Realizzata in ceramica, \u00e8 <strong>facile da pulire<\/strong> e non trattiene odori o batteri, garantendo cos\u00ec una maggiore igiene per il tuo piccolo compagno.<\/p>\n<p><\/p>\n<p><\/p>\n<h3 class=\"wp-block-heading\" id=\"h-pourquoi-choisir-une-gamelle-en-ceramique-pour-ton-lapin\">Perch\u00e9 scegliere una ciotola in ceramica per il tuo coniglio?<\/h3>\n<p><\/p>\n<p><\/p>\n<p>\u2714\ufe0f <strong>Igienica<\/strong> \u2013 la ceramica \u00e8 facile da pulire e rimane fresca pi\u00f9 a lungo<br \/>\u2714\ufe0f <strong>Stabile<\/strong> \u2013 il suo peso previene il ribaltamento, anche durante il gioco<br \/>\u2714\ufe0f <strong>Versatile<\/strong> \u2013 perfetta per cibo, verdure o acqua<br \/>\u2714\ufe0f <strong>Design carino<\/strong> \u2013 motivi a carota per un look divertente e unico<\/p>\n<p><\/p>\n<p><\/p>\n<figure class=\"wp-block-image size-full is-resized\"><img decoding=\"async\" src=\"https:\/\/mon-lapinnain.com\/wp-content\/uploads\/2025\/07\/Gamelle-ceramique-pour-lapin.jpg\" alt=\"Ciotola in ceramica per coniglio\" class=\"wp-image-23567\" style=\"width:600px\" \/><\/figure>\n<p><\/p>\n<p><\/p>\n<p>\ud83d\udca1 <strong>Consiglio da coniglio:<\/strong> Prendine due: una per le verdure e una per l&#8217;acqua. \u00c8 la <strong>migliore alternativa alla bottiglia<\/strong> per conigli, che non \u00e8 davvero adatta. Bere da una bottiglia \u00e8 scomodo e innaturale per i conigli. Una ciotola permette una postura molto pi\u00f9 naturale e comoda per bere.<\/p>\n<p><\/p>\n<p><\/p>\n<figure class=\"wp-block-image size-full is-resized\"><img decoding=\"async\" src=\"https:\/\/mon-lapinnain.com\/wp-content\/uploads\/2025\/07\/Gamelle-pour-lapin.jpg\" alt=\"Ciotola per coniglio\" class=\"wp-image-23566\" style=\"width:600px\" \/><\/figure>\n<p><\/p>\n<p><\/p>\n<p>Con questa <strong>ciotola per coniglio a carota<\/strong>, unisci <strong>praticit\u00e0<\/strong>, <strong>igiene<\/strong> e <strong>comfort naturale<\/strong> per il benessere del tuo coniglio.<\/p>\n<p><\/p>\n<p><\/p>\n<p><strong>Caratteristiche:<\/strong><\/p>\n<p><\/p>\n<p><\/p>\n<ul class=\"wp-block-list\"><\/p>\n<li><strong>Ciotola in ceramica per coniglio<\/strong><\/li>\n<p><\/p>\n<p><\/p>\n<li><strong>Dimensioni:<\/strong> 13 cm di diametro<\/li>\n<p><\/p>\n<p><\/p>\n<li><strong>Capienza:<\/strong> 500 ml<\/li>\n<p><\/p>\n<p><\/p>\n<li><strong>Colore:<\/strong> Beige, arancione, con motivo a carote<\/li>\n<p><\/ul>\n<p><\/p>\n<p><\/p>\n<p>\u2728 Vuoi coccolare ancora di pi\u00f9 il tuo coniglietto? Scopri la nostra collezione completa di <strong><a href=\"https:\/\/www.bunzyland.com\/it\/accessori-conigli\/\" data-type=\"link\" data-id=\"https:\/\/bunzyland.com\/rabbit-accessory\/\">accessori per conigli<\/a><\/strong> e trasforma ogni giorno in un momento felice! \ud83d\udc07<\/p>\n<p><\/p>\n<p><\/p>\n<p><\/p>","protected":false},"excerpt":{"rendered":"<ul>\n<li data-start=\"2110\" data-end=\"2136\">\n<p data-start=\"2112\" data-end=\"2136\"><strong data-start=\"2112\" data-end=\"2134\">Accessorio per conigli<\/strong><\/p>\n<\/li>\n<li data-start=\"2137\" data-end=\"2155\">\n<p data-start=\"2139\" data-end=\"2155\"><strong data-start=\"2139\" data-end=\"2153\">Antispreco<\/strong><\/p>\n<\/li>\n<li data-start=\"2156\" data-end=\"2197\" data-is-last-node=\"\">\n<p data-start=\"2158\" data-end=\"2197\" data-is-last-node=\"\"><strong data-start=\"2158\" data-end=\"2197\" data-is-last-node=\"\">La migliore alternativa alle bottiglie d&#8217;acqua<\/strong><\/p>\n<\/li>\n<\/ul>\n","protected":false},"featured_media":14748,"comment_status":"closed","ping_status":"closed","template":"","meta":{"_seopress_robots_primary_cat":"none","_seopress_titles_title":"","_seopress_titles_desc":"","_seopress_robots_index":""},"product_brand":[],"product_cat":[276,288],"product_tag":[],"class_list":{"0":"post-14747","1":"product","2":"type-product","3":"status-publish","4":"has-post-thumbnail","6":"product_cat-accessori-conigli","7":"product_cat-borraccia-per-conigli","9":"first","10":"instock","11":"taxable","12":"shipping-taxable","13":"purchasable","14":"product-type-simple"},"_links":{"self":[{"href":"https:\/\/www.bunzyland.com\/it\/wp-json\/wp\/v2\/product\/14747","targetHints":{"allow":["GET"]}}],"collection":[{"href":"https:\/\/www.bunzyland.com\/it\/wp-json\/wp\/v2\/product"}],"about":[{"href":"https:\/\/www.bunzyland.com\/it\/wp-json\/wp\/v2\/types\/product"}],"replies":[{"embeddable":true,"href":"https:\/\/www.bunzyland.com\/it\/wp-json\/wp\/v2\/comments?post=14747"}],"wp:featuredmedia":[{"embeddable":true,"href":"https:\/\/www.bunzyland.com\/it\/wp-json\/wp\/v2\/media\/14748"}],"wp:attachment":[{"href":"https:\/\/www.bunzyland.com\/it\/wp-json\/wp\/v2\/media?parent=14747"}],"wp:term":[{"taxonomy":"product_brand","embeddable":true,"href":"https:\/\/www.bunzyland.com\/it\/wp-json\/wp\/v2\/product_brand?post=14747"},{"taxonomy":"product_cat","embeddable":true,"href":"https:\/\/www.bunzyland.com\/it\/wp-json\/wp\/v2\/product_cat?post=14747"},{"taxonomy":"product_tag","embeddable":true,"href":"https:\/\/www.bunzyland.com\/it\/wp-json\/wp\/v2\/product_tag?post=14747"}],"curies":[{"name":"wp","href":"https:\/\/api.w.org\/{rel}","templated":true}]}}