{"id":14757,"date":"2025-08-01T16:53:53","date_gmt":"2025-08-01T14:53:53","guid":{"rendered":"https:\/\/bunzyland.com\/product\/beige-absorbent-mat\/"},"modified":"2025-10-06T16:54:45","modified_gmt":"2025-10-06T14:54:45","slug":"tappetino-assorbente-beige","status":"publish","type":"product","link":"https:\/\/www.bunzyland.com\/it\/prodotto\/tappetino-assorbente-beige\/","title":{"rendered":"Tappetino Assorbente Beige"},"content":{"rendered":"<p><\/p>\n<h2 class=\"wp-block-heading\" id=\"h-un-tapis-absorbant-et-hygienique-pour-lapin\">Un tappetino assorbente e igienico per conigli<\/h2>\n<p><\/p>\n<p><\/p>\n<p>Vuoi che il tuo <strong>coniglio<\/strong> goda del suo spazio mantenendo il pavimento sempre pulito? Questo <strong>tappetino assorbente beige<\/strong> render\u00e0 la tua vita molto pi\u00f9 facile! Con la sua generosa dimensione di <strong>140 x 100 cm<\/strong>, copre una grande area di gioco o di riposo per il tuo <strong>coniglio<\/strong> \ud83d\udc30. Il suo scopo? Assorbire pip\u00ec e schizzi, evitando sorprese sgradevoli e mantenendo l\u2019area <strong>pulita e asciutta<\/strong> \ud83d\ude4c.<\/p>\n<p><\/p>\n<p><\/p>\n<figure class=\"wp-block-image size-full is-resized\"><img decoding=\"async\" src=\"https:\/\/mon-lapinnain.com\/wp-content\/uploads\/2025\/07\/drybed-lapin-tapis.jpg\" alt=\"tappetino drybed per coniglio\" class=\"wp-image-23551\" style=\"width:600px\" \/><\/figure>\n<p><\/p>\n<p><\/p>\n<p>Questo <strong>tappetino lavabile per conigli<\/strong> \u00e8 <strong>riutilizzabile<\/strong> ed \u00e8 indispensabile se il tuo coniglio non \u00e8 ancora completamente abituato alla lettiera. \u00c8 <strong>lavabile in lavatrice<\/strong>\u2014dimentica le pulizie interminabili o montagne di tappetini usa e getta! \ud83e\uddfc Quando si sporca, basta metterlo in lavatrice e torna come nuovo. Il suo <strong>colore beige<\/strong> neutro si integra perfettamente in casa mantenendo il tuo coniglio comodo e asciutto. Risparmi tempo, denaro, ed \u00e8 anche una piccola scelta eco-friendly per il <strong>pianeta<\/strong> \ud83c\udf0d.<\/p>\n<p><\/p>\n<p><\/p>\n<figure class=\"wp-block-image size-full is-resized\"><img decoding=\"async\" src=\"https:\/\/mon-lapinnain.com\/wp-content\/uploads\/2025\/07\/tapis-pour-lapin-lavable.jpg\" alt=\"tappetino lavabile per coniglio\" class=\"wp-image-23555\" style=\"width:600px\" \/><\/figure>\n<p><\/p>\n<p><\/p>\n<h3 class=\"wp-block-heading\" id=\"h-un-accessoire-pour-lapin-pratique-et-polyvalent\">Un accessorio per conigli pratico e versatile<\/h3>\n<p><\/p>\n<p><\/p>\n<p>Questo <strong>tappetino assorbente<\/strong> funziona proprio come un <strong>drybed per conigli<\/strong>: mantiene le zampette del tuo coniglio belle asciutte assorbendo rapidamente l\u2019umidit\u00e0 \ud83d\udca7. \u00c8 la <strong>soluzione perfetta<\/strong> per i conigli che vivono semi-liberi o in recinto, poich\u00e9 puoi coprire tutta la superficie a terra e offrire una <strong>superficie igienica e asciutta<\/strong> \ud83d\udc30.<\/p>\n<p><\/p>\n<p><\/p>\n<figure class=\"wp-block-image size-full is-resized\"><img decoding=\"async\" src=\"https:\/\/mon-lapinnain.com\/wp-content\/uploads\/2025\/07\/Tapis-absorbant-beige.jpg\" alt=\"Tappetino assorbente beige\" class=\"wp-image-23577\" style=\"width:600px\" \/><\/figure>\n<p><\/p>\n<p><\/p>\n<p>E non \u00e8 tutto\u2014puoi anche posizionarlo <strong>sotto un altro tappetino<\/strong> per aumentare la protezione del pavimento, soprattutto se il tuo coniglio tende ad avere qualche incidente. \u00c8 l\u2019<strong>accessorio ideale per conigli<\/strong> se cerchi un tappetino che protegga i tuoi pavimenti! \ud83d\udc96<\/p>\n<p><\/p>\n<p><\/p>\n<p>Con questo <strong>tappetino assorbente per conigli<\/strong>, puoi dire addio a cattivi odori e sporco. Una soluzione semplice, pratica e <strong>igienica<\/strong> che cambier\u00e0 la tua vita quotidiana! \ud83d\udc07<\/p>\n<p><\/p>\n<p><\/p>\n<figure class=\"wp-block-image size-full is-resized\"><img decoding=\"async\" src=\"https:\/\/mon-lapinnain.com\/wp-content\/uploads\/2025\/07\/tapis-absorbant-pour-lapin.jpg\" alt=\"tappetino assorbente per coniglio\" class=\"wp-image-23553\" style=\"width:600px\" \/><\/figure>\n<p><\/p>\n<p><\/p>\n<p><strong>Caratteristiche:<\/strong><\/p>\n<p><\/p>\n<p><\/p>\n<ul class=\"wp-block-list\"><\/p>\n<li><strong>Tappetino igienico per conigli<\/strong><\/li>\n<p><\/p>\n<p><\/p>\n<li><strong>Dimensioni:<\/strong> 140 x 100 cm<\/li>\n<p><\/p>\n<p><\/p>\n<li><strong>Colore:<\/strong> Beige<\/li>\n<p><\/p>\n<p><\/p>\n<li><strong>Lavabile in lavatrice<\/strong> a 40\u00b0C<\/li>\n<p><\/ul>\n<p><\/p>\n<p><\/p>\n<p>\u26a0\ufe0f <strong>Un tappetino pratico, ma meno confortevole rispetto ad altri nostri modelli<\/strong><br \/>Questo tappetino \u00e8 pensato principalmente per <strong>assorbenza e protezione del pavimento<\/strong>. Non \u00e8 spesso o morbido come altri nostri tappetini come il <strong><a href=\"https:\/\/www.bunzyland.com\/product\/non-slip-rabbit-mat\/\" data-type=\"link\" data-id=\"https:\/\/bunzyland.com\/product\/non-slip-rabbit-mat\/\">Tappetone per Conigli<\/a><\/strong>, il <strong><a href=\"https:\/\/www.bunzyland.com\/product\/mats-for-rabbits\/\" data-type=\"link\" data-id=\"https:\/\/bunzyland.com\/product\/mats-for-rabbits\/\">Tappetino per Conigli Nani<\/a><\/strong> o il <strong><a href=\"https:\/\/www.bunzyland.com\/product\/rabbit-mat-for-enclosure\/\" data-type=\"link\" data-id=\"https:\/\/bunzyland.com\/product\/rabbit-mat-for-enclosure\/\">Tappetino per Recinto<\/a><\/strong>, che sono specialmente creati per le zampe sensibili e offrono <strong>un comfort superiore<\/strong>.<\/p>\n<p><\/p>\n<p><\/p>\n<p><\/p>\n","protected":false},"excerpt":{"rendered":"<ul>\n<li data-start=\"60\" data-end=\"84\">\n<p data-start=\"62\" data-end=\"84\"><strong data-start=\"62\" data-end=\"82\">Accessorio per conigli<\/strong><\/p>\n<\/li>\n<li data-start=\"85\" data-end=\"105\">\n<p data-start=\"87\" data-end=\"105\"><strong data-start=\"87\" data-end=\"103\">Tappetino lavabile<\/strong><\/p>\n<\/li>\n<li data-start=\"106\" data-end=\"120\" data-is-last-node=\"\">\n<p data-start=\"108\" data-end=\"120\" data-is-last-node=\"\"><strong data-start=\"108\" data-end=\"120\" data-is-last-node=\"\">Igienico<\/strong><\/p>\n<\/li>\n<\/ul>\n","protected":false},"featured_media":14758,"comment_status":"closed","ping_status":"closed","template":"","meta":{"_seopress_robots_primary_cat":"none","_seopress_titles_title":"","_seopress_titles_desc":"","_seopress_robots_index":""},"product_brand":[],"product_cat":[276,282],"product_tag":[],"class_list":{"0":"post-14757","1":"product","2":"type-product","3":"status-publish","4":"has-post-thumbnail","6":"product_cat-accessori-conigli","7":"product_cat-tappeto-conigli","9":"first","10":"instock","11":"taxable","12":"shipping-taxable","13":"purchasable","14":"product-type-simple"},"_links":{"self":[{"href":"https:\/\/www.bunzyland.com\/it\/wp-json\/wp\/v2\/product\/14757","targetHints":{"allow":["GET"]}}],"collection":[{"href":"https:\/\/www.bunzyland.com\/it\/wp-json\/wp\/v2\/product"}],"about":[{"href":"https:\/\/www.bunzyland.com\/it\/wp-json\/wp\/v2\/types\/product"}],"replies":[{"embeddable":true,"href":"https:\/\/www.bunzyland.com\/it\/wp-json\/wp\/v2\/comments?post=14757"}],"wp:featuredmedia":[{"embeddable":true,"href":"https:\/\/www.bunzyland.com\/it\/wp-json\/wp\/v2\/media\/14758"}],"wp:attachment":[{"href":"https:\/\/www.bunzyland.com\/it\/wp-json\/wp\/v2\/media?parent=14757"}],"wp:term":[{"taxonomy":"product_brand","embeddable":true,"href":"https:\/\/www.bunzyland.com\/it\/wp-json\/wp\/v2\/product_brand?post=14757"},{"taxonomy":"product_cat","embeddable":true,"href":"https:\/\/www.bunzyland.com\/it\/wp-json\/wp\/v2\/product_cat?post=14757"},{"taxonomy":"product_tag","embeddable":true,"href":"https:\/\/www.bunzyland.com\/it\/wp-json\/wp\/v2\/product_tag?post=14757"}],"curies":[{"name":"wp","href":"https:\/\/api.w.org\/{rel}","templated":true}]}}