{"id":14799,"date":"2025-08-01T16:52:54","date_gmt":"2025-08-01T14:52:54","guid":{"rendered":"https:\/\/bunzyland.com\/product\/watermelon-rabbit-toy\/"},"modified":"2025-10-06T16:54:46","modified_gmt":"2025-10-06T14:54:46","slug":"giocattolo-per-coniglio-anguria","status":"publish","type":"product","link":"https:\/\/www.bunzyland.com\/it\/prodotto\/giocattolo-per-coniglio-anguria\/","title":{"rendered":"Giocattolo per Coniglio Anguria"},"content":{"rendered":"<p><\/p>\n<h2 class=\"wp-block-heading\" id=\"h-jouet-pour-lapin-pasteque-un-jeu-malin-pour-lapinou-curieux\">Giocattolo per Coniglio Anguria: un gioco intelligente per coniglietti curiosi<\/h2>\n<p><\/p>\n<p><\/p>\n<p>Questo giocattolo per coniglio \u00e8 una piccola gemma per stimolare la mente curiosa del tuo coniglietto mentre lo intrattiene! \ud83c\udf49 Pu\u00f2 essere utilizzato in due modi diversi: aperto diventa un tappetino olfattivo per conigli in cui puoi nascondere snack tra i soffici petali di tessuto; chiuso, si trasforma in una simpatica palla a forma di anguria, perfetta da riempire con fieno o piccole sorprese.<\/p>\n<p><\/p>\n<p><\/p>\n<figure class=\"wp-block-image size-full is-resized\"><img decoding=\"async\" src=\"https:\/\/mon-lapinnain.com\/wp-content\/uploads\/2025\/08\/Jouet-pour-lapin-anti-ennui.jpg\" alt=\"Giocattolo anti-noia per coniglio\" class=\"wp-image-23874\" style=\"width:600px\" \/><\/figure>\n<p><\/p>\n<p><\/p>\n<p>Questo giocattolo \u00e8 perfetto per tenere impegnato il tuo coniglio e combattere la noia. Soddisfa il suo istinto naturale di ricerca del cibo mentre lo mantiene attivo e curioso. E con il suo aspetto adorabile da anguria \ud83c\udf49 \u00e8 una vera gioia! I conigli amano scavare, tirare ed esplorare&#8230; e questo giocattolo rispetta tutto questo rendendo il momento divertente, delicato e pieno di complicit\u00e0.<\/p>\n<p><\/p>\n<p><\/p>\n<figure class=\"wp-block-image size-full is-resized\"><img decoding=\"async\" src=\"https:\/\/mon-lapinnain.com\/wp-content\/uploads\/2025\/08\/Jouet-pour-lapin-Pasteque.jpg\" alt=\"Giocattolo per coniglio Anguria\" class=\"wp-image-23877\" style=\"width:600px\" \/><\/figure>\n<p><\/p>\n<p><\/p>\n<h3 class=\"wp-block-heading\" id=\"h-comment-jouer-avec-son-lapin-grace-a-ce-tapis-de-fouille\">Come giocare con il tuo coniglio grazie a questo tappetino olfattivo?<\/h3>\n<p><\/p>\n<p><\/p>\n<p>\u00c8 davvero facile\u2014e il tuo coniglietto lo adorer\u00e0! Apri il giocattolo anguria per coniglio nella modalit\u00e0 tappetino, poi nascondi qualche snack o pezzettino di verdura essiccata tra i petali. Il tuo piccolo inizier\u00e0 subito ad annusare, scavare e cercare le sue deliziose ricompense \ud83c\udf42. Questo momento di gioco \u00e8 pi\u00f9 di una semplice distrazione\u2014\u00e8 un vero attimo di connessione tra voi due.<\/p>\n<p><\/p>\n<p><\/p>\n<figure class=\"wp-block-image size-full\"><img decoding=\"async\" src=\"https:\/\/mon-lapinnain.com\/wp-content\/uploads\/2025\/08\/jeu-pour-lapin.gif\" alt=\"gioco per coniglio\" class=\"wp-image-23872\" \/><\/figure>\n<p><\/p>\n<p><\/p>\n<p>Non solo \u00e8 divertente, ma aiuta anche il tuo coniglio a rimanere concentrato, attivo e dolcemente stimolato. E per te \u00e8 un dolce momento di complicit\u00e0 mentre aiuti il tuo coniglietto a esplorare e a pensare. Questo originale giocattolo per coniglio porta allegria nella sua routine e rafforza il vostro legame speciale \ud83d\udc95<\/p>\n<p><\/p>\n<p><\/p>\n<figure class=\"wp-block-image size-full is-resized\"><img decoding=\"async\" src=\"https:\/\/mon-lapinnain.com\/wp-content\/uploads\/2025\/08\/Jouet-pour-lapin-pas-cher.jpg\" alt=\"Giocattolo economico per coniglio\" class=\"wp-image-23876\" style=\"width:600px\" \/><\/figure>\n<p><\/p>\n<p><\/p>\n<p><\/p>\n<p><\/p>\n<p><strong>Caratteristiche:<\/strong><\/p>\n<p><\/p>\n<p><\/p>\n<ul class=\"wp-block-list\"><\/p>\n<li>Giocattolo anti-noia per conigli<\/li>\n<p><\/p>\n<p><\/p>\n<li>Dimensioni: 37 x 26 cm<\/li>\n<p><\/ul>\n<p><\/p>\n<p><\/p>\n<p>\ud83d\udc30 Vuoi ancora pi\u00f9 idee per divertirti con il tuo coniglietto? Scopri la nostra selezione completa di <a href=\"https:\/\/www.bunzyland.com\/it\/giochi-conigli\/\" data-type=\"link\" data-id=\"https:\/\/bunzyland.com\/toys-for-rabbit\/\">giocattoli per coniglio<\/a>, ce n\u2019\u00e8 per tutti i gusti e per ogni nasino&#8230;<\/p>\n<p><\/p>","protected":false},"excerpt":{"rendered":"<ul>\n<li data-start=\"36\" data-end=\"60\">\n<p data-start=\"38\" data-end=\"60\"><strong data-start=\"38\" data-end=\"58\">Giocattolo anti-noia<\/strong><\/p>\n<\/li>\n<li data-start=\"61\" data-end=\"84\">\n<p data-start=\"63\" data-end=\"84\"><strong data-start=\"63\" data-end=\"82\">Tappetino olfattivo divertente<\/strong><\/p>\n<\/li>\n<li data-start=\"85\" data-end=\"101\" data-is-last-node=\"\">\n<p data-start=\"87\" data-end=\"101\" data-is-last-node=\"\"><strong data-start=\"87\" data-end=\"101\" data-is-last-node=\"\">Palla divertente<\/strong><\/p>\n<\/li>\n<\/ul>\n","protected":false},"featured_media":14800,"comment_status":"closed","ping_status":"closed","template":"","meta":{"_seopress_robots_primary_cat":"none","_seopress_titles_title":"","_seopress_titles_desc":"","_seopress_robots_index":""},"product_brand":[],"product_cat":[267,286],"product_tag":[],"class_list":{"0":"post-14799","1":"product","2":"type-product","3":"status-publish","4":"has-post-thumbnail","6":"product_cat-giochi-conigli","7":"product_cat-tappeto-foraggio-conigli","9":"first","10":"instock","11":"taxable","12":"shipping-taxable","13":"purchasable","14":"product-type-simple"},"_links":{"self":[{"href":"https:\/\/www.bunzyland.com\/it\/wp-json\/wp\/v2\/product\/14799","targetHints":{"allow":["GET"]}}],"collection":[{"href":"https:\/\/www.bunzyland.com\/it\/wp-json\/wp\/v2\/product"}],"about":[{"href":"https:\/\/www.bunzyland.com\/it\/wp-json\/wp\/v2\/types\/product"}],"replies":[{"embeddable":true,"href":"https:\/\/www.bunzyland.com\/it\/wp-json\/wp\/v2\/comments?post=14799"}],"wp:featuredmedia":[{"embeddable":true,"href":"https:\/\/www.bunzyland.com\/it\/wp-json\/wp\/v2\/media\/14800"}],"wp:attachment":[{"href":"https:\/\/www.bunzyland.com\/it\/wp-json\/wp\/v2\/media?parent=14799"}],"wp:term":[{"taxonomy":"product_brand","embeddable":true,"href":"https:\/\/www.bunzyland.com\/it\/wp-json\/wp\/v2\/product_brand?post=14799"},{"taxonomy":"product_cat","embeddable":true,"href":"https:\/\/www.bunzyland.com\/it\/wp-json\/wp\/v2\/product_cat?post=14799"},{"taxonomy":"product_tag","embeddable":true,"href":"https:\/\/www.bunzyland.com\/it\/wp-json\/wp\/v2\/product_tag?post=14799"}],"curies":[{"name":"wp","href":"https:\/\/api.w.org\/{rel}","templated":true}]}}