{"id":14823,"date":"2024-04-08T10:04:23","date_gmt":"2024-04-08T08:04:23","guid":{"rendered":"https:\/\/bunzyland.com\/product\/rabbit-toy-stacking-cups\/"},"modified":"2025-10-06T16:54:46","modified_gmt":"2025-10-06T14:54:46","slug":"bicchieri-impilabili-giocattolo-per-conigli","status":"publish","type":"product","link":"https:\/\/www.bunzyland.com\/it\/prodotto\/bicchieri-impilabili-giocattolo-per-conigli\/","title":{"rendered":"Bicchieri impilabili giocattolo per conigli"},"content":{"rendered":"<h2><b>Bicchieri impilabili giocattolo per conigli: un gioco strategico da scavare<\/b><\/h2>\n<p>Questi <strong>bicchieri impilabili giocattolo per conigli<\/strong> sono ispirati ai famosi <strong>giochi da scavare per conigli<\/strong>, ma in una versione leggermente pi\u00f9 complessa. Sono molto divertenti, sviluppano l&#8217;intelligenza del tuo coniglio e stimolano i suoi sensi.<\/p>\n<p><img fetchpriority=\"high\" decoding=\"async\" class=\"alignnone wp-image-9056 size-full\" src=\"https:\/\/mon-lapinnain.com\/wp-content\/uploads\/2022\/07\/jouet-pour-lapin-petits-pots.gif\" alt=\"giocattolo per coniglio piccoli bicchieri\" width=\"350\" height=\"350\" \/><\/p>\n<p>Questo <strong>giocattolo per conigli<\/strong> divertente e giocoso ti permette di instaurare un vero legame con il tuo fedele compagno, trascorrendo insieme lunghi momenti di gioco. Ti aiuter\u00e0 anche a rafforzare la sua fiducia nei tuoi confronti. Infatti, questo tipo di attivit\u00e0 da condividere con il tuo piccolo amico peloso ti consente di rafforzare il vostro legame a lungo termine.<\/p>\n<h3>Come giocare con il tuo coniglio?<\/h3>\n<p>Questo <strong>giocattolo interattivo per conigli<\/strong> richiede una certa strategia da parte del tuo coniglio; per questo motivo \u00e8 ultra stimolante!<\/p>\n<p>Questo <strong>giocattolo per coniglietto<\/strong> \u00e8 composto da sei bicchieri multicolore impilati dal pi\u00f9 grande al pi\u00f9 piccolo. L&#8217;idea \u00e8 di mettere i suoi snack preferiti su ogni livello. Il tuo coniglio dovr\u00e0 annusare e utilizzare il suo istinto per cercare e trovare le sue leccornie preferite, che sono nascoste all&#8217;interno di questo <strong>giocattolo per premi per conigli<\/strong>. Potr\u00e0 rovesciare i bicchieri o lanciarli in aria&#8230; Niente lo fermer\u00e0 nella sua ricerca di spuntini. \ud83d\ude00<\/p>\n<p><img decoding=\"async\" class=\"alignnone wp-image-9054 size-full\" src=\"https:\/\/mon-lapinnain.com\/wp-content\/uploads\/2022\/07\/jeu-pour-lapin-mon-lapin-nain.gif\" alt=\"giocattolo per coniglio bunzyland\" width=\"350\" height=\"350\" \/><\/p>\n<p>I bicchieri sono realizzati in plastica ABS. Questo materiale \u00e8 atossico, resistente e leggero allo stesso tempo. Questo significa che se il tuo coniglio li morde, non sar\u00e0 pericoloso per il tuo animale. \u00c8 il materiale usato anche da grandi marchi come Playmobil e Lego.<\/p>\n<p><b>Ulteriori dettagli:<\/b><\/p>\n<ul>\n<li>Colore: Multicolore<\/li>\n<li>6 piccoli bicchieri impilabili + 1 pallina<\/li>\n<li>Materiale: plastica ABS (atossico)<\/li>\n<\/ul>\n<p>Per ancora pi\u00f9 divertimento per il tuo amico peloso, scopri la nostra selezione di <a href=\"https:\/\/www.bunzyland.com\/it\/giochi-conigli\/\">giocattoli per conigli<\/a> appositamente pensati per il suo benessere e il suo svago.<\/p>\n","protected":false},"excerpt":{"rendered":"<ul>\n<li>Giocattolo interattivo per conigli<\/li>\n<li>Giocattolo da scavare<\/li>\n<\/ul>\n","protected":false},"featured_media":14824,"comment_status":"closed","ping_status":"closed","template":"","meta":{"_seopress_robots_primary_cat":"none","_seopress_titles_title":"","_seopress_titles_desc":"Rabbit toy stacking cups is a digging toy that stimulates the senses and develops the intelligence of your bunny. Best toy for your bunny","_seopress_robots_index":""},"product_brand":[],"product_cat":[294,267],"product_tag":[],"class_list":{"0":"post-14823","1":"product","2":"type-product","3":"status-publish","4":"has-post-thumbnail","6":"product_cat-bunny-shop","7":"product_cat-giochi-conigli","8":"product_shipping_class-ok-mondial-relais","10":"first","11":"outofstock","12":"taxable","13":"shipping-taxable","14":"purchasable","15":"product-type-simple"},"_links":{"self":[{"href":"https:\/\/www.bunzyland.com\/it\/wp-json\/wp\/v2\/product\/14823","targetHints":{"allow":["GET"]}}],"collection":[{"href":"https:\/\/www.bunzyland.com\/it\/wp-json\/wp\/v2\/product"}],"about":[{"href":"https:\/\/www.bunzyland.com\/it\/wp-json\/wp\/v2\/types\/product"}],"replies":[{"embeddable":true,"href":"https:\/\/www.bunzyland.com\/it\/wp-json\/wp\/v2\/comments?post=14823"}],"wp:featuredmedia":[{"embeddable":true,"href":"https:\/\/www.bunzyland.com\/it\/wp-json\/wp\/v2\/media\/14824"}],"wp:attachment":[{"href":"https:\/\/www.bunzyland.com\/it\/wp-json\/wp\/v2\/media?parent=14823"}],"wp:term":[{"taxonomy":"product_brand","embeddable":true,"href":"https:\/\/www.bunzyland.com\/it\/wp-json\/wp\/v2\/product_brand?post=14823"},{"taxonomy":"product_cat","embeddable":true,"href":"https:\/\/www.bunzyland.com\/it\/wp-json\/wp\/v2\/product_cat?post=14823"},{"taxonomy":"product_tag","embeddable":true,"href":"https:\/\/www.bunzyland.com\/it\/wp-json\/wp\/v2\/product_tag?post=14823"}],"curies":[{"name":"wp","href":"https:\/\/api.w.org\/{rel}","templated":true}]}}