{"id":14841,"date":"2024-02-19T15:56:43","date_gmt":"2024-02-19T14:56:43","guid":{"rendered":"https:\/\/bunzyland.com\/product\/straw-rabbit-carrot\/"},"modified":"2026-03-10T06:20:27","modified_gmt":"2026-03-10T05:20:27","slug":"carota-di-paglia-per-conigli","status":"publish","type":"product","link":"https:\/\/www.bunzyland.com\/it\/prodotto\/carota-di-paglia-per-conigli\/","title":{"rendered":"Carota di paglia per conigli"},"content":{"rendered":"<h2>Bocconcini di carota per conigli<\/h2>\n<p>Il tuo coniglio ha bisogno di rosicchiare ogni giorno per mantenere una buona salute dentale. Con la <strong>Carota di paglia per conigli<\/strong>, il tuo piccolo coniglio potr\u00e0 rosicchiare un prodotto naturale di alta qualit\u00e0 che manterr\u00e0 sani i suoi denti.<\/p>\n<p><img fetchpriority=\"high\" decoding=\"async\" class=\"alignnone wp-image-10661\" src=\"https:\/\/www.bunzyland.com\/wp-content\/uploads\/2024\/02\/jeu-a-grignoter-pour-lapin-300x300.jpg\" alt=\"Carota di paglia per conigli\" width=\"600\" height=\"600\" srcset=\"https:\/\/bunzyland.com\/wp-content\/uploads\/2024\/02\/jeu-a-grignoter-pour-lapin-300x300.jpg 300w, https:\/\/bunzyland.com\/wp-content\/uploads\/2024\/02\/jeu-a-grignoter-pour-lapin-150x150.jpg 150w, https:\/\/bunzyland.com\/wp-content\/uploads\/2024\/02\/jeu-a-grignoter-pour-lapin-768x768.jpg 768w, https:\/\/bunzyland.com\/wp-content\/uploads\/2024\/02\/jeu-a-grignoter-pour-lapin-990x990.jpg 990w, https:\/\/bunzyland.com\/wp-content\/uploads\/2024\/02\/jeu-a-grignoter-pour-lapin-441x441.jpg 441w, https:\/\/bunzyland.com\/wp-content\/uploads\/2024\/02\/jeu-a-grignoter-pour-lapin-100x100.jpg 100w, https:\/\/bunzyland.com\/wp-content\/uploads\/2024\/02\/jeu-a-grignoter-pour-lapin-600x600.jpg 600w, https:\/\/bunzyland.com\/wp-content\/uploads\/2024\/02\/jeu-a-grignoter-pour-lapin.jpg 1000w\" sizes=\"(max-width: 600px) 100vw, 600px\" \/><\/p>\n<p>Questa carota per conigli atossica \u00e8 intrecciata con erbe secche naturali. Quindi non c&#8217;\u00e8 alcun rischio per il tuo animale domestico.<\/p>\n<ul>\n<li>Mantiene i denti del tuo coniglio<\/li>\n<li>Combatte la noia<\/li>\n<li>Giocattolo divertente da mettere nel recinto del tuo coniglio<\/li>\n<li>Fibre naturali<\/li>\n<\/ul>\n<h3>Un gioco indispensabile per il tuo coniglio<\/h3>\n<p>La nostra <strong>Carota di paglia per conigli<\/strong> \u00e8 il gioco perfetto per conigli di tutte le taglie. Il tuo coniglietto si avviciner\u00e0 subito per annusarla e rosicchiarla. Questo gioco per conigli \u00e8 essenziale perch\u00e9 offre un&#8217;attivit\u00e0 sana e adeguata per soddisfare il suo bisogno naturale di rosicchiare. Il tuo coniglio sar\u00e0 intrattenuto senza rischiare di danneggiare i mobili di casa.<\/p>\n<p><img decoding=\"async\" class=\"alignnone wp-image-10662\" src=\"https:\/\/www.bunzyland.com\/wp-content\/uploads\/2024\/02\/jeu-carotte-pour-lapin-300x300.jpg\" alt=\"Carota di paglia per conigli\" width=\"600\" height=\"600\" srcset=\"https:\/\/bunzyland.com\/wp-content\/uploads\/2024\/02\/jeu-carotte-pour-lapin-300x300.jpg 300w, https:\/\/bunzyland.com\/wp-content\/uploads\/2024\/02\/jeu-carotte-pour-lapin-150x150.jpg 150w, https:\/\/bunzyland.com\/wp-content\/uploads\/2024\/02\/jeu-carotte-pour-lapin-768x768.jpg 768w, https:\/\/bunzyland.com\/wp-content\/uploads\/2024\/02\/jeu-carotte-pour-lapin-990x990.jpg 990w, https:\/\/bunzyland.com\/wp-content\/uploads\/2024\/02\/jeu-carotte-pour-lapin-441x441.jpg 441w, https:\/\/bunzyland.com\/wp-content\/uploads\/2024\/02\/jeu-carotte-pour-lapin-100x100.jpg 100w, https:\/\/bunzyland.com\/wp-content\/uploads\/2024\/02\/jeu-carotte-pour-lapin-600x600.jpg 600w, https:\/\/bunzyland.com\/wp-content\/uploads\/2024\/02\/jeu-carotte-pour-lapin.jpg 1000w\" sizes=\"(max-width: 600px) 100vw, 600px\" \/><\/p>\n<p>Questa <strong>carota da rosicchiare<\/strong> \u00e8 un ottimo modo per combattere la noia nei conigli. La noia pu\u00f2 talvolta portare a comportamenti distruttivi, ma con questo stimolante gioco a forma di carota il tuo coniglio trover\u00e0 un passatempo divertente e gratificante. \u00c8 la scelta perfetta per mantenere il tuo coniglio attivo e felice.<\/p>\n<p><strong>Caratteristiche:<\/strong><\/p>\n<p>Materiali: erba naturale<br \/>\nDimensioni: 20 x 4 cm<\/p>\n","protected":false},"excerpt":{"rendered":"<p>Bocconcini di carota per conigli Il tuo coniglio ha bisogno di rosicchiare ogni giorno per mantenere una buona salute dentale. Con la Carota di paglia per conigli, il tuo piccolo coniglio potr\u00e0 rosicchiare un prodotto naturale di alta qualit\u00e0 che manterr\u00e0 sani i suoi denti. Questa carota per conigli atossica \u00e8 intrecciata con erbe secche [&hellip;]<\/p>\n","protected":false},"featured_media":14844,"comment_status":"closed","ping_status":"closed","template":"","meta":{"_seopress_robots_primary_cat":"none","_seopress_titles_title":"","_seopress_titles_desc":"","_seopress_robots_index":""},"product_brand":[],"product_cat":[294,292,267,298],"product_tag":[],"class_list":{"0":"post-14841","1":"product","2":"type-product","3":"status-publish","4":"has-post-thumbnail","6":"product_cat-bunny-shop","7":"product_cat-giocattolo-da-rosicchiare","8":"product_cat-giochi-conigli","9":"product_cat-offers","11":"first","12":"instock","13":"sale","14":"taxable","15":"shipping-taxable","16":"purchasable","17":"product-type-simple"},"_links":{"self":[{"href":"https:\/\/www.bunzyland.com\/it\/wp-json\/wp\/v2\/product\/14841","targetHints":{"allow":["GET"]}}],"collection":[{"href":"https:\/\/www.bunzyland.com\/it\/wp-json\/wp\/v2\/product"}],"about":[{"href":"https:\/\/www.bunzyland.com\/it\/wp-json\/wp\/v2\/types\/product"}],"replies":[{"embeddable":true,"href":"https:\/\/www.bunzyland.com\/it\/wp-json\/wp\/v2\/comments?post=14841"}],"wp:featuredmedia":[{"embeddable":true,"href":"https:\/\/www.bunzyland.com\/it\/wp-json\/wp\/v2\/media\/14844"}],"wp:attachment":[{"href":"https:\/\/www.bunzyland.com\/it\/wp-json\/wp\/v2\/media?parent=14841"}],"wp:term":[{"taxonomy":"product_brand","embeddable":true,"href":"https:\/\/www.bunzyland.com\/it\/wp-json\/wp\/v2\/product_brand?post=14841"},{"taxonomy":"product_cat","embeddable":true,"href":"https:\/\/www.bunzyland.com\/it\/wp-json\/wp\/v2\/product_cat?post=14841"},{"taxonomy":"product_tag","embeddable":true,"href":"https:\/\/www.bunzyland.com\/it\/wp-json\/wp\/v2\/product_tag?post=14841"}],"curies":[{"name":"wp","href":"https:\/\/api.w.org\/{rel}","templated":true}]}}