{"id":14857,"date":"2024-02-19T15:56:42","date_gmt":"2024-02-19T14:56:42","guid":{"rendered":"https:\/\/bunzyland.com\/product\/rabbit-bed-pompom\/"},"modified":"2025-10-06T16:54:47","modified_gmt":"2025-10-06T14:54:47","slug":"letto-per-coniglio-con-pompon","status":"publish","type":"product","link":"https:\/\/www.bunzyland.com\/it\/prodotto\/letto-per-coniglio-con-pompon\/","title":{"rendered":"Letto per coniglio con pompon"},"content":{"rendered":"<h2>Un adorabile letto per coniglio<\/h2>\n<p>Questo<strong> letto per coniglio<\/strong> con pompon \u00e8 perfetto per i coniglietti che amano sdraiarsi su superfici morbide e soffici. Scopri un irresistibile e morbido <strong>letto per coniglio<\/strong> con un piccolo pompon adorabile. Questo <strong>tappetino per coniglio<\/strong> offrir\u00e0 al tuo animale domestico un luogo dove riposare comodamente.<\/p>\n<p><img fetchpriority=\"high\" decoding=\"async\" class=\"alignnone wp-image-5369\" src=\"https:\/\/mon-lapinnain.com\/wp-content\/uploads\/2021\/07\/lit-pour-lapin-nain.jpg\" alt=\"Letto per coniglio bianco\" width=\"600\" height=\"600\" \/><\/p>\n<h2>Il letto perfetto per i conigli<\/h2>\n<p>Puoi posizionare il <strong>letto per coniglio<\/strong> nel recinto del tuo animale o in una zona tranquilla della tua casa. In questo modo, potr\u00e0 riposare e rilassarsi quando vuole. I conigli adorano sdraiarsi su un letto comodo. Questo garantir\u00e0 tutto il comfort di cui il tuo piccolo amico ha bisogno. Aiuter\u00e0 anche a mantenere le sue zampe sane e libere da pododermatite.<\/p>\n<p><img decoding=\"async\" class=\"alignnone wp-image-16525\" src=\"https:\/\/mon-lapinnain.com\/wp-content\/uploads\/2021\/07\/lit-pour-lapin-douillet-blanc.png\" alt=\"Letto per coniglio\" width=\"600\" height=\"600\" \/><\/p>\n<p>Progettato con amore, questo <strong>letto per coniglio<\/strong> rispetta il bisogno naturale del tuo coniglio di avere qualcosa di morbido e rassicurante su cui sdraiarsi. Gli offre un posto sicuro e una zona di comfort dove potr\u00e0 rilassarsi completamente, lontano dal trambusto della casa. Con questo <strong>letto per conigli<\/strong>, il tuo coniglietto godr\u00e0 di ore di sonno tranquillo e momenti di vero relax.<\/p>\n<p><img decoding=\"async\" class=\"alignnone\" src=\"https:\/\/cdn.shopify.com\/s\/files\/1\/0450\/8303\/3765\/files\/Coussin_pour_lapin_6b61ed1e-516d-4d98-9257-ffaec2557439_600x600.gif?v=1610990933\" alt=\"Letto per coniglio\" width=\"328\" height=\"335\" \/><\/p>\n<p>Maggiori dettagli:<br \/>\n<strong>Materiale:<\/strong> Cotone e peluche<br \/>\n<strong>Colore:<\/strong> Rosa o Bianco<br \/>\n<strong>Dimensioni<\/strong>: 40 x 25 cm<\/p>\n","protected":false},"excerpt":{"rendered":"<ul>\n<li>Miglior letto per coniglio<\/li>\n<li>Confortevole<\/li>\n<\/ul>\n","protected":false},"featured_media":14858,"comment_status":"closed","ping_status":"closed","template":"","meta":{"_seopress_robots_primary_cat":"none","_seopress_titles_title":"","_seopress_titles_desc":"Rabbit bed, the brand new bed designed especially for our dwarf rabbit friends. A comfortable mat adapted to their morphology.","_seopress_robots_index":""},"product_brand":[],"product_cat":[294,274],"product_tag":[],"class_list":{"0":"post-14857","1":"product","2":"type-product","3":"status-publish","4":"has-post-thumbnail","6":"product_cat-bunny-shop","7":"product_cat-letto-conigli","9":"first","10":"instock","11":"taxable","12":"shipping-taxable","13":"purchasable","14":"product-type-simple"},"_links":{"self":[{"href":"https:\/\/www.bunzyland.com\/it\/wp-json\/wp\/v2\/product\/14857","targetHints":{"allow":["GET"]}}],"collection":[{"href":"https:\/\/www.bunzyland.com\/it\/wp-json\/wp\/v2\/product"}],"about":[{"href":"https:\/\/www.bunzyland.com\/it\/wp-json\/wp\/v2\/types\/product"}],"replies":[{"embeddable":true,"href":"https:\/\/www.bunzyland.com\/it\/wp-json\/wp\/v2\/comments?post=14857"}],"wp:featuredmedia":[{"embeddable":true,"href":"https:\/\/www.bunzyland.com\/it\/wp-json\/wp\/v2\/media\/14858"}],"wp:attachment":[{"href":"https:\/\/www.bunzyland.com\/it\/wp-json\/wp\/v2\/media?parent=14857"}],"wp:term":[{"taxonomy":"product_brand","embeddable":true,"href":"https:\/\/www.bunzyland.com\/it\/wp-json\/wp\/v2\/product_brand?post=14857"},{"taxonomy":"product_cat","embeddable":true,"href":"https:\/\/www.bunzyland.com\/it\/wp-json\/wp\/v2\/product_cat?post=14857"},{"taxonomy":"product_tag","embeddable":true,"href":"https:\/\/www.bunzyland.com\/it\/wp-json\/wp\/v2\/product_tag?post=14857"}],"curies":[{"name":"wp","href":"https:\/\/api.w.org\/{rel}","templated":true}]}}