{"id":14867,"date":"2024-02-19T15:56:41","date_gmt":"2024-02-19T14:56:41","guid":{"rendered":"https:\/\/bunzyland.com\/product\/rabbit-playpen-for-travel\/"},"modified":"2025-10-06T16:54:48","modified_gmt":"2025-10-06T14:54:48","slug":"recinto-da-viaggio-per-conigli","status":"publish","type":"product","link":"https:\/\/www.bunzyland.com\/it\/prodotto\/recinto-da-viaggio-per-conigli\/","title":{"rendered":"Recinto da viaggio per conigli"},"content":{"rendered":"<h2><strong>Recinto da viaggio per conigli: pratico per viaggiare<\/strong><\/h2>\n<p>Questo <strong>recinto da viaggio per conigli<\/strong> \u00e8 l&#8217;alloggio perfetto per il tuo animale domestico. Completamente chiuso, anche nella parte superiore, non dovrai preoccuparti che il tuo coniglio scappi. Facile da trasportare, questo <strong>recinto per conigli<\/strong> pu\u00f2 essere montato in giardino, al parco o anche in casa. \u00c8 uno dei migliori articoli da viaggio per coniglietti. Questo \u00e8 il <strong>miglior recinto<\/strong> per andare in vacanza con il tuo coniglio. Pieghevole e facile da riporre, questo <strong>recinto per conigli<\/strong> \u00e8 molto comodo. Il materiale traspirante permette all&#8217;aria di circolare attraverso il <strong>recinto per coniglietti<\/strong>, cos\u00ec il tuo coniglio sar\u00e0 anche protetto dal caldo.<\/p>\n<p>Il principale vantaggio di un <strong>recinto da viaggio per conigli<\/strong> \u00e8 che offre al tuo coniglio pi\u00f9 spazio e libert\u00e0 per giocare in sicurezza. Metti tutti i suoi giochi all&#8217;interno del recinto insieme a fieno e lettiera. Puoi posizionare questo <strong>recinto<\/strong> all&#8217;ingresso della gabbia del tuo coniglio per aumentare il suo spazio.<\/p>\n<p><img fetchpriority=\"high\" decoding=\"async\" class=\"alignnone\" src=\"https:\/\/monlapinnain.hellodr.tech\/wp-content\/uploads\/sites\/532\/2021\/02\/enclos-facile-a-installer_600x600.jpg?v=1599742762\" alt=\"recinto economico per conigli\" width=\"600\" height=\"600\" \/><\/p>\n<p><strong>Ulteriori dettagli:<\/strong><\/p>\n<p><strong>Dimensioni: <\/strong>120cm x 38cm \/ 47,24&#8243; x 14,96&#8243; (ogni lato \u00e8 lungo 60cm \/ 23,62&#8243;)<br \/>\n<strong>Materiale: <\/strong>Tessuto impermeabile + Tela<\/p>\n","protected":false},"excerpt":{"rendered":"<p>Recinto da viaggio per conigli: pratico per viaggiare Questo recinto da viaggio per conigli \u00e8 l&#8217;alloggio perfetto per il tuo animale domestico. Completamente chiuso, anche nella parte superiore, non dovrai preoccuparti che il tuo coniglio scappi. Facile da trasportare, questo recinto per conigli pu\u00f2 essere montato in giardino, al parco o anche in casa. \u00c8 [&hellip;]<\/p>\n","protected":false},"featured_media":14868,"comment_status":"closed","ping_status":"closed","template":"","meta":{"_seopress_robots_primary_cat":"none","_seopress_titles_title":"","_seopress_titles_desc":"Rabbit playpen for travel, the ideal pen for your outings in the park. Your bunny will follow you everywhere with this new enclosure!","_seopress_robots_index":""},"product_brand":[],"product_cat":[294,298,300],"product_tag":[],"class_list":{"0":"post-14867","1":"product","2":"type-product","3":"status-publish","4":"has-post-thumbnail","6":"product_cat-bunny-shop","7":"product_cat-offers","8":"product_cat-recinto-conigli","10":"first","11":"outofstock","12":"sale","13":"taxable","14":"shipping-taxable","15":"purchasable","16":"product-type-simple"},"_links":{"self":[{"href":"https:\/\/www.bunzyland.com\/it\/wp-json\/wp\/v2\/product\/14867","targetHints":{"allow":["GET"]}}],"collection":[{"href":"https:\/\/www.bunzyland.com\/it\/wp-json\/wp\/v2\/product"}],"about":[{"href":"https:\/\/www.bunzyland.com\/it\/wp-json\/wp\/v2\/types\/product"}],"replies":[{"embeddable":true,"href":"https:\/\/www.bunzyland.com\/it\/wp-json\/wp\/v2\/comments?post=14867"}],"wp:featuredmedia":[{"embeddable":true,"href":"https:\/\/www.bunzyland.com\/it\/wp-json\/wp\/v2\/media\/14868"}],"wp:attachment":[{"href":"https:\/\/www.bunzyland.com\/it\/wp-json\/wp\/v2\/media?parent=14867"}],"wp:term":[{"taxonomy":"product_brand","embeddable":true,"href":"https:\/\/www.bunzyland.com\/it\/wp-json\/wp\/v2\/product_brand?post=14867"},{"taxonomy":"product_cat","embeddable":true,"href":"https:\/\/www.bunzyland.com\/it\/wp-json\/wp\/v2\/product_cat?post=14867"},{"taxonomy":"product_tag","embeddable":true,"href":"https:\/\/www.bunzyland.com\/it\/wp-json\/wp\/v2\/product_tag?post=14867"}],"curies":[{"name":"wp","href":"https:\/\/api.w.org\/{rel}","templated":true}]}}