{"id":14871,"date":"2024-02-19T15:56:41","date_gmt":"2024-02-19T14:56:41","guid":{"rendered":"https:\/\/bunzyland.com\/product\/rabbit-enclosure\/"},"modified":"2025-10-06T16:54:48","modified_gmt":"2025-10-06T14:54:48","slug":"recinto-per-conigli","status":"publish","type":"product","link":"https:\/\/www.bunzyland.com\/it\/prodotto\/recinto-per-conigli\/","title":{"rendered":"Recinto per conigli"},"content":{"rendered":"<h2>L\u2019ultra-pratico recinto per conigli<\/h2>\n<p>Questo <strong>recinto per conigli<\/strong> \u00e8 ideale per il tuo coniglietto, cos\u00ec potr\u00e0 girare per casa semi-libero in completa sicurezza. Il montaggio a 12 pannelli \u00e8 facile da installare. Puoi creare un recinto adatto al comfort del tuo coniglio. I pannelli sono completamente modulari, quindi puoi aggiungere un set extra di pannelli per creare uno spazio pi\u00f9 ampio per il coniglio.<\/p>\n<p><img fetchpriority=\"high\" decoding=\"async\" class=\"alignnone wp-image-16144\" src=\"https:\/\/mon-lapinnain.com\/wp-content\/uploads\/2021\/07\/enclos-modulable-pour-lapin.png\" alt=\"Recinto per conigli\" width=\"600\" height=\"330\" \/><\/p>\n<h2>Un recinto per la sicurezza del tuo coniglio nano<\/h2>\n<p>Odi l\u2019idea che il tuo coniglio sia rinchiuso in una piccola gabbia senza un\u2019area sicura dove giocare? Questo <strong>recinto per conigli<\/strong> d\u00e0 al tuo animale pi\u00f9 spazio per muoversi e giocare. Il tuo coniglio sar\u00e0 al sicuro nel suo habitat e non rischier\u00e0 di mettersi in pericolo mordicchiando cavi elettrici o finendo in altri guai. Cos\u00ec sarai pi\u00f9 tranquillo lasciandolo vivere la sua vita da coniglio.<\/p>\n<p><img decoding=\"async\" class=\"alignnone wp-image-16143\" src=\"https:\/\/mon-lapinnain.com\/wp-content\/uploads\/2021\/07\/enclos-modulable-lapin.png\" alt=\"Recinto per conigli\" width=\"600\" height=\"466\" \/><\/p>\n<p>Le griglie sono distanti 1,5 cm l\u2019una dall\u2019altra, quindi il tuo coniglio non cadr\u00e0 fuori. Rester\u00e0 al sicuro all&#8217;interno del recinto senza rischi di incastrarsi.<\/p>\n<p><img decoding=\"async\" class=\"alignnone wp-image-16141\" src=\"https:\/\/mon-lapinnain.com\/wp-content\/uploads\/2021\/07\/enclos-lapin.png\" alt=\"recinto da gioco per conigli\" width=\"600\" height=\"600\" \/><\/p>\n<h2>Regolabile e modulare a piacere<\/h2>\n<p>Puoi prendere diversi set di pannelli per aumentare la misura del recinto del tuo coniglio. Un pannello quadrato misura 35 cm, quindi devi solo calcolare il numero di pannelli di cui hai bisogno.<\/p>\n<p><strong>Caratteristiche<\/strong> :<br \/>\nModulare<br \/>\nMateriali: Metallo<br \/>\nDimensioni pannello: L: 35cm x P: 35cm x A: 35 cm<br \/>\nSet: set da 12 pannelli<br \/>\nColore : Nero<br \/>\nContenuto della confezione: Lotto di 12 pannelli, Connettori<\/p>\n","protected":false},"excerpt":{"rendered":"<ul>\n<li>Recinto modulare<\/li>\n<li>Facile da montare<\/li>\n<li>Ideale per ampliare un recinto<\/li>\n<\/ul>\n","protected":false},"featured_media":14872,"comment_status":"closed","ping_status":"closed","template":"","meta":{"_seopress_robots_primary_cat":"none","_seopress_titles_title":"","_seopress_titles_desc":"","_seopress_robots_index":""},"product_brand":[],"product_cat":[294,300],"product_tag":[],"class_list":{"0":"post-14871","1":"product","2":"type-product","3":"status-publish","4":"has-post-thumbnail","6":"product_cat-bunny-shop","7":"product_cat-recinto-conigli","8":"product_shipping_class-ne-passe-pas-en-mondial-relais","10":"first","11":"instock","12":"taxable","13":"shipping-taxable","14":"purchasable","15":"product-type-simple"},"_links":{"self":[{"href":"https:\/\/www.bunzyland.com\/it\/wp-json\/wp\/v2\/product\/14871","targetHints":{"allow":["GET"]}}],"collection":[{"href":"https:\/\/www.bunzyland.com\/it\/wp-json\/wp\/v2\/product"}],"about":[{"href":"https:\/\/www.bunzyland.com\/it\/wp-json\/wp\/v2\/types\/product"}],"replies":[{"embeddable":true,"href":"https:\/\/www.bunzyland.com\/it\/wp-json\/wp\/v2\/comments?post=14871"}],"wp:featuredmedia":[{"embeddable":true,"href":"https:\/\/www.bunzyland.com\/it\/wp-json\/wp\/v2\/media\/14872"}],"wp:attachment":[{"href":"https:\/\/www.bunzyland.com\/it\/wp-json\/wp\/v2\/media?parent=14871"}],"wp:term":[{"taxonomy":"product_brand","embeddable":true,"href":"https:\/\/www.bunzyland.com\/it\/wp-json\/wp\/v2\/product_brand?post=14871"},{"taxonomy":"product_cat","embeddable":true,"href":"https:\/\/www.bunzyland.com\/it\/wp-json\/wp\/v2\/product_cat?post=14871"},{"taxonomy":"product_tag","embeddable":true,"href":"https:\/\/www.bunzyland.com\/it\/wp-json\/wp\/v2\/product_tag?post=14871"}],"curies":[{"name":"wp","href":"https:\/\/api.w.org\/{rel}","templated":true}]}}