{"id":14891,"date":"2024-02-19T15:56:39","date_gmt":"2024-02-19T14:56:39","guid":{"rendered":"https:\/\/bunzyland.com\/product\/toy-for-rabbit-in-wood\/"},"modified":"2025-10-06T16:54:49","modified_gmt":"2025-10-06T14:54:49","slug":"giocattolo-per-coniglio-in-legno","status":"publish","type":"product","link":"https:\/\/www.bunzyland.com\/it\/prodotto\/giocattolo-per-coniglio-in-legno\/","title":{"rendered":"Giocattolo per coniglio in legno"},"content":{"rendered":"<div class=\"detailmodule_html\">\n<h2 class=\"detail-desc-decorate-richtext\">Giocattolo per coniglio in legno: l&#8217;immancabile<\/h2>\n<p>Con questo <strong>giocattolo per coniglio in legno<\/strong>, il tuo piccolo animale pu\u00f2 giocare e divertirsi mentre sei via. Il tuo coniglietto pu\u00f2 sentirsi molto solo quando non ci sei, se non ha nulla con cui tenersi occupato e dimenticare la tua assenza. Questo <strong>giocattolo da rosicchiare per coniglio<\/strong> sar\u00e0 un&#8217;ottima aggiunta all&#8217;ambiente del tuo coniglio per tenerlo intrattenuto.<\/p>\n<p>Questo <strong>giocattolo in legno per coniglio<\/strong> \u00e8 perfetto per il tuo animale domestico quando tu non sei a casa. Consideralo un investimento per dare al tuo amico qualcosa di divertente da fare mentre sei a lavoro o impegnato durante la giornata.<\/p>\n<p><img fetchpriority=\"high\" decoding=\"async\" class=\"alignnone\" src=\"https:\/\/monlapinnain.hellodr.tech\/wp-content\/uploads\/sites\/532\/2021\/02\/Jouet-en-bois-pour-lapin_600x600.jpg?v=1608396584\" alt=\"Giocattolo per coniglio in legno\" width=\"600\" height=\"600\" \/><\/p>\n<p>Il tuo animale adorer\u00e0 scuotere questo meraviglioso <strong>giocattolo per coniglio<\/strong>, in quanto i campanellini all&#8217;interno stimoleranno la sua curiosit\u00e0. Amer\u00e0 anche rosicchiare questo piccolo giocattolo, ideale per consumare i suoi denti. \u00c8 importante che il tuo coniglio mantenga i denti in salute ogni giorno mangiando fieno e mordicchiando vari oggetti. Questo <strong>giocattolo da rosicchiare in legno per coniglio<\/strong> \u00e8 perfetto per soddisfare il desiderio del tuo coniglio di mordere. Le tue sedie e porte saranno al sicuro con questo giocattolo da masticare.<\/p>\n<p><strong>Altri dettagli su questo giocattolo:<\/strong><\/p>\n<p>Materiale: Legno, metallo<br \/>\nDimensioni: 7 x 5 cm \/ 2,75&#8243; x 1,96&#8243;<\/p>\n<\/div>\n","protected":false},"excerpt":{"rendered":"<ul>\n<li>Giocattolo per coniglio<\/li>\n<li>Contro la noia<\/li>\n<\/ul>\n","protected":false},"featured_media":14892,"comment_status":"closed","ping_status":"closed","template":"","meta":{"_seopress_robots_primary_cat":"none","_seopress_titles_title":"","_seopress_titles_desc":"Toy for rabbit in wood, a natural toy for your pet to play with. Wooden product that your rabbit can chew on! Best rabbit toy","_seopress_robots_index":""},"product_brand":[],"product_cat":[294,292,267,298],"product_tag":[],"class_list":{"0":"post-14891","1":"product","2":"type-product","3":"status-publish","4":"has-post-thumbnail","6":"product_cat-bunny-shop","7":"product_cat-giocattolo-da-rosicchiare","8":"product_cat-giochi-conigli","9":"product_cat-offers","11":"first","12":"instock","13":"taxable","14":"shipping-taxable","15":"purchasable","16":"product-type-simple"},"_links":{"self":[{"href":"https:\/\/www.bunzyland.com\/it\/wp-json\/wp\/v2\/product\/14891","targetHints":{"allow":["GET"]}}],"collection":[{"href":"https:\/\/www.bunzyland.com\/it\/wp-json\/wp\/v2\/product"}],"about":[{"href":"https:\/\/www.bunzyland.com\/it\/wp-json\/wp\/v2\/types\/product"}],"replies":[{"embeddable":true,"href":"https:\/\/www.bunzyland.com\/it\/wp-json\/wp\/v2\/comments?post=14891"}],"wp:featuredmedia":[{"embeddable":true,"href":"https:\/\/www.bunzyland.com\/it\/wp-json\/wp\/v2\/media\/14892"}],"wp:attachment":[{"href":"https:\/\/www.bunzyland.com\/it\/wp-json\/wp\/v2\/media?parent=14891"}],"wp:term":[{"taxonomy":"product_brand","embeddable":true,"href":"https:\/\/www.bunzyland.com\/it\/wp-json\/wp\/v2\/product_brand?post=14891"},{"taxonomy":"product_cat","embeddable":true,"href":"https:\/\/www.bunzyland.com\/it\/wp-json\/wp\/v2\/product_cat?post=14891"},{"taxonomy":"product_tag","embeddable":true,"href":"https:\/\/www.bunzyland.com\/it\/wp-json\/wp\/v2\/product_tag?post=14891"}],"curies":[{"name":"wp","href":"https:\/\/api.w.org\/{rel}","templated":true}]}}