{"id":14897,"date":"2024-02-19T15:56:39","date_gmt":"2024-02-19T14:56:39","guid":{"rendered":"https:\/\/bunzyland.com\/product\/treats-ball-rabbit-toy\/"},"modified":"2025-10-06T16:54:49","modified_gmt":"2025-10-06T14:54:49","slug":"palla-per-leccornie-giocattolo-per-conigli","status":"publish","type":"product","link":"https:\/\/www.bunzyland.com\/it\/prodotto\/palla-per-leccornie-giocattolo-per-conigli\/","title":{"rendered":"Palla per leccornie | Giocattolo per conigli"},"content":{"rendered":"<h2>Una palla per leccornie pensata apposta per lui<\/h2>\n<p>La <strong>palla per leccornie<\/strong> &#8220;Bunzyland&#8221; \u00e8 una rivoluzione nel mondo del <strong>gioco per conigli<\/strong>. Progettata appositamente per stimolare la curiosit\u00e0 del tuo coniglio, questa palla non \u00e8 solo un giocattolo, \u00e8 un&#8217;avventura vera e propria. Inserisci all&#8217;interno i suoi snack preferiti. Guarda il tuo coniglio trasformarsi in un piccolo esploratore, determinato a scoprire queste delizie tanto ambite. Stimolazione mentale e fisica, anche quando sei fuori casa.<\/p>\n<p><img fetchpriority=\"high\" decoding=\"async\" class=\"alignnone\" src=\"https:\/\/cdn.shopify.com\/s\/files\/1\/0450\/8303\/3765\/files\/Balle_friandise_lapin_600x600.gif?v=1608291820\" alt=\"gioco palla per leccornie coniglio\" width=\"350\" height=\"350\" \/><\/p>\n<h3>Un giocattolo per conigli per migliorare la qualit\u00e0 della vita<\/h3>\n<p>Con un diametro di 7,5 cm, questa <strong>Palla Gustosa<\/strong> ha la dimensione ideale per essere spinta e fatta rotolare dal tuo coniglio con facilit\u00e0.<\/p>\n<p><img decoding=\"async\" class=\"alignnone wp-image-16486\" src=\"https:\/\/mon-lapinnain.com\/wp-content\/uploads\/2021\/07\/jouet-pour-lapin-balle-friandise-bleu.png\" alt=\"giocattolo palla per coniglio-blu\" width=\"600\" height=\"600\" \/><\/p>\n<p>Questo piccolo <strong>gioco per conigli<\/strong> aiuta a mantenere il tuo coniglio in salute. Ogni tentativo di raggiungere le leccornie \u00e8 una sessione di esercizio mascherata, che contribuisce a mantenere il tuo coniglio in forma. Inoltre, questo giocattolo aiuta a prevenire la noia e lo stress, due nemici della salute emotiva del tuo coniglio.<\/p>\n<p><img decoding=\"async\" class=\"alignnone wp-image-16487\" src=\"https:\/\/mon-lapinnain.com\/wp-content\/uploads\/2021\/07\/jouet-pour-lapin-balle-friandise.png\" alt=\"giocattolo palla per coniglio leccornie\" width=\"600\" height=\"600\" \/><\/p>\n<p>Questa <strong>Palla per leccornie<\/strong> \u00e8 il regalo perfetto per il tuo animale. Arricchisce la sua vita quotidiana, mantenendolo attivo, felice e in salute. Dona al tuo coniglio una fonte inesauribile di felicit\u00e0 con questa palla magica e divertiti a vederlo saltare dalla gioia!<\/p>\n<p><strong>Caratteristiche :<\/strong><\/p>\n<p><strong>Colore:<\/strong> 2 colori diversi (Blu, Giallo)<br \/>\n<strong>Dimensione:<\/strong> 7,5 cm (diametro)<\/p>\n<p>Per rendere ancora pi\u00f9 divertente la vita del tuo amico peloso, scopri la nostra selezione di <a href=\"https:\/\/www.bunzyland.com\/it\/giochi-conigli\/\">giocattoli per conigli<\/a> studiati appositamente per il suo benessere e il suo piacere.<\/p>\n","protected":false},"excerpt":{"rendered":"<p>Una palla per leccornie pensata apposta per lui La palla per leccornie &#8220;Bunzyland&#8221; \u00e8 una rivoluzione nel mondo del gioco per conigli. Progettata appositamente per stimolare la curiosit\u00e0 del tuo coniglio, questa palla non \u00e8 solo un giocattolo, \u00e8 un&#8217;avventura vera e propria. Inserisci all&#8217;interno i suoi snack preferiti. Guarda il tuo coniglio trasformarsi in [&hellip;]<\/p>\n","protected":false},"featured_media":14898,"comment_status":"closed","ping_status":"closed","template":"","meta":{"_seopress_robots_primary_cat":"none","_seopress_titles_title":"","_seopress_titles_desc":"Rabbit treat ball, a popular toy for rabbits. It keeps them entertained and stimulates their intelligence through play.","_seopress_robots_index":""},"product_brand":[],"product_cat":[294,267,298],"product_tag":[],"class_list":{"0":"post-14897","1":"product","2":"type-product","3":"status-publish","4":"has-post-thumbnail","6":"product_cat-bunny-shop","7":"product_cat-giochi-conigli","8":"product_cat-offers","10":"first","11":"outofstock","12":"sale","13":"taxable","14":"shipping-taxable","15":"purchasable","16":"product-type-variable","17":"has-default-attributes"},"_links":{"self":[{"href":"https:\/\/www.bunzyland.com\/it\/wp-json\/wp\/v2\/product\/14897","targetHints":{"allow":["GET"]}}],"collection":[{"href":"https:\/\/www.bunzyland.com\/it\/wp-json\/wp\/v2\/product"}],"about":[{"href":"https:\/\/www.bunzyland.com\/it\/wp-json\/wp\/v2\/types\/product"}],"replies":[{"embeddable":true,"href":"https:\/\/www.bunzyland.com\/it\/wp-json\/wp\/v2\/comments?post=14897"}],"wp:featuredmedia":[{"embeddable":true,"href":"https:\/\/www.bunzyland.com\/it\/wp-json\/wp\/v2\/media\/14898"}],"wp:attachment":[{"href":"https:\/\/www.bunzyland.com\/it\/wp-json\/wp\/v2\/media?parent=14897"}],"wp:term":[{"taxonomy":"product_brand","embeddable":true,"href":"https:\/\/www.bunzyland.com\/it\/wp-json\/wp\/v2\/product_brand?post=14897"},{"taxonomy":"product_cat","embeddable":true,"href":"https:\/\/www.bunzyland.com\/it\/wp-json\/wp\/v2\/product_cat?post=14897"},{"taxonomy":"product_tag","embeddable":true,"href":"https:\/\/www.bunzyland.com\/it\/wp-json\/wp\/v2\/product_tag?post=14897"}],"curies":[{"name":"wp","href":"https:\/\/api.w.org\/{rel}","templated":true}]}}