{"id":14913,"date":"2024-02-19T15:56:38","date_gmt":"2024-02-19T14:56:38","guid":{"rendered":"https:\/\/bunzyland.com\/product\/rabbit-rope-set\/"},"modified":"2025-10-06T16:54:49","modified_gmt":"2025-10-06T14:54:49","slug":"set-di-corde-per-conigli","status":"publish","type":"product","link":"https:\/\/www.bunzyland.com\/it\/prodotto\/set-di-corde-per-conigli\/","title":{"rendered":"Set di corde per conigli"},"content":{"rendered":"<h2>Questo giocattolo in legno e corda conquister\u00e0 sicuramente il tuo coniglio.<\/h2>\n<p>I nostri conigli amano esplorare e rosicchiare, e il nostro <strong>Set di corde per conigli<\/strong> \u00e8 progettato per incoraggiare questi comportamenti naturali. Con pratiche dimensioni di 3x3x20 cm, questo giocattolo \u00e8 perfetto per conigli di tutte le taglie. \ud83d\udc30\ud83c\udf89<\/p>\n<p>Questa attraente corda giocattolo \u00e8 abbinata a robusti blocchi di legno per offrire al tuo coniglio ore di masticazione e gioco. Oltre a soddisfare l&#8217;istinto di <strong>rosicchiare del tuo coniglio<\/strong>, questo <strong>giocattolo per conigli<\/strong> aiuta a mantenere una buona igiene dentale, pur essendo sufficientemente delicato da essere sicuro per i suoi dentini. \ud83e\uddb7\ud83c\udf3f<\/p>\n<h3>Un gioco per stimolare il tuo coniglio<\/h3>\n<p>La combinazione di texture tra la soffice corda e i blocchi di legno offre un&#8217;esperienza di gioco varia che catturer\u00e0 l&#8217;attenzione del tuo coniglio. Questa <strong>attivit\u00e0<\/strong> con il <strong>Set di corde per conigli<\/strong> pu\u00f2 aiutare a prevenire la noia e a stimolare l&#8217;intelligenza del tuo animale domestico, rendendolo attivo e felice. \ud83d\udca1\u2728<\/p>\n<p>Facile da installare nel recinto o nell&#8217;area gioco del tuo coniglio, questo gioco da rosicchiare pu\u00f2 essere utilizzato per incoraggiare il movimento e l&#8217;esercizio, contribuendo al suo benessere generale. I blocchi di legno aggiungono un elemento extra di sfida, incentivando il tuo coniglio a usare zampe e bocca per scoprire diversi modi di giocare.<\/p>\n<p><strong>Caratteristiche:<\/strong><\/p>\n<p>Materiali: legno, corda<br \/>\nDimensioni: 20cm x 3cm<\/p>\n","protected":false},"excerpt":{"rendered":"<p>Questo giocattolo in legno e corda conquister\u00e0 sicuramente il tuo coniglio. I nostri conigli amano esplorare e rosicchiare, e il nostro Set di corde per conigli \u00e8 progettato per incoraggiare questi comportamenti naturali. Con pratiche dimensioni di 3x3x20 cm, questo giocattolo \u00e8 perfetto per conigli di tutte le taglie. \ud83d\udc30\ud83c\udf89 Questa attraente corda giocattolo \u00e8 [&hellip;]<\/p>\n","protected":false},"featured_media":14915,"comment_status":"closed","ping_status":"closed","template":"","meta":{"_seopress_robots_primary_cat":"none","_seopress_titles_title":"","_seopress_titles_desc":"","_seopress_robots_index":""},"product_brand":[],"product_cat":[294,292,267,298],"product_tag":[],"class_list":{"0":"post-14913","1":"product","2":"type-product","3":"status-publish","4":"has-post-thumbnail","6":"product_cat-bunny-shop","7":"product_cat-giocattolo-da-rosicchiare","8":"product_cat-giochi-conigli","9":"product_cat-offers","11":"first","12":"instock","13":"taxable","14":"shipping-taxable","15":"purchasable","16":"product-type-simple"},"_links":{"self":[{"href":"https:\/\/www.bunzyland.com\/it\/wp-json\/wp\/v2\/product\/14913","targetHints":{"allow":["GET"]}}],"collection":[{"href":"https:\/\/www.bunzyland.com\/it\/wp-json\/wp\/v2\/product"}],"about":[{"href":"https:\/\/www.bunzyland.com\/it\/wp-json\/wp\/v2\/types\/product"}],"replies":[{"embeddable":true,"href":"https:\/\/www.bunzyland.com\/it\/wp-json\/wp\/v2\/comments?post=14913"}],"wp:featuredmedia":[{"embeddable":true,"href":"https:\/\/www.bunzyland.com\/it\/wp-json\/wp\/v2\/media\/14915"}],"wp:attachment":[{"href":"https:\/\/www.bunzyland.com\/it\/wp-json\/wp\/v2\/media?parent=14913"}],"wp:term":[{"taxonomy":"product_brand","embeddable":true,"href":"https:\/\/www.bunzyland.com\/it\/wp-json\/wp\/v2\/product_brand?post=14913"},{"taxonomy":"product_cat","embeddable":true,"href":"https:\/\/www.bunzyland.com\/it\/wp-json\/wp\/v2\/product_cat?post=14913"},{"taxonomy":"product_tag","embeddable":true,"href":"https:\/\/www.bunzyland.com\/it\/wp-json\/wp\/v2\/product_tag?post=14913"}],"curies":[{"name":"wp","href":"https:\/\/api.w.org\/{rel}","templated":true}]}}