{"id":14919,"date":"2024-02-19T15:56:37","date_gmt":"2024-02-19T14:56:37","guid":{"rendered":"https:\/\/bunzyland.com\/product\/rabbit-carrier-bag\/"},"modified":"2025-10-06T16:54:49","modified_gmt":"2025-10-06T14:54:49","slug":"borsa-trasportino-per-conigli","status":"publish","type":"product","link":"https:\/\/www.bunzyland.com\/it\/prodotto\/borsa-trasportino-per-conigli\/","title":{"rendered":"Borsa trasportino per conigli"},"content":{"rendered":"<h2>La borsa giusta per conigli nani<\/h2>\n<p>La <strong>borsa trasportino per conigli<\/strong> &#8220;Bunzyland&#8221; \u00e8 perfetta per trasportare il tuo amico peloso durante i viaggi o dal veterinario. <strong>La dimensione della borsa \u00e8 perfettamente adattata<\/strong> alla misura del tuo coniglio. Si sentir\u00e0 al sicuro e a suo agio all&#8217;interno.<\/p>\n<p><img fetchpriority=\"high\" decoding=\"async\" class=\"alignnone\" src=\"https:\/\/monlapinnain.hellodr.tech\/wp-content\/uploads\/sites\/532\/2021\/02\/Sac-de-transport-lapin-mon-lapin-nain_600x600.jpg?v=1609232994\" alt=\"Borsa trasportino per conigli\" width=\"347\" height=\"600\" \/><\/p>\n<h2>Una borsa per conigli ariosa e traspirante<\/h2>\n<p>Questa <strong>borsa per conigli<\/strong> \u00e8 realizzata con materiali traspiranti che permettono all&#8217;aria di passare attraverso la borsa. Cos\u00ec il tuo coniglio non avr\u00e0 troppo caldo e potr\u00e0 respirare normalmente.<\/p>\n<h3>Trasporto confortevole<\/h3>\n<p>Questa <strong>borsa trasportino per conigli<\/strong> ha un cuscino all&#8217;interno. Per un maggiore comfort e per evitare che il tuo coniglio scivoli durante il viaggio, la borsa con il suo piccolo cuscino sar\u00e0 perfetta per lui. <strong>Morbido e lavabile<\/strong>, il cuscino \u00e8 un vero valore aggiunto in questa borsa.<\/p>\n<p><img decoding=\"async\" class=\"alignnone\" src=\"https:\/\/monlapinnain.hellodr.tech\/wp-content\/uploads\/sites\/532\/2021\/02\/Sac-de-transport-lapin-nain_600x600.jpg?v=1609233305\" alt=\"borsa trasportino per conigli\" width=\"451\" height=\"600\" \/><\/p>\n<p><strong>Caratteristiche :<\/strong><\/p>\n<p><strong>Materiali :<\/strong> Tessuto e rete<br \/>\n<strong>Dimensioni :<\/strong> L 42cm x P 20cm x A 26cm<br \/>\n<strong>Colore :<\/strong> Blu<br \/>\n<strong>Contenuto della confezione :<\/strong> Borsa + Cuscino<\/p>\n<p>Per rendere i viaggi con il tuo animale pi\u00f9 facili, sicuri e confortevoli, scopri la nostra gamma di <a href=\"https:\/\/www.bunzyland.com\/it\/trasportino-conigli\/\">borse trasportino per conigli<\/a>, progettate per viaggiare senza preoccupazioni.<\/p>\n","protected":false},"excerpt":{"rendered":"<p>La borsa giusta per conigli nani La borsa trasportino per conigli &#8220;Bunzyland&#8221; \u00e8 perfetta per trasportare il tuo amico peloso durante i viaggi o dal veterinario. La dimensione della borsa \u00e8 perfettamente adattata alla misura del tuo coniglio. Si sentir\u00e0 al sicuro e a suo agio all&#8217;interno. Una borsa per conigli ariosa e traspirante Questa [&hellip;]<\/p>\n","protected":false},"featured_media":14920,"comment_status":"closed","ping_status":"closed","template":"","meta":{"_seopress_robots_primary_cat":"none","_seopress_titles_title":"","_seopress_titles_desc":"Rabbit carrier bag, an essential accessory for transporting your rabbitou when traveling or visiting the vet.","_seopress_robots_index":""},"product_brand":[],"product_cat":[276,294,306],"product_tag":[],"class_list":{"0":"post-14919","1":"product","2":"type-product","3":"status-publish","4":"has-post-thumbnail","6":"product_cat-accessori-conigli","7":"product_cat-bunny-shop","8":"product_cat-trasportino-conigli","10":"first","11":"instock","12":"taxable","13":"shipping-taxable","14":"purchasable","15":"product-type-simple"},"_links":{"self":[{"href":"https:\/\/www.bunzyland.com\/it\/wp-json\/wp\/v2\/product\/14919","targetHints":{"allow":["GET"]}}],"collection":[{"href":"https:\/\/www.bunzyland.com\/it\/wp-json\/wp\/v2\/product"}],"about":[{"href":"https:\/\/www.bunzyland.com\/it\/wp-json\/wp\/v2\/types\/product"}],"replies":[{"embeddable":true,"href":"https:\/\/www.bunzyland.com\/it\/wp-json\/wp\/v2\/comments?post=14919"}],"wp:featuredmedia":[{"embeddable":true,"href":"https:\/\/www.bunzyland.com\/it\/wp-json\/wp\/v2\/media\/14920"}],"wp:attachment":[{"href":"https:\/\/www.bunzyland.com\/it\/wp-json\/wp\/v2\/media?parent=14919"}],"wp:term":[{"taxonomy":"product_brand","embeddable":true,"href":"https:\/\/www.bunzyland.com\/it\/wp-json\/wp\/v2\/product_brand?post=14919"},{"taxonomy":"product_cat","embeddable":true,"href":"https:\/\/www.bunzyland.com\/it\/wp-json\/wp\/v2\/product_cat?post=14919"},{"taxonomy":"product_tag","embeddable":true,"href":"https:\/\/www.bunzyland.com\/it\/wp-json\/wp\/v2\/product_tag?post=14919"}],"curies":[{"name":"wp","href":"https:\/\/api.w.org\/{rel}","templated":true}]}}