{"id":14929,"date":"2024-02-19T15:56:34","date_gmt":"2024-02-19T14:56:34","guid":{"rendered":"https:\/\/bunzyland.com\/product\/rabbit-tunnel-grey\/"},"modified":"2025-10-06T16:54:50","modified_gmt":"2025-10-06T14:54:50","slug":"tunnel-per-conigli-grigio","status":"publish","type":"product","link":"https:\/\/www.bunzyland.com\/it\/prodotto\/tunnel-per-conigli-grigio\/","title":{"rendered":"Tunnel per conigli grigio"},"content":{"rendered":"<div class=\"detail-desc-decorate-richtext\" style=\"text-align: start\">\n<h2>Il tunnel grigio per il tuo coniglio!<\/h2>\n<p>Il Tunnel Grigio per Conigli BunZyland \u00e8 il giocattolo perfetto per il tuo amico peloso. Il tuo coniglio ama nascondersi nei posti pi\u00f9 impensati? \u00c8 del tutto naturale! I conigli amano sentirsi sicuri come in una tana.<\/p>\n<p><img fetchpriority=\"high\" decoding=\"async\" class=\"alignnone wp-image-6658\" src=\"https:\/\/mon-lapinnain.com\/wp-content\/uploads\/2021\/07\/tunnel-gris-pour-lapin-jeu-mon-lapin-nain.jpg\" alt=\"tunnel per conigli\" width=\"600\" height=\"600\" \/><\/p>\n<p>Questo tunnel per conigli dar\u00e0 al tuo coniglio un senso di sicurezza e benessere. Le diverse entrate e uscite di questo tunnel sono un vero e proprio parco giochi per i tuoi coniglietti. \u00c8 l\u2019accessorio indispensabile per un coniglio felice e soddisfatto.<\/p>\n<p><img decoding=\"async\" class=\"alignnone wp-image-16547\" src=\"https:\/\/mon-lapinnain.com\/wp-content\/uploads\/2021\/07\/tunnel-gris-pour-lapin.png\" alt=\"tunnel grigio per conigli\" width=\"600\" height=\"600\" \/><\/p>\n<p>Questo <strong>tunnel<\/strong> \u00e8 il <strong>giocattolo<\/strong> perfetto per il tuo piccolo animale domestico. Il tuo coniglietto adorer\u00e0 avere un nuovo posto dove giocare restando nascosto. Pu\u00f2 anche essere usato come area per un pisolino, cos\u00ec avr\u00e0 un luogo comodo dove riposare divertendosi.<\/p>\n<h3>Un giocattolo indispensabile per conigli<\/h3>\n<p><img decoding=\"async\" class=\"alignnone wp-image-16548\" src=\"https:\/\/mon-lapinnain.com\/wp-content\/uploads\/2021\/07\/tunnel-pour-lapin-long.png\" alt=\"tunnel lungo per conigli\" width=\"600\" height=\"600\" \/><\/p>\n<p>Questo <strong>sistema di tunnel per conigli<\/strong> \u00e8 disponibile in due diverse misure: la versione piccola \u00e8 lunga 67 cm \/ 26,3&#8243; e quella grande \u00e8 lunga 1,30 m \/ 51,1&#8243;. \u00c8 realizzato con materiali resistenti e di alta qualit\u00e0, ed \u00e8 facile da pulire. Il tuo coniglietto adorer\u00e0 infilare la testolina nei diversi fori del <strong>tunnel per conigli<\/strong>. I giochi di nascondino sono infiniti!<\/p>\n<p><img loading=\"lazy\" decoding=\"async\" class=\"alignnone wp-image-16545\" src=\"https:\/\/mon-lapinnain.com\/wp-content\/uploads\/2021\/07\/tunnel-pour-lapin-pratique.png\" alt=\"tunnel pratico per conigli\" width=\"600\" height=\"600\" \/><\/p>\n<div class=\"detail-desc-decorate-richtext\" style=\"text-align: start\">\n<p><strong>Ulteriori dettagli:<\/strong><\/p>\n<\/div>\n<div class=\"detail-desc-decorate-richtext\"><strong>Dimensioni: <\/strong><\/div>\n<div class=\"detail-desc-decorate-richtext\">67 x 30 cm \/ 26,3&#8243; x 11,8&#8243;<br \/>\n<span style=\"font-size: revert;color: initial;font-family: var(--wp--preset--font-family--primary)\">oppure<br \/>\n130 x 30 cm \/ 51,1&#8243; x 11,8&#8243;<\/span><\/div>\n<div class=\"detail-desc-decorate-richtext\">\n<p><strong>Materiali:<\/strong> Tessuto di cotone<\/p>\n<p><strong>Colori:<\/strong> grigio<\/p>\n<\/div>\n<\/div>\n","protected":false},"excerpt":{"rendered":"<p>Il tunnel grigio per il tuo coniglio! Il Tunnel Grigio per Conigli BunZyland \u00e8 il giocattolo perfetto per il tuo amico peloso. Il tuo coniglio ama nascondersi nei posti pi\u00f9 impensati? \u00c8 del tutto naturale! I conigli amano sentirsi sicuri come in una tana. Questo tunnel per conigli dar\u00e0 al tuo coniglio un senso di [&hellip;]<\/p>\n","protected":false},"featured_media":14930,"comment_status":"closed","ping_status":"closed","template":"","meta":{"_seopress_robots_primary_cat":"none","_seopress_titles_title":"","_seopress_titles_desc":"Rabbit tunnel grey, this accessory will be a perfect toy for rabbit. His underground just for him, a toy he will love! Best rabbit toy !","_seopress_robots_index":""},"product_brand":[],"product_cat":[294,267,284],"product_tag":[],"class_list":{"0":"post-14929","1":"product","2":"type-product","3":"status-publish","4":"has-post-thumbnail","6":"product_cat-bunny-shop","7":"product_cat-giochi-conigli","8":"product_cat-tunnel-conigli","10":"first","11":"instock","12":"taxable","13":"shipping-taxable","14":"purchasable","15":"product-type-variable","16":"has-default-attributes"},"_links":{"self":[{"href":"https:\/\/www.bunzyland.com\/it\/wp-json\/wp\/v2\/product\/14929","targetHints":{"allow":["GET"]}}],"collection":[{"href":"https:\/\/www.bunzyland.com\/it\/wp-json\/wp\/v2\/product"}],"about":[{"href":"https:\/\/www.bunzyland.com\/it\/wp-json\/wp\/v2\/types\/product"}],"replies":[{"embeddable":true,"href":"https:\/\/www.bunzyland.com\/it\/wp-json\/wp\/v2\/comments?post=14929"}],"wp:featuredmedia":[{"embeddable":true,"href":"https:\/\/www.bunzyland.com\/it\/wp-json\/wp\/v2\/media\/14930"}],"wp:attachment":[{"href":"https:\/\/www.bunzyland.com\/it\/wp-json\/wp\/v2\/media?parent=14929"}],"wp:term":[{"taxonomy":"product_brand","embeddable":true,"href":"https:\/\/www.bunzyland.com\/it\/wp-json\/wp\/v2\/product_brand?post=14929"},{"taxonomy":"product_cat","embeddable":true,"href":"https:\/\/www.bunzyland.com\/it\/wp-json\/wp\/v2\/product_cat?post=14929"},{"taxonomy":"product_tag","embeddable":true,"href":"https:\/\/www.bunzyland.com\/it\/wp-json\/wp\/v2\/product_tag?post=14929"}],"curies":[{"name":"wp","href":"https:\/\/api.w.org\/{rel}","templated":true}]}}