{"id":14951,"date":"2024-02-19T15:56:33","date_gmt":"2024-02-19T14:56:33","guid":{"rendered":"https:\/\/bunzyland.com\/product\/xxl-rabbit-enclosure\/"},"modified":"2026-03-04T06:06:54","modified_gmt":"2026-03-04T05:06:54","slug":"recinto-xxl-per-conigli","status":"publish","type":"product","link":"https:\/\/www.bunzyland.com\/it\/prodotto\/recinto-xxl-per-conigli\/","title":{"rendered":"Recinto XXL per conigli"},"content":{"rendered":"<div class=\"detailmodule_html\">\n<div class=\"detail-desc-decorate-richtext\">\n<div class=\"custom-tempate-content\">\n<h2>Il recinto XXL per conigli: La soluzione ideale<\/h2>\n<p>Un coniglio felice \u00e8 quello che prospera nel suo ambiente. Il tuo coniglio ha bisogno di spazio per correre, giocare e vivere la sua vita in totale sicurezza. Il <strong>recinto XXL per conigli<\/strong> \u00e8 la soluzione ideale per una qualit\u00e0 della vita degna di questo nome. Questo <strong>recinto modulare<\/strong> pu\u00f2 essere facilmente assemblato su due livelli oppure su un unico livello per offrire uno spazio di corsa ancora pi\u00f9 ampio. Questo recinto per interni \u00e8 adatto anche a pi\u00f9 conigli.<\/p>\n<p><img fetchpriority=\"high\" decoding=\"async\" class=\"alignnone wp-image-16756\" src=\"https:\/\/mon-lapinnain.com\/wp-content\/uploads\/2021\/07\/enclos-pour-lapin-modulable-XL.jpg\" alt=\"Recinto XXL per conigli\" width=\"600\" height=\"600\" \/><\/p>\n<p>Il tuo coniglio non deve vivere in una gabbia! Il coniglio \u00e8 un animale che, contrariamente alla credenza popolare, ha bisogno di molto spazio.<\/p>\n<h2><img decoding=\"async\" class=\"alignnone wp-image-16755\" src=\"https:\/\/mon-lapinnain.com\/wp-content\/uploads\/2021\/07\/enclos-lapin-xxl-grand.jpg\" alt=\"Recinto per conigli\" width=\"600\" height=\"600\" \/><\/h2>\n<\/div>\n<h2><\/h2>\n<div class=\"custom-tempate-content\">\n<h2>Il recinto per conigli facile da montare<\/h2>\n<p>Il <strong>recinto XXL per conigli<\/strong> \u00e8 composto da 36 pannelli. Il montaggio \u00e8 facile e divertente grazie ai connettori forniti. Puoi anche aggiungere un tappetino di canapa cos\u00ec il tuo coniglio potr\u00e0 godersi il secondo piano del recinto. Puoi anche aggiungere accessori e una casetta per conigli in modo che il tuo coniglietto possa nascondersi e riposare in tranquillit\u00e0.<\/p>\n<p><strong>Caratteristiche :<\/strong><\/p>\n<ul>\n<li>Recinto per conigli<\/li>\n<li>Recinto modulare per conigli<\/li>\n<li>Numero di pannelli: 36 pannelli inclusi 2 grigliati<\/li>\n<li>Dimensione pannello: H 35 x L 35 cm<\/li>\n<li>Materiali: Metallo<\/li>\n<li>Colore: Nero o bianco<\/li>\n<\/ul>\n<p><img decoding=\"async\" class=\"alignnone wp-image-7399\" src=\"https:\/\/mon-lapinnain.com\/wp-content\/uploads\/2021\/07\/enclos-a\u0300-lapin.jpg\" alt=\"Recinto XXL per conigli\" width=\"600\" height=\"600\" \/><\/p>\n<\/div>\n<\/div>\n<\/div>\n","protected":false},"excerpt":{"rendered":"<ul>\n<li>Recinto modulare<\/li>\n<li>Grande recinto da gioco per conigli<\/li>\n<li>Possibilit\u00e0 di pi\u00f9 configurazioni<\/li>\n<\/ul>\n","protected":false},"featured_media":14952,"comment_status":"closed","ping_status":"closed","template":"","meta":{"_seopress_robots_primary_cat":"none","_seopress_titles_title":"","_seopress_titles_desc":"","_seopress_robots_index":""},"product_brand":[],"product_cat":[294,300],"product_tag":[],"class_list":{"0":"post-14951","1":"product","2":"type-product","3":"status-publish","4":"has-post-thumbnail","6":"product_cat-bunny-shop","7":"product_cat-recinto-conigli","8":"product_shipping_class-ne-passe-pas-en-mondial-relais","10":"first","11":"instock","12":"taxable","13":"shipping-taxable","14":"purchasable","15":"product-type-simple"},"_links":{"self":[{"href":"https:\/\/www.bunzyland.com\/it\/wp-json\/wp\/v2\/product\/14951","targetHints":{"allow":["GET"]}}],"collection":[{"href":"https:\/\/www.bunzyland.com\/it\/wp-json\/wp\/v2\/product"}],"about":[{"href":"https:\/\/www.bunzyland.com\/it\/wp-json\/wp\/v2\/types\/product"}],"replies":[{"embeddable":true,"href":"https:\/\/www.bunzyland.com\/it\/wp-json\/wp\/v2\/comments?post=14951"}],"wp:featuredmedia":[{"embeddable":true,"href":"https:\/\/www.bunzyland.com\/it\/wp-json\/wp\/v2\/media\/14952"}],"wp:attachment":[{"href":"https:\/\/www.bunzyland.com\/it\/wp-json\/wp\/v2\/media?parent=14951"}],"wp:term":[{"taxonomy":"product_brand","embeddable":true,"href":"https:\/\/www.bunzyland.com\/it\/wp-json\/wp\/v2\/product_brand?post=14951"},{"taxonomy":"product_cat","embeddable":true,"href":"https:\/\/www.bunzyland.com\/it\/wp-json\/wp\/v2\/product_cat?post=14951"},{"taxonomy":"product_tag","embeddable":true,"href":"https:\/\/www.bunzyland.com\/it\/wp-json\/wp\/v2\/product_tag?post=14951"}],"curies":[{"name":"wp","href":"https:\/\/api.w.org\/{rel}","templated":true}]}}