{"id":14967,"date":"2024-02-19T15:56:33","date_gmt":"2024-02-19T14:56:33","guid":{"rendered":"https:\/\/bunzyland.com\/product\/rabbit-snuffle-mat\/"},"modified":"2025-10-06T16:54:50","modified_gmt":"2025-10-06T14:54:50","slug":"tappetino-da-annusare-per-conigli","status":"publish","type":"product","link":"https:\/\/www.bunzyland.com\/it\/prodotto\/tappetino-da-annusare-per-conigli\/","title":{"rendered":"Tappetino da annusare per conigli"},"content":{"rendered":"<div class=\"detailmodule_html\">\n<div class=\"detail-desc-decorate-richtext\">\n<div class=\"custom-tempate-content\">\n<h2>Tappetino da scavare: Il nuovo gioco per conigli<\/h2>\n<p>Il <strong>Tappetino da Scavare<\/strong> BunZyland \u00e8 il giocattolo perfetto per tenere il tuo coniglio sempre divertito. I <strong>conigli<\/strong> sono animali curiosi per natura e adorano annusare ed esplorare tutto ci\u00f2 che li circonda. Questo <strong>gioco di ricerca<\/strong> terr\u00e0 impegnato il tuo coniglio per ore. Nascondi semplicemente qualche premietto all&#8217;interno del <strong>tappetino da scavare per conigli<\/strong> e il divertimento pu\u00f2 iniziare.<\/p>\n<p><img fetchpriority=\"high\" decoding=\"async\" class=\"alignnone wp-image-8300\" src=\"https:\/\/mon-lapinnain.com\/wp-content\/uploads\/2021\/07\/jeu-pour-lapin-2.jpg\" alt=\"giocattolo per conigli\" width=\"600\" height=\"762\" \/><\/p>\n<h2><span data-sheets-value=\"{&quot;1&quot;:2,&quot;2&quot;:&quot;rabbit enrichment&quot;}\" data-sheets-userformat=\"{&quot;2&quot;:25281,&quot;3&quot;:{&quot;1&quot;:0},&quot;9&quot;:1,&quot;10&quot;:1,&quot;12&quot;:0,&quot;16&quot;:11,&quot;17&quot;:1}\">Un gioco che contribuisce all&#8217;arricchimento del coniglio<\/span><\/h2>\n<p>Il <strong>tappetino da annusare per conigli<\/strong> \u00e8 la soluzione perfetta al problema della noia. Il tuo piccolo amico sar\u00e0 impegnato a cercare gli snack che nascondi nel tappetino e non si accorger\u00e0 nemmeno della tua lunga assenza. Questo <strong>giocattolo per conigli<\/strong> \u00e8 un\u2019attivit\u00e0 ottima per stimolare i suoi sensi e la sua intelligenza, aiutandolo a restare mentalmente sano e realizzato nella vita da coniglio. \u00c8 una grande <strong>attivit\u00e0 per conigli<\/strong> giovani, anziani e anche adulti. Ordina subito questo <strong>tappetino da foraggiamento per conigli<\/strong> per mantenere il tuo animale sano e felice!<\/p>\n<p><img decoding=\"async\" class=\"alignnone wp-image-7391\" src=\"https:\/\/mon-lapinnain.com\/wp-content\/uploads\/2021\/07\/Tapis-de-fouille-pour-lapin-2.jpg\" alt=\"tappetino da foraggiamento per conigli\" width=\"600\" height=\"600\" \/><\/p>\n<p><b>Altri dettagli su questo gioco per conigli:<\/b><\/p>\n<ul>\n<li style=\"font-weight: 400\"><span style=\"font-weight: 400\">Stimola i sensi e l&#8217;intelligenza<\/span><\/li>\n<li style=\"font-weight: 400\"><span style=\"font-weight: 400\">Preserva la sua salute mentale<\/span><\/li>\n<li style=\"font-weight: 400\"><span style=\"font-weight: 400\">Consiglio anti-ingordigia (permette al tuo coniglio di mangiare pi\u00f9 lentamente)<\/span><\/li>\n<li style=\"font-weight: 400\"><span style=\"font-weight: 400\">Dimensioni: Diametro circa 45 cm \/ 17,7&#8243;<\/span><\/li>\n<li style=\"font-weight: 400\"><span style=\"font-weight: 400\">Materiali: Feltro<\/span><\/li>\n<li style=\"font-weight: 400\"><span style=\"font-weight: 400\">Colore: Grigio e bianco<\/span><\/li>\n<\/ul>\n<\/div>\n<p>Per stimolare gli istinti naturali del tuo coniglio e incentivarlo a cercare cibo ed esplorare, scopri la nostra gamma di <a href=\"https:\/\/www.bunzyland.com\/it\/tappeto-foraggio-conigli\/\">tappetini da foraggiamento per conigli,<\/a> pensati per offrire ore di sano divertimento.<\/p>\n<\/div>\n<\/div>\n","protected":false},"excerpt":{"rendered":"<p>Tappetino da scavare: Il nuovo gioco per conigli Il Tappetino da Scavare BunZyland \u00e8 il giocattolo perfetto per tenere il tuo coniglio sempre divertito. I conigli sono animali curiosi per natura e adorano annusare ed esplorare tutto ci\u00f2 che li circonda. Questo gioco di ricerca terr\u00e0 impegnato il tuo coniglio per ore. Nascondi semplicemente qualche [&hellip;]<\/p>\n","protected":false},"featured_media":14968,"comment_status":"closed","ping_status":"closed","template":"","meta":{"_seopress_robots_primary_cat":"none","_seopress_titles_title":"","_seopress_titles_desc":"A rabbit snuffle mat is a fun way to keep your rabbit entertained. It's a perfect toy for dwarf bunny, who love to snoop and explore.","_seopress_robots_index":""},"product_brand":[],"product_cat":[294,267,282,286],"product_tag":[],"class_list":{"0":"post-14967","1":"product","2":"type-product","3":"status-publish","4":"has-post-thumbnail","6":"product_cat-bunny-shop","7":"product_cat-giochi-conigli","8":"product_cat-tappeto-conigli","9":"product_cat-tappeto-foraggio-conigli","11":"first","12":"instock","13":"taxable","14":"shipping-taxable","15":"purchasable","16":"product-type-simple"},"_links":{"self":[{"href":"https:\/\/www.bunzyland.com\/it\/wp-json\/wp\/v2\/product\/14967","targetHints":{"allow":["GET"]}}],"collection":[{"href":"https:\/\/www.bunzyland.com\/it\/wp-json\/wp\/v2\/product"}],"about":[{"href":"https:\/\/www.bunzyland.com\/it\/wp-json\/wp\/v2\/types\/product"}],"replies":[{"embeddable":true,"href":"https:\/\/www.bunzyland.com\/it\/wp-json\/wp\/v2\/comments?post=14967"}],"wp:featuredmedia":[{"embeddable":true,"href":"https:\/\/www.bunzyland.com\/it\/wp-json\/wp\/v2\/media\/14968"}],"wp:attachment":[{"href":"https:\/\/www.bunzyland.com\/it\/wp-json\/wp\/v2\/media?parent=14967"}],"wp:term":[{"taxonomy":"product_brand","embeddable":true,"href":"https:\/\/www.bunzyland.com\/it\/wp-json\/wp\/v2\/product_brand?post=14967"},{"taxonomy":"product_cat","embeddable":true,"href":"https:\/\/www.bunzyland.com\/it\/wp-json\/wp\/v2\/product_cat?post=14967"},{"taxonomy":"product_tag","embeddable":true,"href":"https:\/\/www.bunzyland.com\/it\/wp-json\/wp\/v2\/product_tag?post=14967"}],"curies":[{"name":"wp","href":"https:\/\/api.w.org\/{rel}","templated":true}]}}