{"id":14979,"date":"2024-02-19T15:56:32","date_gmt":"2024-02-19T14:56:32","guid":{"rendered":"https:\/\/bunzyland.com\/product\/rabbit-foraging-mat\/"},"modified":"2025-10-06T16:54:50","modified_gmt":"2025-10-06T14:54:50","slug":"tappetino-da-foraggiamento-per-conigli","status":"publish","type":"product","link":"https:\/\/www.bunzyland.com\/it\/prodotto\/tappetino-da-foraggiamento-per-conigli\/","title":{"rendered":"Tappetino da foraggiamento per conigli"},"content":{"rendered":"<p><\/p>\n<h2 class=\"wp-block-heading\"><b>Tappetino da foraggiamento per conigli: un gioco divertente e stimolante<\/b><\/h2>\n<p><\/p>\n<p><\/p>\n<p><span style=\"font-weight: 400\">Questo <\/span><b>tappetino da foraggiamento per conigli<\/b><span style=\"font-weight: 400\"> \u00e8 un mini orto. Dispone di diversi elementi di gioco per il tuo <\/span><b>coniglietto domestico<\/b><span style=\"font-weight: 400\">. Tutti sono in rilievo cos\u00ec puoi nascondere cibo secco o snack per il tuo <\/span><b>coniglio<\/b><span style=\"font-weight: 400\"> da cercare con l&#8217;olfatto, la ricerca e l&#8217;annusamento. Quando viene liberato in natura, il <\/span><b>coniglio nano<\/b><span style=\"font-weight: 400\"> \u00e8 in grado di trovare il cibo sotto terra grazie al suo senso dell\u2019olfatto. \u00c8 quindi importante stimolarlo!<\/span><\/p>\n<p><\/p>\n<p><\/p>\n<h2 class=\"wp-block-heading\"><img fetchpriority=\"high\" decoding=\"async\" class=\"alignnone size-full wp-image-7341\" src=\"https:\/\/mon-lapinnain.com\/wp-content\/uploads\/2021\/07\/tapis-de-fouille-lapin-jeux.gif\" alt=\"Gioco per coniglio\" width=\"400\" height=\"400\"><\/h2>\n<p><\/p>\n<p><\/p>\n<h2 class=\"wp-block-heading\"><b>Un giocattolo per conigli che soddisfa le loro esigenze<\/b><\/h2>\n<p><\/p>\n<p><\/p>\n<p><span style=\"font-weight: 400\">Il <\/span><b>tappetino da foraggiamento per conigli<\/b><span style=\"font-weight: 400\"> ha una prima striscia con cavoli con tutte le foglie in rilievo, una seconda striscia con carote, che hanno anche delle fessure per nascondigli ancora pi\u00f9 difficili da trovare! Poi c&#8217;\u00e8 una terza striscia con due pannocchie di mais e infine una striscia pi\u00f9 spessa e folta di erba con feltro verde che si solleva sopra il tappetino (circa 5 cm \/ 1,9&#8243;). \u00c8 un <\/span><b>giocattolo perfetto per conigli<\/b><span style=\"font-weight: 400\">!<\/span><\/p>\n<p><\/p>\n<p><\/p>\n<figure class=\"wp-block-image is-resized\"><img decoding=\"async\" src=\"https:\/\/mon-lapinnain.com\/wp-content\/uploads\/2021\/07\/jeu-pour-lapin.jpg\" alt=\"giocattolo per coniglio\" class=\"wp-image-7340\" style=\"width:auto;height:600px\" \/><\/figure>\n<p><\/p>\n<p><\/p>\n<p>Questo <strong>giocattolo per conigli<\/strong> \u00e8 realizzato appositamente per <strong>piccoli animali domestici<\/strong> e sar\u00e0 sicuro per il tuo <strong>coniglio<\/strong>. \u00c8 fatto di materiali durevoli e resistenti.<\/p>\n<p><\/p>\n<p><\/p>\n<p>Puoi aiutare a mantenere il tuo coniglio nano intrattenuto nascondendo i suoi snack preferiti negli angoli del tappetino! I <strong>conigli<\/strong> sono animali sociali che hanno bisogno di essere stimolati e intrattenuti, e questo gioco \u00e8 l&#8217;ideale per soddisfare le loro esigenze!<\/p>\n<p><\/p>\n<p><\/p>\n<figure class=\"wp-block-image\"><img decoding=\"async\" src=\"https:\/\/mon-lapinnain.com\/wp-content\/uploads\/2021\/07\/Tapis-de-fouille-pour-lapin.gif\" alt=\"Tappetino da foraggiamento per coniglio\" class=\"wp-image-7334\" \/><\/figure>\n<p><\/p>\n<p><\/p>\n<p><strong>Caratteristiche del tappetino da foraggiamento per conigli<\/strong><\/p>\n<p><\/p>\n<p><\/p>\n<ul class=\"wp-block-list\"><\/p>\n<li>Tappetino da foraggiamento per conigli a forma di mini orto<\/li>\n<p><\/p>\n<p><\/p>\n<li>Divertente e intrattenente<\/li>\n<p><\/p>\n<p><\/p>\n<li>Tessuto atossico, durevole e resistente<\/li>\n<p><\/p>\n<p><\/p>\n<li>Fondo antiscivolo<\/li>\n<p><\/p>\n<p><\/p>\n<li>Facile da lavare<\/li>\n<p><\/p>\n<p><\/p>\n<li>Dimensioni: Forma quadrata, il tappetino misura circa 73 cm x 73 cm \/ 28,7&#8243; x 28,7&#8243;<\/li>\n<p><\/p>\n<p><\/p>\n<li>Colore: Il fondo \u00e8 bianco e il tappetino ha diversi colori: marrone, arancione, verde e giallo.<\/li>\n<p><\/ul>\n<p><\/p>\n<p><\/p>\n<p>Per stimolare gli istinti naturali del tuo coniglio e invogliarlo alla ricerca e all\u2019esplorazione, scopri la nostra gamma di <a href=\"https:\/\/www.bunzyland.com\/it\/tappeto-foraggio-conigli\/\">tappetini da foraggiamento per conigli<\/a>, pensati per offrire ore di divertimento sano.<\/p>\n<p><\/p>\n","protected":false},"excerpt":{"rendered":"<p>Tappetino da foraggiamento per conigli: un gioco divertente e stimolante Questo tappetino da foraggiamento per conigli \u00e8 un mini orto. Dispone di diversi elementi di gioco per il tuo coniglietto domestico. Tutti sono in rilievo cos\u00ec puoi nascondere cibo secco o snack per il tuo coniglio da cercare con l&#8217;olfatto, la ricerca e l&#8217;annusamento. Quando [&hellip;]<\/p>\n","protected":false},"featured_media":14980,"comment_status":"closed","ping_status":"closed","template":"","meta":{"_seopress_robots_primary_cat":"none","_seopress_titles_title":"","_seopress_titles_desc":"Rabbit foraging mat is a fun and colourful felt toy for bunny is not only entertaining but also playful for your pet. A perfect rabbit toy!","_seopress_robots_index":""},"product_brand":[],"product_cat":[294,267,282,286],"product_tag":[],"class_list":{"0":"post-14979","1":"product","2":"type-product","3":"status-publish","4":"has-post-thumbnail","6":"product_cat-bunny-shop","7":"product_cat-giochi-conigli","8":"product_cat-tappeto-conigli","9":"product_cat-tappeto-foraggio-conigli","11":"first","12":"instock","13":"taxable","14":"shipping-taxable","15":"purchasable","16":"product-type-simple"},"_links":{"self":[{"href":"https:\/\/www.bunzyland.com\/it\/wp-json\/wp\/v2\/product\/14979","targetHints":{"allow":["GET"]}}],"collection":[{"href":"https:\/\/www.bunzyland.com\/it\/wp-json\/wp\/v2\/product"}],"about":[{"href":"https:\/\/www.bunzyland.com\/it\/wp-json\/wp\/v2\/types\/product"}],"replies":[{"embeddable":true,"href":"https:\/\/www.bunzyland.com\/it\/wp-json\/wp\/v2\/comments?post=14979"}],"wp:featuredmedia":[{"embeddable":true,"href":"https:\/\/www.bunzyland.com\/it\/wp-json\/wp\/v2\/media\/14980"}],"wp:attachment":[{"href":"https:\/\/www.bunzyland.com\/it\/wp-json\/wp\/v2\/media?parent=14979"}],"wp:term":[{"taxonomy":"product_brand","embeddable":true,"href":"https:\/\/www.bunzyland.com\/it\/wp-json\/wp\/v2\/product_brand?post=14979"},{"taxonomy":"product_cat","embeddable":true,"href":"https:\/\/www.bunzyland.com\/it\/wp-json\/wp\/v2\/product_cat?post=14979"},{"taxonomy":"product_tag","embeddable":true,"href":"https:\/\/www.bunzyland.com\/it\/wp-json\/wp\/v2\/product_tag?post=14979"}],"curies":[{"name":"wp","href":"https:\/\/api.w.org\/{rel}","templated":true}]}}