{"id":14989,"date":"2024-02-19T15:56:31","date_gmt":"2024-02-19T14:56:31","guid":{"rendered":"https:\/\/bunzyland.com\/product\/rabbit-carrier\/"},"modified":"2025-10-06T16:54:51","modified_gmt":"2025-10-06T14:54:51","slug":"trasportino-per-conigli","status":"publish","type":"product","link":"https:\/\/www.bunzyland.com\/it\/prodotto\/trasportino-per-conigli\/","title":{"rendered":"Trasportino per conigli"},"content":{"rendered":"<h2><b>Trasportino per conigli: una borsa pratica e adatta<\/b><\/h2>\n<p>Hai un coniglio e ti chiedi come portarlo in vacanza o dal veterinario? Questo <strong>trasportino per conigli<\/strong> \u00e8 la tua soluzione. \u00c8 confortevole grazie al cuscino interno in pile su cui il tuo coniglio pu\u00f2 sedersi. Dispone anche di piccole finestre a rete per la ventilazione. L\u2019aria pu\u00f2 entrare facilmente e il tuo piccolo coniglio pu\u00f2 guardare fuori. La <strong>borsa per conigli<\/strong> ha diverse aperture attraverso cui il tuo animale pu\u00f2 entrare e uscire: una grande apertura sul retro come una porta, una pi\u00f9 piccola sul lato e infine una terza apertura in alto sul <strong>trasportino per conigli<\/strong>.<\/p>\n<p><img fetchpriority=\"high\" decoding=\"async\" class=\"alignnone wp-image-8981\" src=\"https:\/\/mon-lapinnain.com\/wp-content\/uploads\/2021\/08\/sac-de-transport-lapin-1.jpg\" alt=\"Borsa trasportino per conigli\" width=\"600\" height=\"600\" \/><\/p>\n<h3><b>Un trasportino per conigli: Confortevole e facile da pulire<\/b><\/h3>\n<p>Il tappetino interno pu\u00f2 essere completamente rimosso per una facile pulizia. Il <strong>trasportino per conigli<\/strong> pu\u00f2 anche essere lavato in lavatrice. Per il trasporto, il supporto del cuscino ha due manici corti e una tracolla lunga, regolabile e rimovibile. Pu\u00f2 anche essere fissato a una valigia con ruote e il sistema di aggancio permette di assicurarlo al sedile quando si viaggia in auto.<\/p>\n<p><img decoding=\"async\" class=\"alignnone wp-image-7459\" src=\"https:\/\/mon-lapinnain.com\/wp-content\/uploads\/2021\/08\/Sac-transport-lapin-nain.jpg\" alt=\"Borsa per coniglio\" width=\"600\" height=\"413\" \/><\/p>\n<p>Inoltre, il <strong>trasportino per conigli<\/strong> \u00e8 dotato di strisce riflettenti per la sicurezza di notte.<\/p>\n<p>Infine, la <strong>borsa per conigli<\/strong> \u00e8 facile da riporre: una volta piegata, non occupa spazio quando la metti via!<\/p>\n<ul>\n<li>Tre aperture con cerniera<\/li>\n<li>Tappetino interno removibile e lavabile in lavatrice<\/li>\n<li>Manici corti + tracolla regolabile e rimovibile<\/li>\n<\/ul>\n<p><img decoding=\"async\" class=\"alignnone wp-image-8982\" src=\"https:\/\/mon-lapinnain.com\/wp-content\/uploads\/2021\/08\/sac-transport-lapin-1.jpg\" alt=\"Trasportino per conigli\" width=\"600\" height=\"600\" \/><\/p>\n<p><b>Maggiori dettagli :<\/b><\/p>\n<p>Taglia unica: \u00e8 lungo 44,5 cm, largo 24 cm e alto 28 cm (17,5&#8243; x 9,4&#8243; x 11&#8243;). Si consiglia di scegliere un <strong>trasportino per conigli<\/strong> che sia pi\u00f9 piccolo del luogo abituale in cui il tuo coniglio soggiorna. Deve comunque essere abbastanza grande affinch\u00e9 il tuo animale possa sdraiarsi comodamente e sentirsi a suo agio.<\/p>\n<p>1 Colore: Grigio, nero e marrone<\/p>\n","protected":false},"excerpt":{"rendered":"<ul>\n<li style=\"font-weight: 400\"><span style=\"font-weight: 400\">Trasportino per conigli<\/span><\/li>\n<li style=\"font-weight: 400\"><span style=\"font-weight: 400\">Confortevole<\/span><\/li>\n<li style=\"font-weight: 400\"><span style=\"font-weight: 400\">Per i viaggi<\/span><\/li>\n<\/ul>\n","protected":false},"featured_media":14990,"comment_status":"closed","ping_status":"closed","template":"","meta":{"_seopress_robots_primary_cat":"none","_seopress_titles_title":"","_seopress_titles_desc":"The Rabbit carrier is a comfortable and stylish rabbit carrier bag. Your bunny will find it a safe haven on all your travels!","_seopress_robots_index":""},"product_brand":[],"product_cat":[276,294,306],"product_tag":[],"class_list":{"0":"post-14989","1":"product","2":"type-product","3":"status-publish","4":"has-post-thumbnail","6":"product_cat-accessori-conigli","7":"product_cat-bunny-shop","8":"product_cat-trasportino-conigli","9":"product_shipping_class-ok-mondial-relais","11":"first","12":"instock","13":"taxable","14":"shipping-taxable","15":"purchasable","16":"product-type-simple"},"_links":{"self":[{"href":"https:\/\/www.bunzyland.com\/it\/wp-json\/wp\/v2\/product\/14989","targetHints":{"allow":["GET"]}}],"collection":[{"href":"https:\/\/www.bunzyland.com\/it\/wp-json\/wp\/v2\/product"}],"about":[{"href":"https:\/\/www.bunzyland.com\/it\/wp-json\/wp\/v2\/types\/product"}],"replies":[{"embeddable":true,"href":"https:\/\/www.bunzyland.com\/it\/wp-json\/wp\/v2\/comments?post=14989"}],"wp:featuredmedia":[{"embeddable":true,"href":"https:\/\/www.bunzyland.com\/it\/wp-json\/wp\/v2\/media\/14990"}],"wp:attachment":[{"href":"https:\/\/www.bunzyland.com\/it\/wp-json\/wp\/v2\/media?parent=14989"}],"wp:term":[{"taxonomy":"product_brand","embeddable":true,"href":"https:\/\/www.bunzyland.com\/it\/wp-json\/wp\/v2\/product_brand?post=14989"},{"taxonomy":"product_cat","embeddable":true,"href":"https:\/\/www.bunzyland.com\/it\/wp-json\/wp\/v2\/product_cat?post=14989"},{"taxonomy":"product_tag","embeddable":true,"href":"https:\/\/www.bunzyland.com\/it\/wp-json\/wp\/v2\/product_tag?post=14989"}],"curies":[{"name":"wp","href":"https:\/\/api.w.org\/{rel}","templated":true}]}}